{"id":3731,"date":"2023-09-19T13:29:13","date_gmt":"2023-09-19T13:29:13","guid":{"rendered":"https:\/\/payfa.org\/unsere-geschichte\/"},"modified":"2024-02-04T16:52:17","modified_gmt":"2024-02-04T16:52:17","slug":"unsere-geschichte","status":"publish","type":"page","link":"https:\/\/payfa.org\/de\/unsere-geschichte\/","title":{"rendered":"Unsere Geschichte"},"content":{"rendered":"\t\t<div data-elementor-type=\"wp-page\" data-elementor-id=\"3731\" class=\"elementor elementor-3731 elementor-293\">\n\t\t\t\t<div class=\"elementor-element elementor-element-9136eb1 e-grid e-con-full wpr-particle-no wpr-jarallax-no wpr-parallax-no wpr-sticky-section-no e-con e-parent\" data-id=\"9136eb1\" data-element_type=\"container\" data-settings=\"{&quot;background_background&quot;:&quot;classic&quot;}\">\n\t\t<div class=\"elementor-element elementor-element-2342e9f e-grid e-con-boxed wpr-particle-no wpr-jarallax-no wpr-parallax-no wpr-sticky-section-no e-con e-child\" data-id=\"2342e9f\" data-element_type=\"container\">\n\t\t\t\t\t<div class=\"e-con-inner\">\n\t\t\t\t<div class=\"elementor-element elementor-element-5122b2c elementor-widget elementor-widget-heading\" data-id=\"5122b2c\" data-element_type=\"widget\" data-widget_type=\"heading.default\">\n\t\t\t\t<div class=\"elementor-widget-container\">\n\t\t\t\t\t<h2 class=\"elementor-heading-title elementor-size-default\">\u00dcber uns: Unsere Geschichte<\/h2>\t\t\t\t<\/div>\n\t\t\t\t<\/div>\n\t\t\t\t\t<\/div>\n\t\t\t\t<\/div>\n\t\t\t\t<\/div>\n\t\t\t\t<section class=\"elementor-section elementor-top-section elementor-element elementor-element-37c5f790 elementor-section-stretched elementor-section-full_width elementor-reverse-mobile elementor-section-height-default elementor-section-height-default wpr-particle-no wpr-jarallax-no wpr-parallax-no wpr-sticky-section-no\" data-id=\"37c5f790\" data-element_type=\"section\" data-settings=\"{&quot;stretch_section&quot;:&quot;section-stretched&quot;,&quot;background_background&quot;:&quot;classic&quot;}\">\n\t\t\t\t\t\t<div class=\"elementor-container elementor-column-gap-narrow\">\n\t\t\t\t\t<div class=\"elementor-column elementor-col-50 elementor-top-column elementor-element elementor-element-43b042f\" data-id=\"43b042f\" data-element_type=\"column\">\n\t\t\t<div class=\"elementor-widget-wrap elementor-element-populated\">\n\t\t\t\t\t\t<section class=\"elementor-section elementor-inner-section elementor-element elementor-element-2fcef7b elementor-section-boxed elementor-section-height-default elementor-section-height-default wpr-particle-no wpr-jarallax-no wpr-parallax-no wpr-sticky-section-no\" data-id=\"2fcef7b\" data-element_type=\"section\">\n\t\t\t\t\t\t<div class=\"elementor-container elementor-column-gap-default\">\n\t\t\t\t\t<div class=\"elementor-column elementor-col-100 elementor-inner-column elementor-element elementor-element-12b7919a\" data-id=\"12b7919a\" data-element_type=\"column\">\n\t\t\t<div class=\"elementor-widget-wrap elementor-element-populated\">\n\t\t\t\t\t\t<div class=\"elementor-element elementor-element-6a1606e elementor-widget elementor-widget-heading\" data-id=\"6a1606e\" data-element_type=\"widget\" data-widget_type=\"heading.default\">\n\t\t\t\t<div class=\"elementor-widget-container\">\n\t\t\t\t\t<h2 class=\"elementor-heading-title elementor-size-default\">Wie alles begann<\/h2>\t\t\t\t<\/div>\n\t\t\t\t<\/div>\n\t\t\t\t<div class=\"elementor-element elementor-element-7ae582dd elementor-widget elementor-widget-heading\" data-id=\"7ae582dd\" data-element_type=\"widget\" data-widget_type=\"heading.default\">\n\t\t\t\t<div class=\"elementor-widget-container\">\n\t\t\t\t\t<h2 class=\"elementor-heading-title elementor-size-default\">Der Panarmenische Fu\u00dfballverband (PAYFA) wurde gegr\u00fcndet<\/h2>\t\t\t\t<\/div>\n\t\t\t\t<\/div>\n\t\t\t\t<div class=\"elementor-element elementor-element-4a668386 elementor-widget-divider--view-line elementor-widget elementor-widget-divider\" data-id=\"4a668386\" data-element_type=\"widget\" data-widget_type=\"divider.default\">\n\t\t\t\t<div class=\"elementor-widget-container\">\n\t\t\t\t\t\t\t<div class=\"elementor-divider\">\n\t\t\t<span class=\"elementor-divider-separator\">\n\t\t\t\t\t\t<\/span>\n\t\t<\/div>\n\t\t\t\t\t\t<\/div>\n\t\t\t\t<\/div>\n\t\t\t\t<div class=\"elementor-element elementor-element-336a35d7 elementor-widget elementor-widget-text-editor\" data-id=\"336a35d7\" data-element_type=\"widget\" data-widget_type=\"text-editor.default\">\n\t\t\t\t<div class=\"elementor-widget-container\">\n\t\t\t\t\t\t\t\t\t<p>Die Pan-Armenian Football Association (PAYFA) wurde in S\u00fcdkalifornien von armenischen Amerikanern gegr\u00fcndet, die ihre Verpflichtung gegen\u00fcber ihrem Heimatland Armenien mit ihrer Leidenschaft f\u00fcr den Fu\u00dfball, der gemeinhin als das &#8222;sch\u00f6ne Spiel&#8220; bezeichnet wird, verbinden wollten.<\/p>\n\t\t\t\t\t\t\t\t<\/div>\n\t\t\t\t<\/div>\n\t\t\t\t<div class=\"elementor-element elementor-element-d7c85bd elementor-widget elementor-widget-text-editor\" data-id=\"d7c85bd\" data-element_type=\"widget\" data-widget_type=\"text-editor.default\">\n\t\t\t\t<div class=\"elementor-widget-container\">\n\t\t\t\t\t\t\t\t\t<p>Der Eckpfeiler der Rolle von PAYFA ist es, junge Spieler armenischer Abstammung zu ermutigen und ihnen zu helfen, ihre Tr\u00e4ume von einer m\u00f6glichen Profikarriere oder von einer Karriere auf College-Ebene zu verfolgen. Mit diesem Ziel vor Augen werden wir m\u00f6glichst viele unserer pers\u00f6nlichen und gemeinschaftlichen Ressourcen nutzen, um ein globales Netzwerk von talentierten armenischen Jugendspielern zu finden.<\/p>\n\t\t\t\t\t\t\t\t<\/div>\n\t\t\t\t<\/div>\n\t\t\t\t\t<\/div>\n\t\t<\/div>\n\t\t\t\t\t<\/div>\n\t\t<\/section>\n\t\t\t\t\t<\/div>\n\t\t<\/div>\n\t\t\t\t<div class=\"elementor-column elementor-col-50 elementor-top-column elementor-element elementor-element-168d5a7e\" data-id=\"168d5a7e\" data-element_type=\"column\" data-settings=\"{&quot;background_background&quot;:&quot;classic&quot;}\">\n\t\t\t<div class=\"elementor-widget-wrap elementor-element-populated\">\n\t\t\t\t\t\t<div class=\"elementor-element elementor-element-53627be9 elementor-widget elementor-widget-spacer\" data-id=\"53627be9\" data-element_type=\"widget\" data-widget_type=\"spacer.default\">\n\t\t\t\t<div class=\"elementor-widget-container\">\n\t\t\t\t\t\t\t<div class=\"elementor-spacer\">\n\t\t\t<div class=\"elementor-spacer-inner\"><\/div>\n\t\t<\/div>\n\t\t\t\t\t\t<\/div>\n\t\t\t\t<\/div>\n\t\t\t\t\t<\/div>\n\t\t<\/div>\n\t\t\t\t\t<\/div>\n\t\t<\/section>\n\t\t\t\t<section class=\"elementor-section elementor-top-section elementor-element elementor-element-58ded0c elementor-section-stretched elementor-section-full_width elementor-section-content-middle elementor-section-height-default elementor-section-height-default wpr-particle-no wpr-jarallax-no wpr-parallax-no wpr-sticky-section-no\" data-id=\"58ded0c\" data-element_type=\"section\" data-settings=\"{&quot;stretch_section&quot;:&quot;section-stretched&quot;,&quot;background_background&quot;:&quot;classic&quot;}\">\n\t\t\t\t\t\t<div class=\"elementor-container elementor-column-gap-wider\">\n\t\t\t\t\t<div class=\"elementor-column elementor-col-50 elementor-top-column elementor-element elementor-element-4130351\" data-id=\"4130351\" data-element_type=\"column\" data-settings=\"{&quot;background_background&quot;:&quot;classic&quot;}\">\n\t\t\t<div class=\"elementor-widget-wrap elementor-element-populated\">\n\t\t\t\t\t\t<div class=\"elementor-element elementor-element-7ea50ef elementor-widget elementor-widget-spacer\" data-id=\"7ea50ef\" data-element_type=\"widget\" data-widget_type=\"spacer.default\">\n\t\t\t\t<div class=\"elementor-widget-container\">\n\t\t\t\t\t\t\t<div class=\"elementor-spacer\">\n\t\t\t<div class=\"elementor-spacer-inner\"><\/div>\n\t\t<\/div>\n\t\t\t\t\t\t<\/div>\n\t\t\t\t<\/div>\n\t\t\t\t\t<\/div>\n\t\t<\/div>\n\t\t\t\t<div class=\"elementor-column elementor-col-50 elementor-top-column elementor-element elementor-element-df5ffed\" data-id=\"df5ffed\" data-element_type=\"column\">\n\t\t\t<div class=\"elementor-widget-wrap elementor-element-populated\">\n\t\t\t\t\t\t<section class=\"elementor-section elementor-inner-section elementor-element elementor-element-c3e9ae3 elementor-section-boxed elementor-section-height-default elementor-section-height-default wpr-particle-no wpr-jarallax-no wpr-parallax-no wpr-sticky-section-no\" data-id=\"c3e9ae3\" data-element_type=\"section\">\n\t\t\t\t\t\t<div class=\"elementor-container elementor-column-gap-default\">\n\t\t\t\t\t<div class=\"elementor-column elementor-col-100 elementor-inner-column elementor-element elementor-element-bbb710f\" data-id=\"bbb710f\" data-element_type=\"column\">\n\t\t\t<div class=\"elementor-widget-wrap elementor-element-populated\">\n\t\t\t\t\t\t<div class=\"elementor-element elementor-element-394db28 elementor-widget elementor-widget-heading\" data-id=\"394db28\" data-element_type=\"widget\" data-widget_type=\"heading.default\">\n\t\t\t\t<div class=\"elementor-widget-container\">\n\t\t\t\t\t<h2 class=\"elementor-heading-title elementor-size-default\">Wie alles begann<\/h2>\t\t\t\t<\/div>\n\t\t\t\t<\/div>\n\t\t\t\t<div class=\"elementor-element elementor-element-3968337 elementor-widget elementor-widget-heading\" data-id=\"3968337\" data-element_type=\"widget\" data-widget_type=\"heading.default\">\n\t\t\t\t<div class=\"elementor-widget-container\">\n\t\t\t\t\t<h2 class=\"elementor-heading-title elementor-size-default\">Unser Auftrag<\/h2>\t\t\t\t<\/div>\n\t\t\t\t<\/div>\n\t\t\t\t<div class=\"elementor-element elementor-element-eab01dd elementor-widget-divider--view-line elementor-widget elementor-widget-divider\" data-id=\"eab01dd\" data-element_type=\"widget\" data-widget_type=\"divider.default\">\n\t\t\t\t<div class=\"elementor-widget-container\">\n\t\t\t\t\t\t\t<div class=\"elementor-divider\">\n\t\t\t<span class=\"elementor-divider-separator\">\n\t\t\t\t\t\t<\/span>\n\t\t<\/div>\n\t\t\t\t\t\t<\/div>\n\t\t\t\t<\/div>\n\t\t\t\t<div class=\"elementor-element elementor-element-059615a elementor-widget elementor-widget-text-editor\" data-id=\"059615a\" data-element_type=\"widget\" data-widget_type=\"text-editor.default\">\n\t\t\t\t<div class=\"elementor-widget-container\">\n\t\t\t\t\t\t\t\t\t<p>Eine unserer wichtigsten Aufgaben ist es, armenische Spitzenspieler in der Diaspora zu identifizieren und sie dem armenischen Fu\u00dfballverband (FFA) vorzustellen. Diese einmalige Gelegenheit k\u00f6nnte einige dieser hochkar\u00e4tigen Spieler dazu bringen, f\u00fcr armenische Jugendnationalmannschaften international Fu\u00dfball zu spielen. Wir sind in der gl\u00fccklichen Lage, eine offizielle Partnerschaft mit der FFA einzugehen, um diese Spieler aus aller Welt zu entdecken, zu bewerten und in das Netzwerk der FFA aufzunehmen.<\/p>\n<p>Wir sind der Meinung, dass die M\u00f6glichkeit, armenische Spieler mit Wohnsitz in den USA f\u00fcr die FFA zu identifizieren und zu f\u00f6rdern, nicht nur eine enorme Chance f\u00fcr die jungen Spieler darstellt, sondern auch der FFA und den lokalen Fu\u00dfballakademien zugute kommen wird, die an der Ausbildung und Entwicklung dieser Spieler beteiligt sind.<\/p>\n\t\t\t\t\t\t\t\t<\/div>\n\t\t\t\t<\/div>\n\t\t\t\t\t<\/div>\n\t\t<\/div>\n\t\t\t\t\t<\/div>\n\t\t<\/section>\n\t\t\t\t\t<\/div>\n\t\t<\/div>\n\t\t\t\t\t<\/div>\n\t\t<\/section>\n\t\t\t\t<section class=\"elementor-section elementor-top-section elementor-element elementor-element-292e1c7 elementor-section-stretched elementor-section-full_width elementor-reverse-mobile elementor-section-height-default elementor-section-height-default wpr-particle-no wpr-jarallax-no wpr-parallax-no wpr-sticky-section-no\" data-id=\"292e1c7\" data-element_type=\"section\" data-settings=\"{&quot;stretch_section&quot;:&quot;section-stretched&quot;,&quot;background_background&quot;:&quot;classic&quot;}\">\n\t\t\t\t\t\t<div class=\"elementor-container elementor-column-gap-narrow\">\n\t\t\t\t\t<div class=\"elementor-column elementor-col-50 elementor-top-column elementor-element elementor-element-c5e12e7\" data-id=\"c5e12e7\" data-element_type=\"column\">\n\t\t\t<div class=\"elementor-widget-wrap elementor-element-populated\">\n\t\t\t\t\t\t<section class=\"elementor-section elementor-inner-section elementor-element elementor-element-eb9694a elementor-section-boxed elementor-section-height-default elementor-section-height-default wpr-particle-no wpr-jarallax-no wpr-parallax-no wpr-sticky-section-no\" data-id=\"eb9694a\" data-element_type=\"section\">\n\t\t\t\t\t\t<div class=\"elementor-container elementor-column-gap-default\">\n\t\t\t\t\t<div class=\"elementor-column elementor-col-100 elementor-inner-column elementor-element elementor-element-0fa5813\" data-id=\"0fa5813\" data-element_type=\"column\">\n\t\t\t<div class=\"elementor-widget-wrap elementor-element-populated\">\n\t\t\t\t\t\t<div class=\"elementor-element elementor-element-c62d4c4 elementor-widget elementor-widget-heading\" data-id=\"c62d4c4\" data-element_type=\"widget\" data-widget_type=\"heading.default\">\n\t\t\t\t<div class=\"elementor-widget-container\">\n\t\t\t\t\t<h2 class=\"elementor-heading-title elementor-size-default\">Welche M\u00f6glichkeiten wir bieten<\/h2>\t\t\t\t<\/div>\n\t\t\t\t<\/div>\n\t\t\t\t<div class=\"elementor-element elementor-element-a97a52c elementor-widget elementor-widget-heading\" data-id=\"a97a52c\" data-element_type=\"widget\" data-widget_type=\"heading.default\">\n\t\t\t\t<div class=\"elementor-widget-container\">\n\t\t\t\t\t<h2 class=\"elementor-heading-title elementor-size-default\">Was bekommen die Spieler<\/h2>\t\t\t\t<\/div>\n\t\t\t\t<\/div>\n\t\t\t\t<div class=\"elementor-element elementor-element-038a72d elementor-widget-divider--view-line elementor-widget elementor-widget-divider\" data-id=\"038a72d\" data-element_type=\"widget\" data-widget_type=\"divider.default\">\n\t\t\t\t<div class=\"elementor-widget-container\">\n\t\t\t\t\t\t\t<div class=\"elementor-divider\">\n\t\t\t<span class=\"elementor-divider-separator\">\n\t\t\t\t\t\t<\/span>\n\t\t<\/div>\n\t\t\t\t\t\t<\/div>\n\t\t\t\t<\/div>\n\t\t\t\t<div class=\"elementor-element elementor-element-6cda838 elementor-widget elementor-widget-text-editor\" data-id=\"6cda838\" data-element_type=\"widget\" data-widget_type=\"text-editor.default\">\n\t\t\t\t<div class=\"elementor-widget-container\">\n\t\t\t\t\t\t\t\t\tDie Vorteile f\u00fcr die ausgew\u00e4hlten Akteure sind vielf\u00e4ltig:\n<br><br>\n<ul>\n<li>Entwicklung zu einem Spieler, der sich mit den besten Spielern seiner Altersgruppe messen kann, <\/li>\n<li>die M\u00f6glichkeit, internationale Reisen und Wettk\u00e4mpfe auf h\u00f6chstem Niveau hinzuzuf\u00fcgen,<\/li>\n<li>Kontakt zu den besten Fu\u00dfballvereinen der Welt und professionellen Scouts,<\/li>\n<li>Gelegenheit, Armenien zu vertreten,<\/li>\n<li>und nicht zuletzt der Kontakt zu den besten Hochschulkandidaten.<\/li>\n<\/ul>\n<br>\n\nAngesichts des Erfolgs dieses Programms m\u00f6chten wir dieses Modell f\u00fcr die Rekrutierung armenischer Spieler auch auf andere L\u00e4nder \u00fcbertragen. PAYFA ist eine 501(3)c Non-Profit-Organisation, und alle Spenden zur Erf\u00fcllung unseres Auftrags sind erw\u00fcnscht und werden gesch\u00e4tzt.\t\t\t\t\t\t\t\t<\/div>\n\t\t\t\t<\/div>\n\t\t\t\t\t<\/div>\n\t\t<\/div>\n\t\t\t\t\t<\/div>\n\t\t<\/section>\n\t\t\t\t\t<\/div>\n\t\t<\/div>\n\t\t\t\t<div class=\"elementor-column elementor-col-50 elementor-top-column elementor-element elementor-element-c1f04ed\" data-id=\"c1f04ed\" data-element_type=\"column\" data-settings=\"{&quot;background_background&quot;:&quot;classic&quot;}\">\n\t\t\t<div class=\"elementor-widget-wrap elementor-element-populated\">\n\t\t\t\t\t\t<div class=\"elementor-element elementor-element-3acb17a elementor-widget elementor-widget-spacer\" data-id=\"3acb17a\" data-element_type=\"widget\" data-widget_type=\"spacer.default\">\n\t\t\t\t<div class=\"elementor-widget-container\">\n\t\t\t\t\t\t\t<div class=\"elementor-spacer\">\n\t\t\t<div class=\"elementor-spacer-inner\"><\/div>\n\t\t<\/div>\n\t\t\t\t\t\t<\/div>\n\t\t\t\t<\/div>\n\t\t\t\t\t<\/div>\n\t\t<\/div>\n\t\t\t\t\t<\/div>\n\t\t<\/section>\n\t\t\t\t<\/div>\n\t\t","protected":false},"excerpt":{"rendered":"<p>\u00dcber uns: Unsere Geschichte Wie alles begann Der Panarmenische Fu\u00dfballverband (PAYFA) wurde gegr\u00fcndet Die Pan-Armenian Football Association (PAYFA) wurde in S\u00fcdkalifornien von armenischen Amerikanern gegr\u00fcndet, die ihre Verpflichtung gegen\u00fcber ihrem Heimatland Armenien mit ihrer Leidenschaft f\u00fcr den Fu\u00dfball, der gemeinhin als das &#8222;sch\u00f6ne Spiel&#8220; bezeichnet wird, verbinden wollten. Der Eckpfeiler der Rolle von PAYFA ist es, junge Spieler armenischer Abstammung zu ermutigen und ihnen zu helfen, ihre Tr\u00e4ume von einer m\u00f6glichen Profikarriere oder von einer Karriere auf College-Ebene zu verfolgen. Mit diesem Ziel vor Augen werden wir m\u00f6glichst viele unserer pers\u00f6nlichen und gemeinschaftlichen Ressourcen nutzen, um ein globales Netzwerk von talentierten armenischen Jugendspielern zu finden. Wie alles begann Unser Auftrag Eine unserer wichtigsten Aufgaben ist es, armenische Spitzenspieler in der Diaspora zu identifizieren und sie dem armenischen Fu\u00dfballverband (FFA) vorzustellen. Diese einmalige Gelegenheit k\u00f6nnte einige dieser hochkar\u00e4tigen Spieler dazu bringen, f\u00fcr armenische Jugendnationalmannschaften international Fu\u00dfball zu spielen. Wir sind in der gl\u00fccklichen Lage, eine offizielle Partnerschaft mit der FFA einzugehen, um diese Spieler aus aller Welt zu entdecken, zu bewerten und in das Netzwerk der FFA aufzunehmen. Wir sind der Meinung, dass die M\u00f6glichkeit, armenische Spieler mit Wohnsitz in den USA f\u00fcr die FFA zu identifizieren und zu f\u00f6rdern, nicht nur eine enorme Chance f\u00fcr die jungen Spieler darstellt, sondern auch der FFA und den lokalen Fu\u00dfballakademien zugute kommen wird, die an der Ausbildung und Entwicklung dieser Spieler beteiligt sind. Welche M\u00f6glichkeiten wir bieten Was bekommen die Spieler Die Vorteile f\u00fcr die ausgew\u00e4hlten Akteure sind vielf\u00e4ltig: Entwicklung zu einem Spieler, der sich mit den besten Spielern seiner Altersgruppe messen kann, die M\u00f6glichkeit, internationale Reisen und Wettk\u00e4mpfe auf h\u00f6chstem Niveau hinzuzuf\u00fcgen, Kontakt zu den besten Fu\u00dfballvereinen der Welt und professionellen Scouts, Gelegenheit, Armenien zu vertreten, und nicht zuletzt der Kontakt zu den besten Hochschulkandidaten. Angesichts des Erfolgs dieses Programms m\u00f6chten wir dieses Modell f\u00fcr die Rekrutierung armenischer Spieler auch auf andere L\u00e4nder \u00fcbertragen. PAYFA ist eine 501(3)c Non-Profit-Organisation, und alle Spenden zur Erf\u00fcllung unseres Auftrags sind erw\u00fcnscht und werden gesch\u00e4tzt.<\/p>\n","protected":false},"author":1,"featured_media":3542,"parent":0,"menu_order":0,"comment_status":"closed","ping_status":"closed","template":"elementor_header_footer","meta":{"give_campaign_id":0,"inline_featured_image":false,"footnotes":""},"class_list":["post-3731","page","type-page","status-publish","has-post-thumbnail","hentry"],"campaignId":"","_links":{"self":[{"href":"https:\/\/payfa.org\/de\/wp-json\/wp\/v2\/pages\/3731","targetHints":{"allow":["GET"]}}],"collection":[{"href":"https:\/\/payfa.org\/de\/wp-json\/wp\/v2\/pages"}],"about":[{"href":"https:\/\/payfa.org\/de\/wp-json\/wp\/v2\/types\/page"}],"author":[{"embeddable":true,"href":"https:\/\/payfa.org\/de\/wp-json\/wp\/v2\/users\/1"}],"replies":[{"embeddable":true,"href":"https:\/\/payfa.org\/de\/wp-json\/wp\/v2\/comments?post=3731"}],"version-history":[{"count":3,"href":"https:\/\/payfa.org\/de\/wp-json\/wp\/v2\/pages\/3731\/revisions"}],"predecessor-version":[{"id":3737,"href":"https:\/\/payfa.org\/de\/wp-json\/wp\/v2\/pages\/3731\/revisions\/3737"}],"wp:featuredmedia":[{"embeddable":true,"href":"https:\/\/payfa.org\/de\/wp-json\/wp\/v2\/media\/3542"}],"wp:attachment":[{"href":"https:\/\/payfa.org\/de\/wp-json\/wp\/v2\/media?parent=3731"}],"curies":[{"name":"wp","href":"https:\/\/api.w.org\/{rel}","templated":true}]}}