{"id":3841,"date":"2023-09-23T22:10:38","date_gmt":"2023-09-23T22:10:38","guid":{"rendered":"https:\/\/payfa.org\/was-wir-tun\/"},"modified":"2024-02-04T17:45:57","modified_gmt":"2024-02-04T17:45:57","slug":"was-wir-tun","status":"publish","type":"page","link":"https:\/\/payfa.org\/de\/was-wir-tun\/","title":{"rendered":"Was wir tun"},"content":{"rendered":"\t\t<div data-elementor-type=\"wp-page\" data-elementor-id=\"3841\" class=\"elementor elementor-3841 elementor-451\">\n\t\t\t\t<div class=\"elementor-element elementor-element-380147e4 e-grid e-con-full wpr-particle-no wpr-jarallax-no wpr-parallax-no wpr-sticky-section-no e-con e-parent\" data-id=\"380147e4\" data-element_type=\"container\" data-settings=\"{&quot;background_background&quot;:&quot;classic&quot;}\">\n\t\t<div class=\"elementor-element elementor-element-6502e794 e-grid e-con-boxed wpr-particle-no wpr-jarallax-no wpr-parallax-no wpr-sticky-section-no e-con e-child\" data-id=\"6502e794\" data-element_type=\"container\">\n\t\t\t\t\t<div class=\"e-con-inner\">\n\t\t\t\t<div class=\"elementor-element elementor-element-3f4f6078 elementor-widget elementor-widget-heading\" data-id=\"3f4f6078\" data-element_type=\"widget\" data-widget_type=\"heading.default\">\n\t\t\t\t<div class=\"elementor-widget-container\">\n\t\t\t\t\t<h2 class=\"elementor-heading-title elementor-size-default\">\u00dcber uns: Was wir tun<\/h2>\t\t\t\t<\/div>\n\t\t\t\t<\/div>\n\t\t\t\t\t<\/div>\n\t\t\t\t<\/div>\n\t\t\t\t<\/div>\n\t\t\t\t<section class=\"elementor-section elementor-top-section elementor-element elementor-element-25bbd395 elementor-section-content-middle elementor-section-stretched elementor-section-height-min-height elementor-section-boxed elementor-section-height-default elementor-section-items-middle wpr-particle-no wpr-jarallax-no wpr-parallax-no wpr-sticky-section-no\" data-id=\"25bbd395\" data-element_type=\"section\" id=\"about\" data-settings=\"{&quot;stretch_section&quot;:&quot;section-stretched&quot;,&quot;background_background&quot;:&quot;classic&quot;}\">\n\t\t\t\t\t\t<div class=\"elementor-container elementor-column-gap-default\">\n\t\t\t\t\t<div class=\"elementor-column elementor-col-100 elementor-top-column elementor-element elementor-element-5562daf2\" data-id=\"5562daf2\" data-element_type=\"column\">\n\t\t\t<div class=\"elementor-widget-wrap elementor-element-populated\">\n\t\t\t\t\t\t<section class=\"elementor-section elementor-inner-section elementor-element elementor-element-2cb55226 elementor-section-boxed elementor-section-height-default elementor-section-height-default wpr-particle-no wpr-jarallax-no wpr-parallax-no wpr-sticky-section-no\" data-id=\"2cb55226\" data-element_type=\"section\">\n\t\t\t\t\t\t<div class=\"elementor-container elementor-column-gap-default\">\n\t\t\t\t\t<div class=\"elementor-column elementor-col-100 elementor-inner-column elementor-element elementor-element-3e048623\" data-id=\"3e048623\" data-element_type=\"column\">\n\t\t\t<div class=\"elementor-widget-wrap elementor-element-populated\">\n\t\t\t\t\t\t<div class=\"elementor-element elementor-element-3c209b4c elementor-widget elementor-widget-heading\" data-id=\"3c209b4c\" data-element_type=\"widget\" data-widget_type=\"heading.default\">\n\t\t\t\t<div class=\"elementor-widget-container\">\n\t\t\t\t\t<h2 class=\"elementor-heading-title elementor-size-default\">Verfolgen Sie Ihren Traum vom Fu\u00dfball als m\u00f6gliche Profikarriere oder als Spiel auf College-Ebene<\/h2>\t\t\t\t<\/div>\n\t\t\t\t<\/div>\n\t\t\t\t<div class=\"elementor-element elementor-element-3ebb0937 elementor-widget elementor-widget-heading\" data-id=\"3ebb0937\" data-element_type=\"widget\" data-widget_type=\"heading.default\">\n\t\t\t\t<div class=\"elementor-widget-container\">\n\t\t\t\t\t<h2 class=\"elementor-heading-title elementor-size-default\">Was wir tun<\/h2>\t\t\t\t<\/div>\n\t\t\t\t<\/div>\n\t\t\t\t\t<\/div>\n\t\t<\/div>\n\t\t\t\t\t<\/div>\n\t\t<\/section>\n\t\t\t\t<section class=\"elementor-section elementor-inner-section elementor-element elementor-element-4479d7d8 elementor-section-boxed elementor-section-height-default elementor-section-height-default wpr-particle-no wpr-jarallax-no wpr-parallax-no wpr-sticky-section-no\" data-id=\"4479d7d8\" data-element_type=\"section\">\n\t\t\t\t\t\t<div class=\"elementor-container elementor-column-gap-no\">\n\t\t\t\t\t<div class=\"elementor-column elementor-col-100 elementor-inner-column elementor-element elementor-element-1e92d833\" data-id=\"1e92d833\" data-element_type=\"column\">\n\t\t\t<div class=\"elementor-widget-wrap elementor-element-populated\">\n\t\t\t\t\t\t<div class=\"elementor-element elementor-element-7f2c345d elementor-widget-divider--view-line elementor-widget elementor-widget-divider\" data-id=\"7f2c345d\" data-element_type=\"widget\" data-widget_type=\"divider.default\">\n\t\t\t\t<div class=\"elementor-widget-container\">\n\t\t\t\t\t\t\t<div class=\"elementor-divider\">\n\t\t\t<span class=\"elementor-divider-separator\">\n\t\t\t\t\t\t<\/span>\n\t\t<\/div>\n\t\t\t\t\t\t<\/div>\n\t\t\t\t<\/div>\n\t\t\t\t<div class=\"elementor-element elementor-element-552dfa06 elementor-widget elementor-widget-text-editor\" data-id=\"552dfa06\" data-element_type=\"widget\" data-widget_type=\"text-editor.default\">\n\t\t\t\t<div class=\"elementor-widget-container\">\n\t\t\t\t\t\t\t\t\t<p>Die Pan-Armenian Youth Futbol Association (PAYFA) hat es sich zur Aufgabe gemacht, talentierte Jugendfu\u00dfballer armenischer Abstammung in der Diaspora ausfindig zu machen und ihre Eingliederung in das gro\u00dfe Netzwerk des armenischen Fu\u00dfballverbands zu erleichtern. Dies wird armenische Jugendliche in einer Gemeinschaft zusammenbringen, die die Leidenschaft f\u00fcr den Futballsport teilt und lebenslange Freundschaften f\u00f6rdert. Unsere Organisation hat sich zum Ziel gesetzt, armenischen Jugendlichen diese globale Unterst\u00fctzung, Ressourcen und Mentoren zur Verf\u00fcgung zu stellen, damit sie ihre pers\u00f6nlichen Ziele sowohl auf dem Spielfeld als auch au\u00dferhalb erreichen k\u00f6nnen.<\/p>\n<p>Der armenische Fu\u00dfballverband (FFA) hat sich offiziell mit unserer Organisation, dem Pan Armenian Youth Futbol Association (PAYFA), zusammengetan, um den Rekrutierungsprozess im Namen der FFA zu beginnen. Siehe die beiliegende &#8222;Bekanntmachung der Partnerschaft und Erm\u00e4chtigung&#8220;.<\/p>\n\t\t\t\t\t\t\t\t<\/div>\n\t\t\t\t<\/div>\n\t\t\t\t\t<\/div>\n\t\t<\/div>\n\t\t\t\t\t<\/div>\n\t\t<\/section>\n\t\t\t\t\t<\/div>\n\t\t<\/div>\n\t\t\t\t\t<\/div>\n\t\t<\/section>\n\t\t\t\t<section class=\"elementor-section elementor-top-section elementor-element elementor-element-5c7222ba elementor-section-stretched elementor-section-content-middle elementor-reverse-mobile elementor-section-boxed elementor-section-height-default elementor-section-height-default wpr-particle-no wpr-jarallax-no wpr-parallax-no wpr-sticky-section-no\" data-id=\"5c7222ba\" data-element_type=\"section\" id=\"nominate\" data-settings=\"{&quot;stretch_section&quot;:&quot;section-stretched&quot;,&quot;background_background&quot;:&quot;classic&quot;,&quot;shape_divider_top&quot;:&quot;tilt&quot;}\">\n\t\t\t\t\t<div class=\"elementor-shape elementor-shape-top\" aria-hidden=\"true\" data-negative=\"false\">\n\t\t\t<svg xmlns=\"http:\/\/www.w3.org\/2000\/svg\" viewBox=\"0 0 1000 100\" preserveAspectRatio=\"none\">\n\t<path class=\"elementor-shape-fill\" d=\"M0,6V0h1000v100L0,6z\"\/>\n<\/svg>\t\t<\/div>\n\t\t\t\t\t<div class=\"elementor-container elementor-column-gap-wider\">\n\t\t\t\t\t<div class=\"elementor-column elementor-col-100 elementor-top-column elementor-element elementor-element-63d1a5be\" data-id=\"63d1a5be\" data-element_type=\"column\">\n\t\t\t<div class=\"elementor-widget-wrap elementor-element-populated\">\n\t\t\t\t\t\t<div class=\"elementor-element elementor-element-4206c1f5 elementor-widget elementor-widget-spacer\" data-id=\"4206c1f5\" data-element_type=\"widget\" data-widget_type=\"spacer.default\">\n\t\t\t\t<div class=\"elementor-widget-container\">\n\t\t\t\t\t\t\t<div class=\"elementor-spacer\">\n\t\t\t<div class=\"elementor-spacer-inner\"><\/div>\n\t\t<\/div>\n\t\t\t\t\t\t<\/div>\n\t\t\t\t<\/div>\n\t\t\t\t<section class=\"elementor-section elementor-inner-section elementor-element elementor-element-3434fb7e elementor-section-content-middle elementor-section-boxed elementor-section-height-default elementor-section-height-default wpr-particle-no wpr-jarallax-no wpr-parallax-no wpr-sticky-section-no\" data-id=\"3434fb7e\" data-element_type=\"section\" data-settings=\"{&quot;background_background&quot;:&quot;classic&quot;}\">\n\t\t\t\t\t\t<div class=\"elementor-container elementor-column-gap-wider\">\n\t\t\t\t\t<div class=\"elementor-column elementor-col-100 elementor-inner-column elementor-element elementor-element-6333b6c1\" data-id=\"6333b6c1\" data-element_type=\"column\" data-settings=\"{&quot;background_background&quot;:&quot;classic&quot;}\">\n\t\t\t<div class=\"elementor-widget-wrap elementor-element-populated\">\n\t\t\t\t\t\t<div class=\"elementor-element elementor-element-58467d0 elementor-widget elementor-widget-image\" data-id=\"58467d0\" data-element_type=\"widget\" data-widget_type=\"image.default\">\n\t\t\t\t<div class=\"elementor-widget-container\">\n\t\t\t\t\t\t\t\t\t\t\t\t\t\t\t<img fetchpriority=\"high\" decoding=\"async\" width=\"1448\" height=\"2048\" src=\"https:\/\/payfa.org\/wp-content\/uploads\/2023\/09\/Announcement-of-Partnership-and-Authorization-1-1-1448x2048-1.png\" class=\"attachment-full size-full wp-image-3842\" alt=\"\" srcset=\"https:\/\/payfa.org\/wp-content\/uploads\/2023\/09\/Announcement-of-Partnership-and-Authorization-1-1-1448x2048-1.png 1448w, https:\/\/payfa.org\/wp-content\/uploads\/2023\/09\/Announcement-of-Partnership-and-Authorization-1-1-1448x2048-1-212x300.png 212w, https:\/\/payfa.org\/wp-content\/uploads\/2023\/09\/Announcement-of-Partnership-and-Authorization-1-1-1448x2048-1-724x1024.png 724w, https:\/\/payfa.org\/wp-content\/uploads\/2023\/09\/Announcement-of-Partnership-and-Authorization-1-1-1448x2048-1-768x1086.png 768w, https:\/\/payfa.org\/wp-content\/uploads\/2023\/09\/Announcement-of-Partnership-and-Authorization-1-1-1448x2048-1-1086x1536.png 1086w\" sizes=\"(max-width: 1448px) 100vw, 1448px\" \/>\t\t\t\t\t\t\t\t\t\t\t\t\t\t\t<\/div>\n\t\t\t\t<\/div>\n\t\t\t\t\t<\/div>\n\t\t<\/div>\n\t\t\t\t\t<\/div>\n\t\t<\/section>\n\t\t\t\t<div class=\"elementor-element elementor-element-18995cfc elementor-widget elementor-widget-spacer\" data-id=\"18995cfc\" data-element_type=\"widget\" data-widget_type=\"spacer.default\">\n\t\t\t\t<div class=\"elementor-widget-container\">\n\t\t\t\t\t\t\t<div class=\"elementor-spacer\">\n\t\t\t<div class=\"elementor-spacer-inner\"><\/div>\n\t\t<\/div>\n\t\t\t\t\t\t<\/div>\n\t\t\t\t<\/div>\n\t\t\t\t\t<\/div>\n\t\t<\/div>\n\t\t\t\t\t<\/div>\n\t\t<\/section>\n\t\t\t\t<\/div>\n\t\t","protected":false},"excerpt":{"rendered":"<p>\u00dcber uns: Was wir tun Verfolgen Sie Ihren Traum vom Fu\u00dfball als m\u00f6gliche Profikarriere oder als Spiel auf College-Ebene Was wir tun Die Pan-Armenian Youth Futbol Association (PAYFA) hat es sich zur Aufgabe gemacht, talentierte Jugendfu\u00dfballer armenischer Abstammung in der Diaspora ausfindig zu machen und ihre Eingliederung in das gro\u00dfe Netzwerk des armenischen Fu\u00dfballverbands zu erleichtern. Dies wird armenische Jugendliche in einer Gemeinschaft zusammenbringen, die die Leidenschaft f\u00fcr den Futballsport teilt und lebenslange Freundschaften f\u00f6rdert. Unsere Organisation hat sich zum Ziel gesetzt, armenischen Jugendlichen diese globale Unterst\u00fctzung, Ressourcen und Mentoren zur Verf\u00fcgung zu stellen, damit sie ihre pers\u00f6nlichen Ziele sowohl auf dem Spielfeld als auch au\u00dferhalb erreichen k\u00f6nnen. Der armenische Fu\u00dfballverband (FFA) hat sich offiziell mit unserer Organisation, dem Pan Armenian Youth Futbol Association (PAYFA), zusammengetan, um den Rekrutierungsprozess im Namen der FFA zu beginnen. Siehe die beiliegende &#8222;Bekanntmachung der Partnerschaft und Erm\u00e4chtigung&#8220;.<\/p>\n","protected":false},"author":1,"featured_media":3542,"parent":0,"menu_order":0,"comment_status":"closed","ping_status":"closed","template":"elementor_header_footer","meta":{"give_campaign_id":0,"inline_featured_image":false,"footnotes":""},"class_list":["post-3841","page","type-page","status-publish","has-post-thumbnail","hentry"],"campaignId":"","_links":{"self":[{"href":"https:\/\/payfa.org\/de\/wp-json\/wp\/v2\/pages\/3841","targetHints":{"allow":["GET"]}}],"collection":[{"href":"https:\/\/payfa.org\/de\/wp-json\/wp\/v2\/pages"}],"about":[{"href":"https:\/\/payfa.org\/de\/wp-json\/wp\/v2\/types\/page"}],"author":[{"embeddable":true,"href":"https:\/\/payfa.org\/de\/wp-json\/wp\/v2\/users\/1"}],"replies":[{"embeddable":true,"href":"https:\/\/payfa.org\/de\/wp-json\/wp\/v2\/comments?post=3841"}],"version-history":[{"count":1,"href":"https:\/\/payfa.org\/de\/wp-json\/wp\/v2\/pages\/3841\/revisions"}],"predecessor-version":[{"id":3843,"href":"https:\/\/payfa.org\/de\/wp-json\/wp\/v2\/pages\/3841\/revisions\/3843"}],"wp:featuredmedia":[{"embeddable":true,"href":"https:\/\/payfa.org\/de\/wp-json\/wp\/v2\/media\/3542"}],"wp:attachment":[{"href":"https:\/\/payfa.org\/de\/wp-json\/wp\/v2\/media?parent=3841"}],"curies":[{"name":"wp","href":"https:\/\/api.w.org\/{rel}","templated":true}]}}