{"id":3688,"date":"2023-09-23T22:56:26","date_gmt":"2023-09-23T22:56:26","guid":{"rendered":"https:\/\/payfa.org\/la-camps\/"},"modified":"2024-02-04T16:45:37","modified_gmt":"2024-02-04T16:45:37","slug":"la-camps","status":"publish","type":"page","link":"https:\/\/payfa.org\/es\/la-camps\/","title":{"rendered":"LA Camps"},"content":{"rendered":"\t\t<div data-elementor-type=\"wp-page\" data-elementor-id=\"3688\" class=\"elementor elementor-3688 elementor-503\">\n\t\t\t\t<div class=\"elementor-element elementor-element-1b39b9d6 e-grid e-con-full wpr-particle-no wpr-jarallax-no wpr-parallax-no wpr-sticky-section-no e-con e-parent\" data-id=\"1b39b9d6\" data-element_type=\"container\" data-settings=\"{&quot;background_background&quot;:&quot;classic&quot;}\">\n\t\t<div class=\"elementor-element elementor-element-1a1b7fb8 e-grid e-con-boxed wpr-particle-no wpr-jarallax-no wpr-parallax-no wpr-sticky-section-no e-con e-child\" data-id=\"1a1b7fb8\" data-element_type=\"container\">\n\t\t\t\t\t<div class=\"e-con-inner\">\n\t\t\t\t<div class=\"elementor-element elementor-element-623c7a1a elementor-widget elementor-widget-heading\" data-id=\"623c7a1a\" data-element_type=\"widget\" data-widget_type=\"heading.default\">\n\t\t\t\t<div class=\"elementor-widget-container\">\n\t\t\t\t\t<h2 class=\"elementor-heading-title elementor-size-default\">Archivo CAMPS: LA Camps<\/h2>\t\t\t\t<\/div>\n\t\t\t\t<\/div>\n\t\t\t\t\t<\/div>\n\t\t\t\t<\/div>\n\t\t\t\t<\/div>\n\t\t\t\t<section class=\"elementor-section elementor-top-section elementor-element elementor-element-25bbd395 elementor-section-content-middle elementor-section-stretched elementor-section-boxed elementor-section-height-default elementor-section-height-default wpr-particle-no wpr-jarallax-no wpr-parallax-no wpr-sticky-section-no\" data-id=\"25bbd395\" data-element_type=\"section\" id=\"about\" data-settings=\"{&quot;stretch_section&quot;:&quot;section-stretched&quot;,&quot;background_background&quot;:&quot;classic&quot;}\">\n\t\t\t\t\t\t<div class=\"elementor-container elementor-column-gap-default\">\n\t\t\t\t\t<div class=\"elementor-column elementor-col-100 elementor-top-column elementor-element elementor-element-5562daf2\" data-id=\"5562daf2\" data-element_type=\"column\">\n\t\t\t<div class=\"elementor-widget-wrap elementor-element-populated\">\n\t\t\t\t\t\t<section class=\"elementor-section elementor-inner-section elementor-element elementor-element-2cb55226 elementor-section-boxed elementor-section-height-default elementor-section-height-default wpr-particle-no wpr-jarallax-no wpr-parallax-no wpr-sticky-section-no\" data-id=\"2cb55226\" data-element_type=\"section\">\n\t\t\t\t\t\t<div class=\"elementor-container elementor-column-gap-default\">\n\t\t\t\t\t<div class=\"elementor-column elementor-col-100 elementor-inner-column elementor-element elementor-element-3e048623\" data-id=\"3e048623\" data-element_type=\"column\">\n\t\t\t<div class=\"elementor-widget-wrap elementor-element-populated\">\n\t\t\t\t\t\t<div class=\"elementor-element elementor-element-3c209b4c elementor-widget elementor-widget-heading\" data-id=\"3c209b4c\" data-element_type=\"widget\" data-widget_type=\"heading.default\">\n\t\t\t\t<div class=\"elementor-widget-container\">\n\t\t\t\t\t<h2 class=\"elementor-heading-title elementor-size-default\">Persigue tu sue\u00f1o de jugar al f\u00fatbol como carrera profesional o a nivel universitario.<\/h2>\t\t\t\t<\/div>\n\t\t\t\t<\/div>\n\t\t\t\t<div class=\"elementor-element elementor-element-3ebb0937 elementor-widget elementor-widget-heading\" data-id=\"3ebb0937\" data-element_type=\"widget\" data-widget_type=\"heading.default\">\n\t\t\t\t<div class=\"elementor-widget-container\">\n\t\t\t\t\t<h2 class=\"elementor-heading-title elementor-size-default\">Los campamentos de Los \u00c1ngeles a lo largo de los a\u00f1os<\/h2>\t\t\t\t<\/div>\n\t\t\t\t<\/div>\n\t\t\t\t\t<\/div>\n\t\t<\/div>\n\t\t\t\t\t<\/div>\n\t\t<\/section>\n\t\t\t\t<section class=\"elementor-section elementor-inner-section elementor-element elementor-element-4479d7d8 elementor-section-boxed elementor-section-height-default elementor-section-height-default wpr-particle-no wpr-jarallax-no wpr-parallax-no wpr-sticky-section-no\" data-id=\"4479d7d8\" data-element_type=\"section\">\n\t\t\t\t\t\t<div class=\"elementor-container elementor-column-gap-no\">\n\t\t\t\t\t<div class=\"elementor-column elementor-col-100 elementor-inner-column elementor-element elementor-element-1e92d833\" data-id=\"1e92d833\" data-element_type=\"column\">\n\t\t\t<div class=\"elementor-widget-wrap elementor-element-populated\">\n\t\t\t\t\t\t<div class=\"elementor-element elementor-element-7f2c345d elementor-widget-divider--view-line elementor-widget elementor-widget-divider\" data-id=\"7f2c345d\" data-element_type=\"widget\" data-widget_type=\"divider.default\">\n\t\t\t\t<div class=\"elementor-widget-container\">\n\t\t\t\t\t\t\t<div class=\"elementor-divider\">\n\t\t\t<span class=\"elementor-divider-separator\">\n\t\t\t\t\t\t<\/span>\n\t\t<\/div>\n\t\t\t\t\t\t<\/div>\n\t\t\t\t<\/div>\n\t\t\t\t<div class=\"elementor-element elementor-element-552dfa06 elementor-widget elementor-widget-text-editor\" data-id=\"552dfa06\" data-element_type=\"widget\" data-widget_type=\"text-editor.default\">\n\t\t\t\t<div class=\"elementor-widget-container\">\n\t\t\t\t\t\t\t\t\t<p>La Asociaci\u00f3n Pan-Armenia de F\u00fatbol (PAYFA) fue fundada en el sur de California por armenio-estadounidenses que quer\u00edan aunar su compromiso con su patria, Armenia, con su pasi\u00f3n por el f\u00fatbol, com\u00fanmente conocido como el \u00abdeporte rey\u00bb.<\/p>\n<p>La piedra angular del papel del PAYFA es animar y facilitar que los j\u00f3venes jugadores de ascendencia armenia persigan sus sue\u00f1os de jugar al f\u00fatbol como una posible carrera profesional o a nivel universitario. Con este objetivo en mente, utilizaremos todos nuestros recursos personales y comunitarios para identificar una red mundial de j\u00f3venes jugadores armenios de talento.<\/p>\n\t\t\t\t\t\t\t\t<\/div>\n\t\t\t\t<\/div>\n\t\t\t\t\t<\/div>\n\t\t<\/div>\n\t\t\t\t\t<\/div>\n\t\t<\/section>\n\t\t\t\t\t<\/div>\n\t\t<\/div>\n\t\t\t\t\t<\/div>\n\t\t<\/section>\n\t\t<div class=\"elementor-element elementor-element-db79475 e-flex e-con-boxed wpr-particle-no wpr-jarallax-no wpr-parallax-no wpr-sticky-section-no e-con e-parent\" data-id=\"db79475\" data-element_type=\"container\">\n\t\t\t\t\t<div class=\"e-con-inner\">\n\t\t<a class=\"elementor-element elementor-element-856aca5 e-con-full e-flex wpr-particle-no wpr-jarallax-no wpr-parallax-no wpr-sticky-section-no e-con e-child\" data-id=\"856aca5\" data-element_type=\"container\" data-settings=\"{&quot;background_background&quot;:&quot;classic&quot;}\" href=\"https:\/\/payfa.org\/la-camps\/la-camp-2022\/\">\n\t\t\t\t<div class=\"elementor-element elementor-element-86c93fd elementor-widget elementor-widget-heading\" data-id=\"86c93fd\" data-element_type=\"widget\" data-widget_type=\"heading.default\">\n\t\t\t\t<div class=\"elementor-widget-container\">\n\t\t\t\t\t<h3 class=\"elementor-heading-title elementor-size-default\">LA Camp 2022<\/h3>\t\t\t\t<\/div>\n\t\t\t\t<\/div>\n\t\t\t\t<\/a>\n\t\t<a class=\"elementor-element elementor-element-a246cab e-con-full e-flex wpr-particle-no wpr-jarallax-no wpr-parallax-no wpr-sticky-section-no e-con e-child\" data-id=\"a246cab\" data-element_type=\"container\" data-settings=\"{&quot;background_background&quot;:&quot;classic&quot;}\" href=\"https:\/\/payfa.org\/la-camps\/la-camp-2023\/\">\n\t\t\t\t<div class=\"elementor-element elementor-element-dc0b3d5 elementor-widget elementor-widget-heading\" data-id=\"dc0b3d5\" data-element_type=\"widget\" data-widget_type=\"heading.default\">\n\t\t\t\t<div class=\"elementor-widget-container\">\n\t\t\t\t\t<h3 class=\"elementor-heading-title elementor-size-default\">Campamento de Los \u00c1ngeles 2023<\/h3>\t\t\t\t<\/div>\n\t\t\t\t<\/div>\n\t\t\t\t<\/a>\n\t\t\t\t\t<\/div>\n\t\t\t\t<\/div>\n\t\t\t\t<\/div>\n\t\t","protected":false},"excerpt":{"rendered":"<p>Archivo CAMPS: LA Camps Persigue tu sue\u00f1o de jugar al f\u00fatbol como carrera profesional o a nivel universitario. Los campamentos de Los \u00c1ngeles a lo largo de los a\u00f1os La Asociaci\u00f3n Pan-Armenia de F\u00fatbol (PAYFA) fue fundada en el sur de California por armenio-estadounidenses que quer\u00edan aunar su compromiso con su patria, Armenia, con su pasi\u00f3n por el f\u00fatbol, com\u00fanmente conocido como el \u00abdeporte rey\u00bb. La piedra angular del papel del PAYFA es animar y facilitar que los j\u00f3venes jugadores de ascendencia armenia persigan sus sue\u00f1os de jugar al f\u00fatbol como una posible carrera profesional o a nivel universitario. Con este objetivo en mente, utilizaremos todos nuestros recursos personales y comunitarios para identificar una red mundial de j\u00f3venes jugadores armenios de talento. LA Camp 2022 Campamento de Los \u00c1ngeles 2023<\/p>\n","protected":false},"author":1,"featured_media":2426,"parent":0,"menu_order":0,"comment_status":"closed","ping_status":"closed","template":"elementor_header_footer","meta":{"give_campaign_id":0,"inline_featured_image":false,"footnotes":""},"class_list":["post-3688","page","type-page","status-publish","has-post-thumbnail","hentry"],"campaignId":"","_links":{"self":[{"href":"https:\/\/payfa.org\/es\/wp-json\/wp\/v2\/pages\/3688","targetHints":{"allow":["GET"]}}],"collection":[{"href":"https:\/\/payfa.org\/es\/wp-json\/wp\/v2\/pages"}],"about":[{"href":"https:\/\/payfa.org\/es\/wp-json\/wp\/v2\/types\/page"}],"author":[{"embeddable":true,"href":"https:\/\/payfa.org\/es\/wp-json\/wp\/v2\/users\/1"}],"replies":[{"embeddable":true,"href":"https:\/\/payfa.org\/es\/wp-json\/wp\/v2\/comments?post=3688"}],"version-history":[{"count":1,"href":"https:\/\/payfa.org\/es\/wp-json\/wp\/v2\/pages\/3688\/revisions"}],"predecessor-version":[{"id":3689,"href":"https:\/\/payfa.org\/es\/wp-json\/wp\/v2\/pages\/3688\/revisions\/3689"}],"wp:featuredmedia":[{"embeddable":true,"href":"https:\/\/payfa.org\/es\/wp-json\/wp\/v2\/media\/2426"}],"wp:attachment":[{"href":"https:\/\/payfa.org\/es\/wp-json\/wp\/v2\/media?parent=3688"}],"curies":[{"name":"wp","href":"https:\/\/api.w.org\/{rel}","templated":true}]}}