{"id":3724,"date":"2023-09-23T21:48:52","date_gmt":"2023-09-23T21:48:52","guid":{"rendered":"https:\/\/payfa.org\/nominar-a-un-jugador\/"},"modified":"2024-12-29T23:21:25","modified_gmt":"2024-12-29T23:21:25","slug":"nominar-a-un-jugador","status":"publish","type":"page","link":"https:\/\/payfa.org\/es\/nominar-a-un-jugador\/","title":{"rendered":"Nominar a un jugador"},"content":{"rendered":"\t\t<div data-elementor-type=\"wp-page\" data-elementor-id=\"3724\" class=\"elementor elementor-3724 elementor-430\">\n\t\t\t\t<div class=\"elementor-element elementor-element-2e14a658 e-grid e-con-full wpr-particle-no wpr-jarallax-no wpr-parallax-no wpr-sticky-section-no e-con e-parent\" data-id=\"2e14a658\" data-element_type=\"container\" data-settings=\"{&quot;background_background&quot;:&quot;classic&quot;}\">\n\t\t<div class=\"elementor-element elementor-element-48daa9af e-grid e-con-boxed wpr-particle-no wpr-jarallax-no wpr-parallax-no wpr-sticky-section-no e-con e-child\" data-id=\"48daa9af\" data-element_type=\"container\">\n\t\t\t\t\t<div class=\"e-con-inner\">\n\t\t\t\t<div class=\"elementor-element elementor-element-3f3d89fc elementor-widget elementor-widget-heading\" data-id=\"3f3d89fc\" data-element_type=\"widget\" data-widget_type=\"heading.default\">\n\t\t\t\t<div class=\"elementor-widget-container\">\n\t\t\t\t\t<h2 class=\"elementor-heading-title elementor-size-default\">Nominar a un jugador<\/h2>\t\t\t\t<\/div>\n\t\t\t\t<\/div>\n\t\t\t\t\t<\/div>\n\t\t\t\t<\/div>\n\t\t\t\t<\/div>\n\t\t\t\t<section class=\"elementor-section elementor-top-section elementor-element elementor-element-25bbd395 elementor-section-content-middle elementor-section-stretched elementor-section-boxed elementor-section-height-default elementor-section-height-default wpr-particle-no wpr-jarallax-no wpr-parallax-no wpr-sticky-section-no\" data-id=\"25bbd395\" data-element_type=\"section\" id=\"about\" data-settings=\"{&quot;stretch_section&quot;:&quot;section-stretched&quot;,&quot;background_background&quot;:&quot;classic&quot;}\">\n\t\t\t\t\t\t<div class=\"elementor-container elementor-column-gap-default\">\n\t\t\t\t\t<div class=\"elementor-column elementor-col-100 elementor-top-column elementor-element elementor-element-5562daf2\" data-id=\"5562daf2\" data-element_type=\"column\">\n\t\t\t<div class=\"elementor-widget-wrap elementor-element-populated\">\n\t\t\t\t\t\t<section class=\"elementor-section elementor-inner-section elementor-element elementor-element-2cb55226 elementor-section-boxed elementor-section-height-default elementor-section-height-default wpr-particle-no wpr-jarallax-no wpr-parallax-no wpr-sticky-section-no\" data-id=\"2cb55226\" data-element_type=\"section\">\n\t\t\t\t\t\t<div class=\"elementor-container elementor-column-gap-default\">\n\t\t\t\t\t<div class=\"elementor-column elementor-col-100 elementor-inner-column elementor-element elementor-element-3e048623\" data-id=\"3e048623\" data-element_type=\"column\">\n\t\t\t<div class=\"elementor-widget-wrap elementor-element-populated\">\n\t\t\t\t\t\t<div class=\"elementor-element elementor-element-3c209b4c elementor-widget elementor-widget-heading\" data-id=\"3c209b4c\" data-element_type=\"widget\" data-widget_type=\"heading.default\">\n\t\t\t\t<div class=\"elementor-widget-container\">\n\t\t\t\t\t<h2 class=\"elementor-heading-title elementor-size-default\">Persigue tu sue\u00f1o de jugar al f\u00fatbol como carrera profesional o a nivel universitario.<\/h2>\t\t\t\t<\/div>\n\t\t\t\t<\/div>\n\t\t\t\t<div class=\"elementor-element elementor-element-3ebb0937 elementor-widget elementor-widget-heading\" data-id=\"3ebb0937\" data-element_type=\"widget\" data-widget_type=\"heading.default\">\n\t\t\t\t<div class=\"elementor-widget-container\">\n\t\t\t\t\t<h2 class=\"elementor-heading-title elementor-size-default\">2025 Campamento del Sur de California<\/h2>\t\t\t\t<\/div>\n\t\t\t\t<\/div>\n\t\t\t\t\t<\/div>\n\t\t<\/div>\n\t\t\t\t\t<\/div>\n\t\t<\/section>\n\t\t\t\t<section class=\"elementor-section elementor-inner-section elementor-element elementor-element-4479d7d8 elementor-section-boxed elementor-section-height-default elementor-section-height-default wpr-particle-no wpr-jarallax-no wpr-parallax-no wpr-sticky-section-no\" data-id=\"4479d7d8\" data-element_type=\"section\">\n\t\t\t\t\t\t<div class=\"elementor-container elementor-column-gap-no\">\n\t\t\t\t\t<div class=\"elementor-column elementor-col-100 elementor-inner-column elementor-element elementor-element-1e92d833\" data-id=\"1e92d833\" data-element_type=\"column\">\n\t\t\t<div class=\"elementor-widget-wrap elementor-element-populated\">\n\t\t\t\t\t\t<div class=\"elementor-element elementor-element-7f2c345d elementor-widget-divider--view-line elementor-widget elementor-widget-divider\" data-id=\"7f2c345d\" data-element_type=\"widget\" data-widget_type=\"divider.default\">\n\t\t\t\t<div class=\"elementor-widget-container\">\n\t\t\t\t\t\t\t<div class=\"elementor-divider\">\n\t\t\t<span class=\"elementor-divider-separator\">\n\t\t\t\t\t\t<\/span>\n\t\t<\/div>\n\t\t\t\t\t\t<\/div>\n\t\t\t\t<\/div>\n\t\t\t\t<div class=\"elementor-element elementor-element-552dfa06 elementor-widget elementor-widget-text-editor\" data-id=\"552dfa06\" data-element_type=\"widget\" data-widget_type=\"text-editor.default\">\n\t\t\t\t<div class=\"elementor-widget-container\">\n\t\t\t\t\t\t\t\t\t<p>La Federaci\u00f3n de F\u00fatbol de Armenia (FFA) ha iniciado el proceso de reclutamiento de jugadores masculinos de \u00e9lite de ascendencia armenia para las pruebas de las selecciones nacionales juveniles de f\u00fatbol de Armenia. Alrededor de junio\/julio de 2025, la FFA organizar\u00e1 pruebas en Erev\u00e1n (Armenia) para jugadores de \u00e9lite nacidos en 2012. La FFA anunciar\u00e1 en breve las fechas concretas de las pruebas.<\/p>\n<p>El campo de selecci\u00f3n inicial ser\u00e1 organizado y acogido por el PAYFA. El campamento estar\u00e1 dirigido por entrenadores experimentados con experiencia en el f\u00fatbol juvenil, ex jugadores profesionales y otros expertos en f\u00fatbol. El campamento tendr\u00e1 lugar en el sur de California, en la zona de Los \u00c1ngeles, hacia marzo de 2025. PAYFA anunciar\u00e1 en breve el lugar y las fechas concretas en sus canales sociales.<\/p>\n<p>Los jugadores seleccionados en el campamento del sur de California ser\u00e1n invitados a la Academia FFA de Erev\u00e1n (Armenia) en junio\/julio de 2025. La FFA y la PAYFA anunciar\u00e1n tambi\u00e9n en breve las fechas concretas y otros detalles sobre el campamento de Erev\u00e1n.<\/p>\n<p>Se admiten jugadores de todo Estados Unidos.<\/p>\t\t\t\t\t\t\t\t<\/div>\n\t\t\t\t<\/div>\n\t\t\t\t\t<\/div>\n\t\t<\/div>\n\t\t\t\t\t<\/div>\n\t\t<\/section>\n\t\t\t\t\t<\/div>\n\t\t<\/div>\n\t\t\t\t\t<\/div>\n\t\t<\/section>\n\t\t\t\t<section class=\"elementor-section elementor-top-section elementor-element elementor-element-6219f48 elementor-section-stretched elementor-section-content-middle elementor-reverse-mobile elementor-section-boxed elementor-section-height-default elementor-section-height-default wpr-particle-no wpr-jarallax-no wpr-parallax-no wpr-sticky-section-no\" data-id=\"6219f48\" data-element_type=\"section\" id=\"nominate\" data-settings=\"{&quot;stretch_section&quot;:&quot;section-stretched&quot;,&quot;background_background&quot;:&quot;classic&quot;,&quot;shape_divider_top&quot;:&quot;tilt&quot;}\">\n\t\t\t\t\t<div class=\"elementor-shape elementor-shape-top\" aria-hidden=\"true\" data-negative=\"false\">\n\t\t\t<svg xmlns=\"http:\/\/www.w3.org\/2000\/svg\" viewBox=\"0 0 1000 100\" preserveAspectRatio=\"none\">\n\t<path class=\"elementor-shape-fill\" d=\"M0,6V0h1000v100L0,6z\"\/>\n<\/svg>\t\t<\/div>\n\t\t\t\t\t<div class=\"elementor-container elementor-column-gap-wider\">\n\t\t\t\t\t<div class=\"elementor-column elementor-col-100 elementor-top-column elementor-element elementor-element-7baa2898\" data-id=\"7baa2898\" data-element_type=\"column\">\n\t\t\t<div class=\"elementor-widget-wrap elementor-element-populated\">\n\t\t\t\t\t\t<div class=\"elementor-element elementor-element-1a099bf2 elementor-widget elementor-widget-spacer\" data-id=\"1a099bf2\" data-element_type=\"widget\" data-widget_type=\"spacer.default\">\n\t\t\t\t<div class=\"elementor-widget-container\">\n\t\t\t\t\t\t\t<div class=\"elementor-spacer\">\n\t\t\t<div class=\"elementor-spacer-inner\"><\/div>\n\t\t<\/div>\n\t\t\t\t\t\t<\/div>\n\t\t\t\t<\/div>\n\t\t\t\t<section class=\"elementor-section elementor-inner-section elementor-element elementor-element-6ca20e29 elementor-section-content-top elementor-section-boxed elementor-section-height-default elementor-section-height-default wpr-particle-no wpr-jarallax-no wpr-parallax-no wpr-sticky-section-no\" data-id=\"6ca20e29\" data-element_type=\"section\" data-settings=\"{&quot;background_background&quot;:&quot;classic&quot;}\">\n\t\t\t\t\t\t<div class=\"elementor-container elementor-column-gap-wider\">\n\t\t\t\t\t<div class=\"elementor-column elementor-col-50 elementor-inner-column elementor-element elementor-element-433e1b9f\" data-id=\"433e1b9f\" data-element_type=\"column\">\n\t\t\t<div class=\"elementor-widget-wrap elementor-element-populated\">\n\t\t\t\t\t\t<div class=\"elementor-element elementor-element-1ff21f18 elementor-widget elementor-widget-heading\" data-id=\"1ff21f18\" data-element_type=\"widget\" data-widget_type=\"heading.default\">\n\t\t\t\t<div class=\"elementor-widget-container\">\n\t\t\t\t\t<h2 class=\"elementor-heading-title elementor-size-default\">CAMPAMENTO DEL SUR DE CALIFORNIA 2025<\/h2>\t\t\t\t<\/div>\n\t\t\t\t<\/div>\n\t\t\t\t<div class=\"elementor-element elementor-element-38ff835c elementor-widget elementor-widget-heading\" data-id=\"38ff835c\" data-element_type=\"widget\" data-widget_type=\"heading.default\">\n\t\t\t\t<div class=\"elementor-widget-container\">\n\t\t\t\t\t<h2 class=\"elementor-heading-title elementor-size-default\">Nominar a un jugador<\/h2>\t\t\t\t<\/div>\n\t\t\t\t<\/div>\n\t\t\t\t<div class=\"elementor-element elementor-element-505f253a elementor-widget-divider--view-line elementor-widget elementor-widget-divider\" data-id=\"505f253a\" data-element_type=\"widget\" data-widget_type=\"divider.default\">\n\t\t\t\t<div class=\"elementor-widget-container\">\n\t\t\t\t\t\t\t<div class=\"elementor-divider\">\n\t\t\t<span class=\"elementor-divider-separator\">\n\t\t\t\t\t\t<\/span>\n\t\t<\/div>\n\t\t\t\t\t\t<\/div>\n\t\t\t\t<\/div>\n\t\t\t\t<div class=\"elementor-element elementor-element-712789bb elementor-widget elementor-widget-text-editor\" data-id=\"712789bb\" data-element_type=\"widget\" data-widget_type=\"text-editor.default\">\n\t\t\t\t<div class=\"elementor-widget-container\">\n\t\t\t\t\t\t\t\t\t<p>Ahora se aceptan solicitudes para ni\u00f1os nacidos en 2012. S\u00edganos en nuestros canales sociales para m\u00e1s actualizaciones en breve.<\/p>\n\t\t\t\t\t\t\t\t<\/div>\n\t\t\t\t<\/div>\n\t\t\t\t<div class=\"elementor-element elementor-element-5d6a315b elementor-widget elementor-widget-text-editor\" data-id=\"5d6a315b\" data-element_type=\"widget\" data-widget_type=\"text-editor.default\">\n\t\t\t\t<div class=\"elementor-widget-container\">\n\t\t\t\t\t\t\t\t\tPara participar en el campamento del sur de California se requiere la nominaci\u00f3n de jugadores por parte de los directores de su academia\/club. As\u00ed nos aseguraremos de atraer a los mejores jugadores para las pruebas en Armenia. Buscamos candidaturas de jugadores de ascendencia armenia en los niveles m\u00e1s altos de sus clubes (ECNL, MLS NEXT, Elite Academy y otras ligas de \u00e9lite de cada regi\u00f3n) que puedan estar interesados en competir por una de estas plazas. Pedimos a todos los clubes y academias que env\u00eden los formularios de nominaci\u00f3n lo antes posible para reservar una plaza en el campamento del sur de California. Si desea hablar con nosotros antes de enviar los formularios de candidatura, env\u00edenos un correo electr\u00f3nico a <a href=\"mailto:info@payfa.org\">info@payfa.org.<\/a>\n\nCualquiera que haya nacido en Armenia o haya nacido de padres armenios o haya sido adoptado por ellos, o que tenga abuelos o bisabuelos armenios, por parte de padre o madre, se considerar\u00e1 \u00abde ascendencia armenia\u00bb.\t\t\t\t\t\t\t\t<\/div>\n\t\t\t\t<\/div>\n\t\t\t\t<div class=\"elementor-element elementor-element-33280d4c elementor-icon-list--layout-traditional elementor-list-item-link-full_width elementor-widget elementor-widget-icon-list\" data-id=\"33280d4c\" data-element_type=\"widget\" data-widget_type=\"icon-list.default\">\n\t\t\t\t<div class=\"elementor-widget-container\">\n\t\t\t\t\t\t\t<ul class=\"elementor-icon-list-items\">\n\t\t\t\t\t\t\t<li class=\"elementor-icon-list-item\">\n\t\t\t\t\t\t\t\t\t\t\t<a href=\"http:\/\/payfa.org\/wp-content\/uploads\/2023\/09\/Covid-19-Authorization-Consent-and-Acceptance-English-Spanish-Permitting.pdf\">\n\n\t\t\t\t\t\t\t\t\t\t\t\t<span class=\"elementor-icon-list-icon\">\n\t\t\t\t\t\t\t<svg aria-hidden=\"true\" class=\"e-font-icon-svg e-fas-folder\" viewBox=\"0 0 512 512\" xmlns=\"http:\/\/www.w3.org\/2000\/svg\"><path d=\"M464 128H272l-64-64H48C21.49 64 0 85.49 0 112v288c0 26.51 21.49 48 48 48h416c26.51 0 48-21.49 48-48V176c0-26.51-21.49-48-48-48z\"><\/path><\/svg>\t\t\t\t\t\t<\/span>\n\t\t\t\t\t\t\t\t\t\t<span class=\"elementor-icon-list-text\"> Covid-19 Autorizaci\u00f3n Consentimiento y aceptaci\u00f3n (ingl\u00e9s-espa\u00f1ol) Permisos<\/span>\n\t\t\t\t\t\t\t\t\t\t\t<\/a>\n\t\t\t\t\t\t\t\t\t<\/li>\n\t\t\t\t\t\t\t\t<li class=\"elementor-icon-list-item\">\n\t\t\t\t\t\t\t\t\t\t\t<a href=\"http:\/\/payfa.org\/wp-content\/uploads\/2023\/09\/PAYFA-Medical-Liability-and-Registration-Form.pdf\">\n\n\t\t\t\t\t\t\t\t\t\t\t\t<span class=\"elementor-icon-list-icon\">\n\t\t\t\t\t\t\t<svg aria-hidden=\"true\" class=\"e-font-icon-svg e-fas-folder\" viewBox=\"0 0 512 512\" xmlns=\"http:\/\/www.w3.org\/2000\/svg\"><path d=\"M464 128H272l-64-64H48C21.49 64 0 85.49 0 112v288c0 26.51 21.49 48 48 48h416c26.51 0 48-21.49 48-48V176c0-26.51-21.49-48-48-48z\"><\/path><\/svg>\t\t\t\t\t\t<\/span>\n\t\t\t\t\t\t\t\t\t\t<span class=\"elementor-icon-list-text\"> PAYFA Responsabilidad m\u00e9dica y formulario de inscripci\u00f3n<\/span>\n\t\t\t\t\t\t\t\t\t\t\t<\/a>\n\t\t\t\t\t\t\t\t\t<\/li>\n\t\t\t\t\t\t<\/ul>\n\t\t\t\t\t\t<\/div>\n\t\t\t\t<\/div>\n\t\t\t\t<div class=\"elementor-element elementor-element-76d90522 elementor-widget elementor-widget-spacer\" data-id=\"76d90522\" data-element_type=\"widget\" data-widget_type=\"spacer.default\">\n\t\t\t\t<div class=\"elementor-widget-container\">\n\t\t\t\t\t\t\t<div class=\"elementor-spacer\">\n\t\t\t<div class=\"elementor-spacer-inner\"><\/div>\n\t\t<\/div>\n\t\t\t\t\t\t<\/div>\n\t\t\t\t<\/div>\n\t\t\t\t\t<\/div>\n\t\t<\/div>\n\t\t\t\t<div class=\"elementor-column elementor-col-50 elementor-inner-column elementor-element elementor-element-102e4f02\" data-id=\"102e4f02\" data-element_type=\"column\" data-settings=\"{&quot;background_background&quot;:&quot;classic&quot;}\">\n\t\t\t<div class=\"elementor-widget-wrap elementor-element-populated\">\n\t\t\t\t\t\t<div class=\"elementor-element elementor-element-65b5f6e9 eael-contact-form-7-button-align-center eael-contact-form-7-button-custom elementor-widget elementor-widget-eael-contact-form-7\" data-id=\"65b5f6e9\" data-element_type=\"widget\" data-widget_type=\"eael-contact-form-7.default\">\n\t\t\t\t<div class=\"elementor-widget-container\">\n\t\t\t\t\t<div class=\"eael-contact-form-7-wrapper\">\n                <div class=\"eael-contact-form eael-contact-form-7 eael-contact-form-65b5f6e9 placeholder-show eael-custom-radio-checkbox eael-contact-form-align-center\">\n<div class=\"wpcf7 no-js\" id=\"wpcf7-f163-o1\" lang=\"en-US\" dir=\"ltr\" data-wpcf7-id=\"163\">\n<div class=\"screen-reader-response\"><p role=\"status\" aria-live=\"polite\" aria-atomic=\"true\"><\/p> <ul><\/ul><\/div>\n<form action=\"\/es\/wp-json\/wp\/v2\/pages\/3724#wpcf7-f163-o1\" method=\"post\" class=\"wpcf7-form init\" aria-label=\"Contact form\" novalidate=\"novalidate\" data-status=\"init\">\n<fieldset class=\"hidden-fields-container\"><input type=\"hidden\" name=\"_wpcf7\" value=\"163\" \/><input type=\"hidden\" name=\"_wpcf7_version\" value=\"6.1.4\" \/><input type=\"hidden\" name=\"_wpcf7_locale\" value=\"en_US\" \/><input type=\"hidden\" name=\"_wpcf7_unit_tag\" value=\"wpcf7-f163-o1\" \/><input type=\"hidden\" name=\"_wpcf7_container_post\" value=\"0\" \/><input type=\"hidden\" name=\"_wpcf7_posted_data_hash\" value=\"\" \/><input type=\"hidden\" name=\"_wpcf7cf_hidden_group_fields\" value=\"[]\" \/><input type=\"hidden\" name=\"_wpcf7cf_hidden_groups\" value=\"[]\" \/><input type=\"hidden\" name=\"_wpcf7cf_visible_groups\" value=\"[]\" \/><input type=\"hidden\" name=\"_wpcf7cf_repeaters\" value=\"[]\" \/><input type=\"hidden\" name=\"_wpcf7cf_steps\" value=\"{}\" \/><input type=\"hidden\" name=\"_wpcf7cf_options\" value=\"{&quot;form_id&quot;:163,&quot;conditions&quot;:[{&quot;then_field&quot;:&quot;leagueother&quot;,&quot;and_rules&quot;:[{&quot;if_field&quot;:&quot;league&quot;,&quot;operator&quot;:&quot;equals&quot;,&quot;if_value&quot;:&quot;Other&quot;}]}],&quot;settings&quot;:{&quot;animation&quot;:&quot;yes&quot;,&quot;animation_intime&quot;:200,&quot;animation_outtime&quot;:200,&quot;conditions_ui&quot;:&quot;normal&quot;,&quot;notice_dismissed&quot;:false,&quot;notice_dismissed_rollback-cf7-5.9.4&quot;:true}}\" \/>\n<\/fieldset>\n<p><span class=\"wpcf7-form-control-wrap\" data-name=\"player\"><input size=\"40\" maxlength=\"400\" class=\"wpcf7-form-control wpcf7-text wpcf7-validates-as-required\" aria-required=\"true\" aria-invalid=\"false\" placeholder=\"Player Name\" value=\"\" type=\"text\" name=\"player\" \/><\/span><\/p>\n<p><span class=\"wpcf7-form-control-wrap\" data-name=\"date-of-birth\"><input size=\"40\" maxlength=\"400\" class=\"wpcf7-form-control wpcf7-text wpcf7-validates-as-required\" aria-required=\"true\" aria-invalid=\"false\" placeholder=\"Date of Birth\" value=\"\" type=\"text\" name=\"date-of-birth\" \/><\/span><\/p>\n<p><span class=\"wpcf7-form-control-wrap\" data-name=\"parent\"><input size=\"40\" maxlength=\"400\" class=\"wpcf7-form-control wpcf7-text wpcf7-validates-as-required\" aria-required=\"true\" aria-invalid=\"false\" placeholder=\"Name of Parent\" value=\"\" type=\"text\" name=\"parent\" \/><\/span><\/p>\n<p><span class=\"wpcf7-form-control-wrap\" data-name=\"parentphone\"><input size=\"40\" maxlength=\"400\" class=\"wpcf7-form-control wpcf7-tel wpcf7-validates-as-required wpcf7-text wpcf7-validates-as-tel\" aria-required=\"true\" aria-invalid=\"false\" placeholder=\"Parent Contact (Phone)\" value=\"\" type=\"tel\" name=\"parentphone\" \/><\/span><\/p>\n<p><span class=\"wpcf7-form-control-wrap\" data-name=\"your-email\"><input size=\"40\" maxlength=\"400\" class=\"wpcf7-form-control wpcf7-email wpcf7-validates-as-required wpcf7-text wpcf7-validates-as-email\" aria-required=\"true\" aria-invalid=\"false\" placeholder=\"Parent Contact (Email)\" value=\"\" type=\"email\" name=\"your-email\" \/><\/span><\/p>\n<p><span class=\"wpcf7-form-control-wrap\" data-name=\"club\"><input size=\"40\" maxlength=\"400\" class=\"wpcf7-form-control wpcf7-text\" aria-invalid=\"false\" placeholder=\"Name of Club\" value=\"\" type=\"text\" name=\"club\" \/><\/span><\/p>\n<p><span class=\"wpcf7-form-control-wrap\" data-name=\"league\"><span class=\"wpcf7-form-control wpcf7-checkbox\"><span class=\"wpcf7-list-item first\"><label><input type=\"checkbox\" name=\"league[]\" value=\"ECNL\" \/><span class=\"wpcf7-list-item-label\">ECNL<\/span><\/label><\/span><span class=\"wpcf7-list-item\"><label><input type=\"checkbox\" name=\"league[]\" value=\"ECRL\" \/><span class=\"wpcf7-list-item-label\">ECRL<\/span><\/label><\/span><span class=\"wpcf7-list-item\"><label><input type=\"checkbox\" name=\"league[]\" value=\"MLS NEXT\" \/><span class=\"wpcf7-list-item-label\">MLS NEXT<\/span><\/label><\/span><span class=\"wpcf7-list-item\"><label><input type=\"checkbox\" name=\"league[]\" value=\"EA League\" \/><span class=\"wpcf7-list-item-label\">EA League<\/span><\/label><\/span><span class=\"wpcf7-list-item last\"><label><input type=\"checkbox\" name=\"league[]\" value=\"Other\" \/><span class=\"wpcf7-list-item-label\">Other<\/span><\/label><\/span><\/span><\/span><\/p>\n<div data-id=\"leagueother\" data-orig_data_id=\"leagueother\"  class=\"\" data-class=\"wpcf7cf_group\"><span class=\"wpcf7-form-control-wrap\" data-name=\"leaguename\"><input size=\"40\" maxlength=\"400\" class=\"wpcf7-form-control wpcf7-text\" aria-invalid=\"false\" placeholder=\"League Name\" value=\"\" type=\"text\" name=\"leaguename\" \/><\/span><\/div>\n<p><span class=\"wpcf7-form-control-wrap\" data-name=\"clublocation\"><input size=\"40\" maxlength=\"400\" class=\"wpcf7-form-control wpcf7-text\" aria-invalid=\"false\" placeholder=\"Club Location\" value=\"\" type=\"text\" name=\"clublocation\" \/><\/span><\/p>\n<p><span class=\"wpcf7-form-control-wrap\" data-name=\"coach\"><input size=\"40\" maxlength=\"400\" class=\"wpcf7-form-control wpcf7-text\" aria-invalid=\"false\" placeholder=\"Name of Coach \/ Manager\" value=\"\" type=\"text\" name=\"coach\" \/><\/span><\/p>\n<p><span class=\"wpcf7-form-control-wrap\" data-name=\"positions\"><input size=\"40\" maxlength=\"400\" class=\"wpcf7-form-control wpcf7-text\" aria-invalid=\"false\" placeholder=\"Position(s) Played\" value=\"\" type=\"text\" name=\"positions\" \/><\/span><\/p>\n<p><span class=\"wpcf7-form-control-wrap\" data-name=\"heritage\"><input size=\"40\" maxlength=\"400\" class=\"wpcf7-form-control wpcf7-text\" aria-invalid=\"false\" placeholder=\"Armenian Heritage (Mother, Father, Grandfather, etc)\" value=\"\" type=\"text\" name=\"heritage\" \/><\/span><\/p>\n<p><span class=\"wpcf7-form-control-wrap\" data-name=\"tshirt\"><select class=\"wpcf7-form-control wpcf7-select wpcf7-validates-as-required\" aria-required=\"true\" aria-invalid=\"false\" name=\"tshirt\"><option value=\"\">Select T-shirt Size<\/option><option value=\"Youth S\">Youth S<\/option><option value=\"Youth Med\">Youth Med<\/option><option value=\"Youth Large\">Youth Large<\/option><option value=\"Adult Small\">Adult Small<\/option><option value=\"Adult Med\">Adult Med<\/option><option value=\"Adult L\">Adult L<\/option><option value=\"Adult XL\">Adult XL<\/option><\/select><\/span><\/p>\n<p style=\"text-align: center;\">The registration fee is collected to support PAYFA's sustainability to continue it\u2019s mission. The registration fee is non refundable regardless if the player will be selected or not.<\/p>\n<p><div class=\"wpcf7-stripe\"><div class=\"wpcf7-form-control-wrap hidden\"><div class=\"card-element wpcf7-form-control\" aria-invalid=\"false\"><\/div><\/div> <span class=\"buttons has-spinner\"><button type=\"submit\" class=\"first\">Proceed to payment<\/button> <button type=\"button\" class=\"second hidden\">Pay $200 and Submit Nomination<\/button><\/span> <input type=\"hidden\" name=\"_wpcf7_stripe_payment_intent\" value=\"\" \/><\/div><\/p><div class=\"wpcf7-response-output\" aria-hidden=\"true\"><\/div>\n<\/form>\n<\/div>\n<\/div>\n            <\/div>\t\t\t\t<\/div>\n\t\t\t\t<\/div>\n\t\t\t\t\t<\/div>\n\t\t<\/div>\n\t\t\t\t\t<\/div>\n\t\t<\/section>\n\t\t\t\t\t<\/div>\n\t\t<\/div>\n\t\t\t\t\t<\/div>\n\t\t<\/section>\n\t\t\t\t<\/div>\n\t\t","protected":false},"excerpt":{"rendered":"<p>Nominar a un jugador Persigue tu sue\u00f1o de jugar al f\u00fatbol como carrera profesional o a nivel universitario. 2025 Campamento del Sur de California La Federaci\u00f3n de F\u00fatbol de Armenia (FFA) ha iniciado el proceso de reclutamiento de jugadores masculinos de \u00e9lite de ascendencia armenia para las pruebas de las selecciones nacionales juveniles de f\u00fatbol de Armenia. Alrededor de junio\/julio de 2025, la FFA organizar\u00e1 pruebas en Erev\u00e1n (Armenia) para jugadores de \u00e9lite nacidos en 2012. La FFA anunciar\u00e1 en breve las fechas concretas de las pruebas. El campo de selecci\u00f3n inicial ser\u00e1 organizado y acogido por el PAYFA. El campamento estar\u00e1 dirigido por entrenadores experimentados con experiencia en el f\u00fatbol juvenil, ex jugadores profesionales y otros expertos en f\u00fatbol. El campamento tendr\u00e1 lugar en el sur de California, en la zona de Los \u00c1ngeles, hacia marzo de 2025. PAYFA anunciar\u00e1 en breve el lugar y las fechas concretas en sus canales sociales. Los jugadores seleccionados en el campamento del sur de California ser\u00e1n invitados a la Academia FFA de Erev\u00e1n (Armenia) en junio\/julio de 2025. La FFA y la PAYFA anunciar\u00e1n tambi\u00e9n en breve las fechas concretas y otros detalles sobre el campamento de Erev\u00e1n. Se admiten jugadores de todo Estados Unidos. CAMPAMENTO DEL SUR DE CALIFORNIA 2025 Nominar a un jugador Ahora se aceptan solicitudes para ni\u00f1os nacidos en 2012. S\u00edganos en nuestros canales sociales para m\u00e1s actualizaciones en breve. Para participar en el campamento del sur de California se requiere la nominaci\u00f3n de jugadores por parte de los directores de su academia\/club. As\u00ed nos aseguraremos de atraer a los mejores jugadores para las pruebas en Armenia. Buscamos candidaturas de jugadores de ascendencia armenia en los niveles m\u00e1s altos de sus clubes (ECNL, MLS NEXT, Elite Academy y otras ligas de \u00e9lite de cada regi\u00f3n) que puedan estar interesados en competir por una de estas plazas. Pedimos a todos los clubes y academias que env\u00eden los formularios de nominaci\u00f3n lo antes posible para reservar una plaza en el campamento del sur de California. Si desea hablar con nosotros antes de enviar los formularios de candidatura, env\u00edenos un correo electr\u00f3nico a info@payfa.org. Cualquiera que haya nacido en Armenia o haya nacido de padres armenios o haya sido adoptado por ellos, o que tenga abuelos o bisabuelos armenios, por parte de padre o madre, se considerar\u00e1 \u00abde ascendencia armenia\u00bb. Covid-19 Autorizaci\u00f3n Consentimiento y aceptaci\u00f3n (ingl\u00e9s-espa\u00f1ol) Permisos PAYFA Responsabilidad m\u00e9dica y formulario de inscripci\u00f3n ECNLECRLMLS NEXTEA LeagueOther Select T-shirt SizeYouth SYouth MedYouth LargeAdult SmallAdult MedAdult LAdult XL The registration fee is collected to support PAYFA&#8217;s sustainability to continue it\u2019s mission. The registration fee is non refundable regardless if the player will be selected or not. Proceed to payment Pay $180 and Submit Nomination<\/p>\n","protected":false},"author":1,"featured_media":2426,"parent":0,"menu_order":0,"comment_status":"closed","ping_status":"closed","template":"elementor_header_footer","meta":{"give_campaign_id":0,"inline_featured_image":false,"footnotes":""},"class_list":["post-3724","page","type-page","status-publish","has-post-thumbnail","hentry"],"campaignId":"","_links":{"self":[{"href":"https:\/\/payfa.org\/es\/wp-json\/wp\/v2\/pages\/3724","targetHints":{"allow":["GET"]}}],"collection":[{"href":"https:\/\/payfa.org\/es\/wp-json\/wp\/v2\/pages"}],"about":[{"href":"https:\/\/payfa.org\/es\/wp-json\/wp\/v2\/types\/page"}],"author":[{"embeddable":true,"href":"https:\/\/payfa.org\/es\/wp-json\/wp\/v2\/users\/1"}],"replies":[{"embeddable":true,"href":"https:\/\/payfa.org\/es\/wp-json\/wp\/v2\/comments?post=3724"}],"version-history":[{"count":2,"href":"https:\/\/payfa.org\/es\/wp-json\/wp\/v2\/pages\/3724\/revisions"}],"predecessor-version":[{"id":4329,"href":"https:\/\/payfa.org\/es\/wp-json\/wp\/v2\/pages\/3724\/revisions\/4329"}],"wp:featuredmedia":[{"embeddable":true,"href":"https:\/\/payfa.org\/es\/wp-json\/wp\/v2\/media\/2426"}],"wp:attachment":[{"href":"https:\/\/payfa.org\/es\/wp-json\/wp\/v2\/media?parent=3724"}],"curies":[{"name":"wp","href":"https:\/\/api.w.org\/{rel}","templated":true}]}}