{"id":3740,"date":"2023-09-19T13:29:13","date_gmt":"2023-09-19T13:29:13","guid":{"rendered":"https:\/\/payfa.org\/nuestra-historia\/"},"modified":"2024-02-04T16:54:06","modified_gmt":"2024-02-04T16:54:06","slug":"nuestra-historia","status":"publish","type":"page","link":"https:\/\/payfa.org\/es\/nuestra-historia\/","title":{"rendered":"Nuestra historia"},"content":{"rendered":"\t\t<div data-elementor-type=\"wp-page\" data-elementor-id=\"3740\" class=\"elementor elementor-3740 elementor-293\">\n\t\t\t\t<div class=\"elementor-element elementor-element-9136eb1 e-grid e-con-full wpr-particle-no wpr-jarallax-no wpr-parallax-no wpr-sticky-section-no e-con e-parent\" data-id=\"9136eb1\" data-element_type=\"container\" data-settings=\"{&quot;background_background&quot;:&quot;classic&quot;}\">\n\t\t<div class=\"elementor-element elementor-element-2342e9f e-grid e-con-boxed wpr-particle-no wpr-jarallax-no wpr-parallax-no wpr-sticky-section-no e-con e-child\" data-id=\"2342e9f\" data-element_type=\"container\">\n\t\t\t\t\t<div class=\"e-con-inner\">\n\t\t\t\t<div class=\"elementor-element elementor-element-5122b2c elementor-widget elementor-widget-heading\" data-id=\"5122b2c\" data-element_type=\"widget\" data-widget_type=\"heading.default\">\n\t\t\t\t<div class=\"elementor-widget-container\">\n\t\t\t\t\t<h2 class=\"elementor-heading-title elementor-size-default\">Qui\u00e9nes somos: Nuestra historia<\/h2>\t\t\t\t<\/div>\n\t\t\t\t<\/div>\n\t\t\t\t\t<\/div>\n\t\t\t\t<\/div>\n\t\t\t\t<\/div>\n\t\t\t\t<section class=\"elementor-section elementor-top-section elementor-element elementor-element-37c5f790 elementor-section-stretched elementor-section-full_width elementor-reverse-mobile elementor-section-height-default elementor-section-height-default wpr-particle-no wpr-jarallax-no wpr-parallax-no wpr-sticky-section-no\" data-id=\"37c5f790\" data-element_type=\"section\" data-settings=\"{&quot;stretch_section&quot;:&quot;section-stretched&quot;,&quot;background_background&quot;:&quot;classic&quot;}\">\n\t\t\t\t\t\t<div class=\"elementor-container elementor-column-gap-narrow\">\n\t\t\t\t\t<div class=\"elementor-column elementor-col-50 elementor-top-column elementor-element elementor-element-43b042f\" data-id=\"43b042f\" data-element_type=\"column\">\n\t\t\t<div class=\"elementor-widget-wrap elementor-element-populated\">\n\t\t\t\t\t\t<section class=\"elementor-section elementor-inner-section elementor-element elementor-element-2fcef7b elementor-section-boxed elementor-section-height-default elementor-section-height-default wpr-particle-no wpr-jarallax-no wpr-parallax-no wpr-sticky-section-no\" data-id=\"2fcef7b\" data-element_type=\"section\">\n\t\t\t\t\t\t<div class=\"elementor-container elementor-column-gap-default\">\n\t\t\t\t\t<div class=\"elementor-column elementor-col-100 elementor-inner-column elementor-element elementor-element-12b7919a\" data-id=\"12b7919a\" data-element_type=\"column\">\n\t\t\t<div class=\"elementor-widget-wrap elementor-element-populated\">\n\t\t\t\t\t\t<div class=\"elementor-element elementor-element-6a1606e elementor-widget elementor-widget-heading\" data-id=\"6a1606e\" data-element_type=\"widget\" data-widget_type=\"heading.default\">\n\t\t\t\t<div class=\"elementor-widget-container\">\n\t\t\t\t\t<h2 class=\"elementor-heading-title elementor-size-default\">C\u00f3mo empez\u00f3 todo<\/h2>\t\t\t\t<\/div>\n\t\t\t\t<\/div>\n\t\t\t\t<div class=\"elementor-element elementor-element-7ae582dd elementor-widget elementor-widget-heading\" data-id=\"7ae582dd\" data-element_type=\"widget\" data-widget_type=\"heading.default\">\n\t\t\t\t<div class=\"elementor-widget-container\">\n\t\t\t\t\t<h2 class=\"elementor-heading-title elementor-size-default\">Se funda la Asociaci\u00f3n Panarmenia de F\u00fatbol (PAYFA)<\/h2>\t\t\t\t<\/div>\n\t\t\t\t<\/div>\n\t\t\t\t<div class=\"elementor-element elementor-element-4a668386 elementor-widget-divider--view-line elementor-widget elementor-widget-divider\" data-id=\"4a668386\" data-element_type=\"widget\" data-widget_type=\"divider.default\">\n\t\t\t\t<div class=\"elementor-widget-container\">\n\t\t\t\t\t\t\t<div class=\"elementor-divider\">\n\t\t\t<span class=\"elementor-divider-separator\">\n\t\t\t\t\t\t<\/span>\n\t\t<\/div>\n\t\t\t\t\t\t<\/div>\n\t\t\t\t<\/div>\n\t\t\t\t<div class=\"elementor-element elementor-element-336a35d7 elementor-widget elementor-widget-text-editor\" data-id=\"336a35d7\" data-element_type=\"widget\" data-widget_type=\"text-editor.default\">\n\t\t\t\t<div class=\"elementor-widget-container\">\n\t\t\t\t\t\t\t\t\t<p>La Asociaci\u00f3n Pan-Armenia de F\u00fatbol (PAYFA) fue fundada en el sur de California por armenio-estadounidenses que quer\u00edan aunar su compromiso con su patria, Armenia, con su pasi\u00f3n por el f\u00fatbol, com\u00fanmente conocido como el \u00abdeporte rey\u00bb.<\/p>\n\t\t\t\t\t\t\t\t<\/div>\n\t\t\t\t<\/div>\n\t\t\t\t<div class=\"elementor-element elementor-element-d7c85bd elementor-widget elementor-widget-text-editor\" data-id=\"d7c85bd\" data-element_type=\"widget\" data-widget_type=\"text-editor.default\">\n\t\t\t\t<div class=\"elementor-widget-container\">\n\t\t\t\t\t\t\t\t\t<p>La piedra angular del papel del PAYFA es animar y facilitar que los j\u00f3venes jugadores de ascendencia armenia persigan sus sue\u00f1os de jugar al f\u00fatbol como una posible carrera profesional o a nivel universitario. Con este objetivo en mente, utilizaremos todos nuestros recursos personales y comunitarios para identificar una red mundial de j\u00f3venes jugadores armenios de talento.<\/p>\n\t\t\t\t\t\t\t\t<\/div>\n\t\t\t\t<\/div>\n\t\t\t\t\t<\/div>\n\t\t<\/div>\n\t\t\t\t\t<\/div>\n\t\t<\/section>\n\t\t\t\t\t<\/div>\n\t\t<\/div>\n\t\t\t\t<div class=\"elementor-column elementor-col-50 elementor-top-column elementor-element elementor-element-168d5a7e\" data-id=\"168d5a7e\" data-element_type=\"column\" data-settings=\"{&quot;background_background&quot;:&quot;classic&quot;}\">\n\t\t\t<div class=\"elementor-widget-wrap elementor-element-populated\">\n\t\t\t\t\t\t<div class=\"elementor-element elementor-element-53627be9 elementor-widget elementor-widget-spacer\" data-id=\"53627be9\" data-element_type=\"widget\" data-widget_type=\"spacer.default\">\n\t\t\t\t<div class=\"elementor-widget-container\">\n\t\t\t\t\t\t\t<div class=\"elementor-spacer\">\n\t\t\t<div class=\"elementor-spacer-inner\"><\/div>\n\t\t<\/div>\n\t\t\t\t\t\t<\/div>\n\t\t\t\t<\/div>\n\t\t\t\t\t<\/div>\n\t\t<\/div>\n\t\t\t\t\t<\/div>\n\t\t<\/section>\n\t\t\t\t<section class=\"elementor-section elementor-top-section elementor-element elementor-element-58ded0c elementor-section-stretched elementor-section-full_width elementor-section-content-middle elementor-section-height-default elementor-section-height-default wpr-particle-no wpr-jarallax-no wpr-parallax-no wpr-sticky-section-no\" data-id=\"58ded0c\" data-element_type=\"section\" data-settings=\"{&quot;stretch_section&quot;:&quot;section-stretched&quot;,&quot;background_background&quot;:&quot;classic&quot;}\">\n\t\t\t\t\t\t<div class=\"elementor-container elementor-column-gap-wider\">\n\t\t\t\t\t<div class=\"elementor-column elementor-col-50 elementor-top-column elementor-element elementor-element-4130351\" data-id=\"4130351\" data-element_type=\"column\" data-settings=\"{&quot;background_background&quot;:&quot;classic&quot;}\">\n\t\t\t<div class=\"elementor-widget-wrap elementor-element-populated\">\n\t\t\t\t\t\t<div class=\"elementor-element elementor-element-7ea50ef elementor-widget elementor-widget-spacer\" data-id=\"7ea50ef\" data-element_type=\"widget\" data-widget_type=\"spacer.default\">\n\t\t\t\t<div class=\"elementor-widget-container\">\n\t\t\t\t\t\t\t<div class=\"elementor-spacer\">\n\t\t\t<div class=\"elementor-spacer-inner\"><\/div>\n\t\t<\/div>\n\t\t\t\t\t\t<\/div>\n\t\t\t\t<\/div>\n\t\t\t\t\t<\/div>\n\t\t<\/div>\n\t\t\t\t<div class=\"elementor-column elementor-col-50 elementor-top-column elementor-element elementor-element-df5ffed\" data-id=\"df5ffed\" data-element_type=\"column\">\n\t\t\t<div class=\"elementor-widget-wrap elementor-element-populated\">\n\t\t\t\t\t\t<section class=\"elementor-section elementor-inner-section elementor-element elementor-element-c3e9ae3 elementor-section-boxed elementor-section-height-default elementor-section-height-default wpr-particle-no wpr-jarallax-no wpr-parallax-no wpr-sticky-section-no\" data-id=\"c3e9ae3\" data-element_type=\"section\">\n\t\t\t\t\t\t<div class=\"elementor-container elementor-column-gap-default\">\n\t\t\t\t\t<div class=\"elementor-column elementor-col-100 elementor-inner-column elementor-element elementor-element-bbb710f\" data-id=\"bbb710f\" data-element_type=\"column\">\n\t\t\t<div class=\"elementor-widget-wrap elementor-element-populated\">\n\t\t\t\t\t\t<div class=\"elementor-element elementor-element-394db28 elementor-widget elementor-widget-heading\" data-id=\"394db28\" data-element_type=\"widget\" data-widget_type=\"heading.default\">\n\t\t\t\t<div class=\"elementor-widget-container\">\n\t\t\t\t\t<h2 class=\"elementor-heading-title elementor-size-default\">Por qu\u00e9 empez\u00f3 todo<\/h2>\t\t\t\t<\/div>\n\t\t\t\t<\/div>\n\t\t\t\t<div class=\"elementor-element elementor-element-3968337 elementor-widget elementor-widget-heading\" data-id=\"3968337\" data-element_type=\"widget\" data-widget_type=\"heading.default\">\n\t\t\t\t<div class=\"elementor-widget-container\">\n\t\t\t\t\t<h2 class=\"elementor-heading-title elementor-size-default\">Nuestra misi\u00f3n<\/h2>\t\t\t\t<\/div>\n\t\t\t\t<\/div>\n\t\t\t\t<div class=\"elementor-element elementor-element-eab01dd elementor-widget-divider--view-line elementor-widget elementor-widget-divider\" data-id=\"eab01dd\" data-element_type=\"widget\" data-widget_type=\"divider.default\">\n\t\t\t\t<div class=\"elementor-widget-container\">\n\t\t\t\t\t\t\t<div class=\"elementor-divider\">\n\t\t\t<span class=\"elementor-divider-separator\">\n\t\t\t\t\t\t<\/span>\n\t\t<\/div>\n\t\t\t\t\t\t<\/div>\n\t\t\t\t<\/div>\n\t\t\t\t<div class=\"elementor-element elementor-element-059615a elementor-widget elementor-widget-text-editor\" data-id=\"059615a\" data-element_type=\"widget\" data-widget_type=\"text-editor.default\">\n\t\t\t\t<div class=\"elementor-widget-container\">\n\t\t\t\t\t\t\t\t\t<p>Uno de los componentes clave de nuestra misi\u00f3n es ayudar a identificar a j\u00f3venes jugadores armenios de \u00e9lite en toda la di\u00e1spora y presentarlos a la Federaci\u00f3n de F\u00fatbol de Armenia (FFA). Esta oportunidad \u00fanica podr\u00eda invitar a algunos de estos jugadores de gran calibre a jugar al f\u00fatbol internacional con las selecciones juveniles armenias. Hemos tenido la suerte de formar una asociaci\u00f3n oficial con la FFA para ayudar a descubrir, evaluar y promover a estos jugadores de todo el mundo en la red de la FFA.<\/p>\n<p>Creemos que la v\u00eda para identificar y formar jugadores armenios afincados en Estados Unidos para la FFA no s\u00f3lo ser\u00e1 una gran oportunidad para los j\u00f3venes jugadores, sino que tambi\u00e9n beneficiar\u00e1 a la FFA y a las academias de f\u00fatbol locales que participan en la formaci\u00f3n y el desarrollo de estos jugadores\u00bb.<\/p>\n\t\t\t\t\t\t\t\t<\/div>\n\t\t\t\t<\/div>\n\t\t\t\t\t<\/div>\n\t\t<\/div>\n\t\t\t\t\t<\/div>\n\t\t<\/section>\n\t\t\t\t\t<\/div>\n\t\t<\/div>\n\t\t\t\t\t<\/div>\n\t\t<\/section>\n\t\t\t\t<section class=\"elementor-section elementor-top-section elementor-element elementor-element-292e1c7 elementor-section-stretched elementor-section-full_width elementor-reverse-mobile elementor-section-height-default elementor-section-height-default wpr-particle-no wpr-jarallax-no wpr-parallax-no wpr-sticky-section-no\" data-id=\"292e1c7\" data-element_type=\"section\" data-settings=\"{&quot;stretch_section&quot;:&quot;section-stretched&quot;,&quot;background_background&quot;:&quot;classic&quot;}\">\n\t\t\t\t\t\t<div class=\"elementor-container elementor-column-gap-narrow\">\n\t\t\t\t\t<div class=\"elementor-column elementor-col-50 elementor-top-column elementor-element elementor-element-c5e12e7\" data-id=\"c5e12e7\" data-element_type=\"column\">\n\t\t\t<div class=\"elementor-widget-wrap elementor-element-populated\">\n\t\t\t\t\t\t<section class=\"elementor-section elementor-inner-section elementor-element elementor-element-eb9694a elementor-section-boxed elementor-section-height-default elementor-section-height-default wpr-particle-no wpr-jarallax-no wpr-parallax-no wpr-sticky-section-no\" data-id=\"eb9694a\" data-element_type=\"section\">\n\t\t\t\t\t\t<div class=\"elementor-container elementor-column-gap-default\">\n\t\t\t\t\t<div class=\"elementor-column elementor-col-100 elementor-inner-column elementor-element elementor-element-0fa5813\" data-id=\"0fa5813\" data-element_type=\"column\">\n\t\t\t<div class=\"elementor-widget-wrap elementor-element-populated\">\n\t\t\t\t\t\t<div class=\"elementor-element elementor-element-c62d4c4 elementor-widget elementor-widget-heading\" data-id=\"c62d4c4\" data-element_type=\"widget\" data-widget_type=\"heading.default\">\n\t\t\t\t<div class=\"elementor-widget-container\">\n\t\t\t\t\t<h2 class=\"elementor-heading-title elementor-size-default\">Qu\u00e9 oportunidades ofrecemos<\/h2>\t\t\t\t<\/div>\n\t\t\t\t<\/div>\n\t\t\t\t<div class=\"elementor-element elementor-element-a97a52c elementor-widget elementor-widget-heading\" data-id=\"a97a52c\" data-element_type=\"widget\" data-widget_type=\"heading.default\">\n\t\t\t\t<div class=\"elementor-widget-container\">\n\t\t\t\t\t<h2 class=\"elementor-heading-title elementor-size-default\">Qu\u00e9 reciben los jugadores<\/h2>\t\t\t\t<\/div>\n\t\t\t\t<\/div>\n\t\t\t\t<div class=\"elementor-element elementor-element-038a72d elementor-widget-divider--view-line elementor-widget elementor-widget-divider\" data-id=\"038a72d\" data-element_type=\"widget\" data-widget_type=\"divider.default\">\n\t\t\t\t<div class=\"elementor-widget-container\">\n\t\t\t\t\t\t\t<div class=\"elementor-divider\">\n\t\t\t<span class=\"elementor-divider-separator\">\n\t\t\t\t\t\t<\/span>\n\t\t<\/div>\n\t\t\t\t\t\t<\/div>\n\t\t\t\t<\/div>\n\t\t\t\t<div class=\"elementor-element elementor-element-6cda838 elementor-widget elementor-widget-text-editor\" data-id=\"6cda838\" data-element_type=\"widget\" data-widget_type=\"text-editor.default\">\n\t\t\t\t<div class=\"elementor-widget-container\">\n\t\t\t\t\t\t\t\t\tLos beneficios para los jugadores seleccionados son muchos:\n<br><br>\n<ul>\n<li>desarrollo como jugador capaz de competir con los mejores jugadores de su grupo de edad, <\/li>\n<li>oportunidad de a\u00f1adir los viajes internacionales y la competici\u00f3n al m\u00e1s alto nivel,<\/li>\n<li>exposici\u00f3n a los mejores clubes de f\u00fatbol de todo el mundo y a ojeadores profesionales,<\/li>\n<li>oportunidad de representar a Armenia,<\/li>\n<li>y por \u00faltimo, pero no menos importante, la exposici\u00f3n a los mejores reclutas universitarios.<\/li>\n<\/ul>\n<br>\n\nEn \u00faltima instancia, con el \u00e9xito de este programa, nos gustar\u00eda reproducir este modelo de captaci\u00f3n de jugadores armenios en otros pa\u00edses. PAYFA es una organizaci\u00f3n sin \u00e1nimo de lucro 501(3)c y todas las donaciones para llevar a cabo nuestra misi\u00f3n son alentadas y apreciadas.\t\t\t\t\t\t\t\t<\/div>\n\t\t\t\t<\/div>\n\t\t\t\t\t<\/div>\n\t\t<\/div>\n\t\t\t\t\t<\/div>\n\t\t<\/section>\n\t\t\t\t\t<\/div>\n\t\t<\/div>\n\t\t\t\t<div class=\"elementor-column elementor-col-50 elementor-top-column elementor-element elementor-element-c1f04ed\" data-id=\"c1f04ed\" data-element_type=\"column\" data-settings=\"{&quot;background_background&quot;:&quot;classic&quot;}\">\n\t\t\t<div class=\"elementor-widget-wrap elementor-element-populated\">\n\t\t\t\t\t\t<div class=\"elementor-element elementor-element-3acb17a elementor-widget elementor-widget-spacer\" data-id=\"3acb17a\" data-element_type=\"widget\" data-widget_type=\"spacer.default\">\n\t\t\t\t<div class=\"elementor-widget-container\">\n\t\t\t\t\t\t\t<div class=\"elementor-spacer\">\n\t\t\t<div class=\"elementor-spacer-inner\"><\/div>\n\t\t<\/div>\n\t\t\t\t\t\t<\/div>\n\t\t\t\t<\/div>\n\t\t\t\t\t<\/div>\n\t\t<\/div>\n\t\t\t\t\t<\/div>\n\t\t<\/section>\n\t\t\t\t<\/div>\n\t\t","protected":false},"excerpt":{"rendered":"<p>Qui\u00e9nes somos: Nuestra historia C\u00f3mo empez\u00f3 todo Se funda la Asociaci\u00f3n Panarmenia de F\u00fatbol (PAYFA) La Asociaci\u00f3n Pan-Armenia de F\u00fatbol (PAYFA) fue fundada en el sur de California por armenio-estadounidenses que quer\u00edan aunar su compromiso con su patria, Armenia, con su pasi\u00f3n por el f\u00fatbol, com\u00fanmente conocido como el \u00abdeporte rey\u00bb. La piedra angular del papel del PAYFA es animar y facilitar que los j\u00f3venes jugadores de ascendencia armenia persigan sus sue\u00f1os de jugar al f\u00fatbol como una posible carrera profesional o a nivel universitario. Con este objetivo en mente, utilizaremos todos nuestros recursos personales y comunitarios para identificar una red mundial de j\u00f3venes jugadores armenios de talento. Por qu\u00e9 empez\u00f3 todo Nuestra misi\u00f3n Uno de los componentes clave de nuestra misi\u00f3n es ayudar a identificar a j\u00f3venes jugadores armenios de \u00e9lite en toda la di\u00e1spora y presentarlos a la Federaci\u00f3n de F\u00fatbol de Armenia (FFA). Esta oportunidad \u00fanica podr\u00eda invitar a algunos de estos jugadores de gran calibre a jugar al f\u00fatbol internacional con las selecciones juveniles armenias. Hemos tenido la suerte de formar una asociaci\u00f3n oficial con la FFA para ayudar a descubrir, evaluar y promover a estos jugadores de todo el mundo en la red de la FFA. Creemos que la v\u00eda para identificar y formar jugadores armenios afincados en Estados Unidos para la FFA no s\u00f3lo ser\u00e1 una gran oportunidad para los j\u00f3venes jugadores, sino que tambi\u00e9n beneficiar\u00e1 a la FFA y a las academias de f\u00fatbol locales que participan en la formaci\u00f3n y el desarrollo de estos jugadores\u00bb. Qu\u00e9 oportunidades ofrecemos Qu\u00e9 reciben los jugadores Los beneficios para los jugadores seleccionados son muchos: desarrollo como jugador capaz de competir con los mejores jugadores de su grupo de edad, oportunidad de a\u00f1adir los viajes internacionales y la competici\u00f3n al m\u00e1s alto nivel, exposici\u00f3n a los mejores clubes de f\u00fatbol de todo el mundo y a ojeadores profesionales, oportunidad de representar a Armenia, y por \u00faltimo, pero no menos importante, la exposici\u00f3n a los mejores reclutas universitarios. En \u00faltima instancia, con el \u00e9xito de este programa, nos gustar\u00eda reproducir este modelo de captaci\u00f3n de jugadores armenios en otros pa\u00edses. PAYFA es una organizaci\u00f3n sin \u00e1nimo de lucro 501(3)c y todas las donaciones para llevar a cabo nuestra misi\u00f3n son alentadas y apreciadas.<\/p>\n","protected":false},"author":1,"featured_media":2426,"parent":0,"menu_order":0,"comment_status":"closed","ping_status":"closed","template":"elementor_header_footer","meta":{"give_campaign_id":0,"inline_featured_image":false,"footnotes":""},"class_list":["post-3740","page","type-page","status-publish","has-post-thumbnail","hentry"],"campaignId":"","_links":{"self":[{"href":"https:\/\/payfa.org\/es\/wp-json\/wp\/v2\/pages\/3740","targetHints":{"allow":["GET"]}}],"collection":[{"href":"https:\/\/payfa.org\/es\/wp-json\/wp\/v2\/pages"}],"about":[{"href":"https:\/\/payfa.org\/es\/wp-json\/wp\/v2\/types\/page"}],"author":[{"embeddable":true,"href":"https:\/\/payfa.org\/es\/wp-json\/wp\/v2\/users\/1"}],"replies":[{"embeddable":true,"href":"https:\/\/payfa.org\/es\/wp-json\/wp\/v2\/comments?post=3740"}],"version-history":[{"count":3,"href":"https:\/\/payfa.org\/es\/wp-json\/wp\/v2\/pages\/3740\/revisions"}],"predecessor-version":[{"id":3743,"href":"https:\/\/payfa.org\/es\/wp-json\/wp\/v2\/pages\/3740\/revisions\/3743"}],"wp:featuredmedia":[{"embeddable":true,"href":"https:\/\/payfa.org\/es\/wp-json\/wp\/v2\/media\/2426"}],"wp:attachment":[{"href":"https:\/\/payfa.org\/es\/wp-json\/wp\/v2\/media?parent=3740"}],"curies":[{"name":"wp","href":"https:\/\/api.w.org\/{rel}","templated":true}]}}