{"id":3844,"date":"2023-09-23T22:10:38","date_gmt":"2023-09-23T22:10:38","guid":{"rendered":"https:\/\/payfa.org\/que-hacemos\/"},"modified":"2024-02-04T17:46:25","modified_gmt":"2024-02-04T17:46:25","slug":"que-hacemos","status":"publish","type":"page","link":"https:\/\/payfa.org\/es\/que-hacemos\/","title":{"rendered":"Qu\u00e9 hacemos"},"content":{"rendered":"\t\t<div data-elementor-type=\"wp-page\" data-elementor-id=\"3844\" class=\"elementor elementor-3844 elementor-451\">\n\t\t\t\t<div class=\"elementor-element elementor-element-380147e4 e-grid e-con-full wpr-particle-no wpr-jarallax-no wpr-parallax-no wpr-sticky-section-no e-con e-parent\" data-id=\"380147e4\" data-element_type=\"container\" data-settings=\"{&quot;background_background&quot;:&quot;classic&quot;}\">\n\t\t<div class=\"elementor-element elementor-element-6502e794 e-grid e-con-boxed wpr-particle-no wpr-jarallax-no wpr-parallax-no wpr-sticky-section-no e-con e-child\" data-id=\"6502e794\" data-element_type=\"container\">\n\t\t\t\t\t<div class=\"e-con-inner\">\n\t\t\t\t<div class=\"elementor-element elementor-element-3f4f6078 elementor-widget elementor-widget-heading\" data-id=\"3f4f6078\" data-element_type=\"widget\" data-widget_type=\"heading.default\">\n\t\t\t\t<div class=\"elementor-widget-container\">\n\t\t\t\t\t<h2 class=\"elementor-heading-title elementor-size-default\">Qui\u00e9nes somos: Qu\u00e9 hacemos<\/h2>\t\t\t\t<\/div>\n\t\t\t\t<\/div>\n\t\t\t\t\t<\/div>\n\t\t\t\t<\/div>\n\t\t\t\t<\/div>\n\t\t\t\t<section class=\"elementor-section elementor-top-section elementor-element elementor-element-25bbd395 elementor-section-content-middle elementor-section-stretched elementor-section-height-min-height elementor-section-boxed elementor-section-height-default elementor-section-items-middle wpr-particle-no wpr-jarallax-no wpr-parallax-no wpr-sticky-section-no\" data-id=\"25bbd395\" data-element_type=\"section\" id=\"about\" data-settings=\"{&quot;stretch_section&quot;:&quot;section-stretched&quot;,&quot;background_background&quot;:&quot;classic&quot;}\">\n\t\t\t\t\t\t<div class=\"elementor-container elementor-column-gap-default\">\n\t\t\t\t\t<div class=\"elementor-column elementor-col-100 elementor-top-column elementor-element elementor-element-5562daf2\" data-id=\"5562daf2\" data-element_type=\"column\">\n\t\t\t<div class=\"elementor-widget-wrap elementor-element-populated\">\n\t\t\t\t\t\t<section class=\"elementor-section elementor-inner-section elementor-element elementor-element-2cb55226 elementor-section-boxed elementor-section-height-default elementor-section-height-default wpr-particle-no wpr-jarallax-no wpr-parallax-no wpr-sticky-section-no\" data-id=\"2cb55226\" data-element_type=\"section\">\n\t\t\t\t\t\t<div class=\"elementor-container elementor-column-gap-default\">\n\t\t\t\t\t<div class=\"elementor-column elementor-col-100 elementor-inner-column elementor-element elementor-element-3e048623\" data-id=\"3e048623\" data-element_type=\"column\">\n\t\t\t<div class=\"elementor-widget-wrap elementor-element-populated\">\n\t\t\t\t\t\t<div class=\"elementor-element elementor-element-3c209b4c elementor-widget elementor-widget-heading\" data-id=\"3c209b4c\" data-element_type=\"widget\" data-widget_type=\"heading.default\">\n\t\t\t\t<div class=\"elementor-widget-container\">\n\t\t\t\t\t<h2 class=\"elementor-heading-title elementor-size-default\">Persigue tu sue\u00f1o de jugar al f\u00fatbol como carrera profesional o a nivel universitario.<\/h2>\t\t\t\t<\/div>\n\t\t\t\t<\/div>\n\t\t\t\t<div class=\"elementor-element elementor-element-3ebb0937 elementor-widget elementor-widget-heading\" data-id=\"3ebb0937\" data-element_type=\"widget\" data-widget_type=\"heading.default\">\n\t\t\t\t<div class=\"elementor-widget-container\">\n\t\t\t\t\t<h2 class=\"elementor-heading-title elementor-size-default\">Qu\u00e9 hacemos<\/h2>\t\t\t\t<\/div>\n\t\t\t\t<\/div>\n\t\t\t\t\t<\/div>\n\t\t<\/div>\n\t\t\t\t\t<\/div>\n\t\t<\/section>\n\t\t\t\t<section class=\"elementor-section elementor-inner-section elementor-element elementor-element-4479d7d8 elementor-section-boxed elementor-section-height-default elementor-section-height-default wpr-particle-no wpr-jarallax-no wpr-parallax-no wpr-sticky-section-no\" data-id=\"4479d7d8\" data-element_type=\"section\">\n\t\t\t\t\t\t<div class=\"elementor-container elementor-column-gap-no\">\n\t\t\t\t\t<div class=\"elementor-column elementor-col-100 elementor-inner-column elementor-element elementor-element-1e92d833\" data-id=\"1e92d833\" data-element_type=\"column\">\n\t\t\t<div class=\"elementor-widget-wrap elementor-element-populated\">\n\t\t\t\t\t\t<div class=\"elementor-element elementor-element-7f2c345d elementor-widget-divider--view-line elementor-widget elementor-widget-divider\" data-id=\"7f2c345d\" data-element_type=\"widget\" data-widget_type=\"divider.default\">\n\t\t\t\t<div class=\"elementor-widget-container\">\n\t\t\t\t\t\t\t<div class=\"elementor-divider\">\n\t\t\t<span class=\"elementor-divider-separator\">\n\t\t\t\t\t\t<\/span>\n\t\t<\/div>\n\t\t\t\t\t\t<\/div>\n\t\t\t\t<\/div>\n\t\t\t\t<div class=\"elementor-element elementor-element-552dfa06 elementor-widget elementor-widget-text-editor\" data-id=\"552dfa06\" data-element_type=\"widget\" data-widget_type=\"text-editor.default\">\n\t\t\t\t<div class=\"elementor-widget-container\">\n\t\t\t\t\t\t\t\t\t<p>La Asociaci\u00f3n Panarmenia de F\u00fatbol Juvenil (PAYFA, por sus siglas en ingl\u00e9s) tiene la misi\u00f3n de identificar a j\u00f3venes talentos del f\u00fatbol de ascendencia armenia en la di\u00e1spora y facilitar su incorporaci\u00f3n a la amplia red de la Federaci\u00f3n de F\u00fatbol de Armenia. Esto reunir\u00e1 a la juventud armenia en una comunidad que comparte la pasi\u00f3n por el deporte del f\u00fatbol y fomentar\u00e1 amistades para toda la vida. Nuestra organizaci\u00f3n pretende ofrecer este apoyo global, recursos y tutor\u00eda a los j\u00f3venes armenios para que alcancen sus objetivos personales tanto dentro como fuera del campo.<\/p>\n<p>La Federaci\u00f3n de F\u00fatbol de Armenia (FFA) se ha asociado formalmente con nuestra organizaci\u00f3n, la Asociaci\u00f3n Panarmenia de F\u00fatbol Juvenil (PAYFA), para iniciar el proceso de reclutamiento en nombre de la FFA. V\u00e9ase el \u00abAnuncio de asociaci\u00f3n y autorizaci\u00f3n\u00bb adjunto.<\/p>\n\t\t\t\t\t\t\t\t<\/div>\n\t\t\t\t<\/div>\n\t\t\t\t\t<\/div>\n\t\t<\/div>\n\t\t\t\t\t<\/div>\n\t\t<\/section>\n\t\t\t\t\t<\/div>\n\t\t<\/div>\n\t\t\t\t\t<\/div>\n\t\t<\/section>\n\t\t\t\t<section class=\"elementor-section elementor-top-section elementor-element elementor-element-5c7222ba elementor-section-stretched elementor-section-content-middle elementor-reverse-mobile elementor-section-boxed elementor-section-height-default elementor-section-height-default wpr-particle-no wpr-jarallax-no wpr-parallax-no wpr-sticky-section-no\" data-id=\"5c7222ba\" data-element_type=\"section\" id=\"nominate\" data-settings=\"{&quot;stretch_section&quot;:&quot;section-stretched&quot;,&quot;background_background&quot;:&quot;classic&quot;,&quot;shape_divider_top&quot;:&quot;tilt&quot;}\">\n\t\t\t\t\t<div class=\"elementor-shape elementor-shape-top\" aria-hidden=\"true\" data-negative=\"false\">\n\t\t\t<svg xmlns=\"http:\/\/www.w3.org\/2000\/svg\" viewBox=\"0 0 1000 100\" preserveAspectRatio=\"none\">\n\t<path class=\"elementor-shape-fill\" d=\"M0,6V0h1000v100L0,6z\"\/>\n<\/svg>\t\t<\/div>\n\t\t\t\t\t<div class=\"elementor-container elementor-column-gap-wider\">\n\t\t\t\t\t<div class=\"elementor-column elementor-col-100 elementor-top-column elementor-element elementor-element-63d1a5be\" data-id=\"63d1a5be\" data-element_type=\"column\">\n\t\t\t<div class=\"elementor-widget-wrap elementor-element-populated\">\n\t\t\t\t\t\t<div class=\"elementor-element elementor-element-4206c1f5 elementor-widget elementor-widget-spacer\" data-id=\"4206c1f5\" data-element_type=\"widget\" data-widget_type=\"spacer.default\">\n\t\t\t\t<div class=\"elementor-widget-container\">\n\t\t\t\t\t\t\t<div class=\"elementor-spacer\">\n\t\t\t<div class=\"elementor-spacer-inner\"><\/div>\n\t\t<\/div>\n\t\t\t\t\t\t<\/div>\n\t\t\t\t<\/div>\n\t\t\t\t<section class=\"elementor-section elementor-inner-section elementor-element elementor-element-3434fb7e elementor-section-content-middle elementor-section-boxed elementor-section-height-default elementor-section-height-default wpr-particle-no wpr-jarallax-no wpr-parallax-no wpr-sticky-section-no\" data-id=\"3434fb7e\" data-element_type=\"section\" data-settings=\"{&quot;background_background&quot;:&quot;classic&quot;}\">\n\t\t\t\t\t\t<div class=\"elementor-container elementor-column-gap-wider\">\n\t\t\t\t\t<div class=\"elementor-column elementor-col-100 elementor-inner-column elementor-element elementor-element-6333b6c1\" data-id=\"6333b6c1\" data-element_type=\"column\" data-settings=\"{&quot;background_background&quot;:&quot;classic&quot;}\">\n\t\t\t<div class=\"elementor-widget-wrap elementor-element-populated\">\n\t\t\t\t\t\t<div class=\"elementor-element elementor-element-58467d0 elementor-widget elementor-widget-image\" data-id=\"58467d0\" data-element_type=\"widget\" data-widget_type=\"image.default\">\n\t\t\t\t<div class=\"elementor-widget-container\">\n\t\t\t\t\t\t\t\t\t\t\t\t\t\t\t<img fetchpriority=\"high\" decoding=\"async\" width=\"1448\" height=\"2048\" src=\"https:\/\/payfa.org\/wp-content\/uploads\/2023\/09\/Announcement-of-Partnership-and-Authorization-1-1-1448x2048-1.png\" class=\"attachment-full size-full wp-image-2534\" alt=\"\" srcset=\"https:\/\/payfa.org\/wp-content\/uploads\/2023\/09\/Announcement-of-Partnership-and-Authorization-1-1-1448x2048-1.png 1448w, https:\/\/payfa.org\/wp-content\/uploads\/2023\/09\/Announcement-of-Partnership-and-Authorization-1-1-1448x2048-1-212x300.png 212w, https:\/\/payfa.org\/wp-content\/uploads\/2023\/09\/Announcement-of-Partnership-and-Authorization-1-1-1448x2048-1-724x1024.png 724w, https:\/\/payfa.org\/wp-content\/uploads\/2023\/09\/Announcement-of-Partnership-and-Authorization-1-1-1448x2048-1-768x1086.png 768w, https:\/\/payfa.org\/wp-content\/uploads\/2023\/09\/Announcement-of-Partnership-and-Authorization-1-1-1448x2048-1-1086x1536.png 1086w\" sizes=\"(max-width: 1448px) 100vw, 1448px\" \/>\t\t\t\t\t\t\t\t\t\t\t\t\t\t\t<\/div>\n\t\t\t\t<\/div>\n\t\t\t\t\t<\/div>\n\t\t<\/div>\n\t\t\t\t\t<\/div>\n\t\t<\/section>\n\t\t\t\t<div class=\"elementor-element elementor-element-18995cfc elementor-widget elementor-widget-spacer\" data-id=\"18995cfc\" data-element_type=\"widget\" data-widget_type=\"spacer.default\">\n\t\t\t\t<div class=\"elementor-widget-container\">\n\t\t\t\t\t\t\t<div class=\"elementor-spacer\">\n\t\t\t<div class=\"elementor-spacer-inner\"><\/div>\n\t\t<\/div>\n\t\t\t\t\t\t<\/div>\n\t\t\t\t<\/div>\n\t\t\t\t\t<\/div>\n\t\t<\/div>\n\t\t\t\t\t<\/div>\n\t\t<\/section>\n\t\t\t\t<\/div>\n\t\t","protected":false},"excerpt":{"rendered":"<p>Qui\u00e9nes somos: Qu\u00e9 hacemos Persigue tu sue\u00f1o de jugar al f\u00fatbol como carrera profesional o a nivel universitario. Qu\u00e9 hacemos La Asociaci\u00f3n Panarmenia de F\u00fatbol Juvenil (PAYFA, por sus siglas en ingl\u00e9s) tiene la misi\u00f3n de identificar a j\u00f3venes talentos del f\u00fatbol de ascendencia armenia en la di\u00e1spora y facilitar su incorporaci\u00f3n a la amplia red de la Federaci\u00f3n de F\u00fatbol de Armenia. Esto reunir\u00e1 a la juventud armenia en una comunidad que comparte la pasi\u00f3n por el deporte del f\u00fatbol y fomentar\u00e1 amistades para toda la vida. Nuestra organizaci\u00f3n pretende ofrecer este apoyo global, recursos y tutor\u00eda a los j\u00f3venes armenios para que alcancen sus objetivos personales tanto dentro como fuera del campo. La Federaci\u00f3n de F\u00fatbol de Armenia (FFA) se ha asociado formalmente con nuestra organizaci\u00f3n, la Asociaci\u00f3n Panarmenia de F\u00fatbol Juvenil (PAYFA), para iniciar el proceso de reclutamiento en nombre de la FFA. V\u00e9ase el \u00abAnuncio de asociaci\u00f3n y autorizaci\u00f3n\u00bb adjunto.<\/p>\n","protected":false},"author":1,"featured_media":2426,"parent":0,"menu_order":0,"comment_status":"closed","ping_status":"closed","template":"elementor_header_footer","meta":{"give_campaign_id":0,"inline_featured_image":false,"footnotes":""},"class_list":["post-3844","page","type-page","status-publish","has-post-thumbnail","hentry"],"campaignId":"","_links":{"self":[{"href":"https:\/\/payfa.org\/es\/wp-json\/wp\/v2\/pages\/3844","targetHints":{"allow":["GET"]}}],"collection":[{"href":"https:\/\/payfa.org\/es\/wp-json\/wp\/v2\/pages"}],"about":[{"href":"https:\/\/payfa.org\/es\/wp-json\/wp\/v2\/types\/page"}],"author":[{"embeddable":true,"href":"https:\/\/payfa.org\/es\/wp-json\/wp\/v2\/users\/1"}],"replies":[{"embeddable":true,"href":"https:\/\/payfa.org\/es\/wp-json\/wp\/v2\/comments?post=3844"}],"version-history":[{"count":1,"href":"https:\/\/payfa.org\/es\/wp-json\/wp\/v2\/pages\/3844\/revisions"}],"predecessor-version":[{"id":3845,"href":"https:\/\/payfa.org\/es\/wp-json\/wp\/v2\/pages\/3844\/revisions\/3845"}],"wp:featuredmedia":[{"embeddable":true,"href":"https:\/\/payfa.org\/es\/wp-json\/wp\/v2\/media\/2426"}],"wp:attachment":[{"href":"https:\/\/payfa.org\/es\/wp-json\/wp\/v2\/media?parent=3844"}],"curies":[{"name":"wp","href":"https:\/\/api.w.org\/{rel}","templated":true}]}}