{"id":3572,"date":"2023-09-24T00:36:17","date_gmt":"2023-09-24T00:36:17","guid":{"rendered":"https:\/\/payfa.org\/camps-ffa\/"},"modified":"2024-02-04T16:22:47","modified_gmt":"2024-02-04T16:22:47","slug":"camps-ffa","status":"publish","type":"page","link":"https:\/\/payfa.org\/fr\/camps-ffa\/","title":{"rendered":"Camps FFA"},"content":{"rendered":"\t\t<div data-elementor-type=\"wp-page\" data-elementor-id=\"3572\" class=\"elementor elementor-3572 elementor-627\">\n\t\t\t\t<div class=\"elementor-element elementor-element-5e56becc e-grid e-con-full wpr-particle-no wpr-jarallax-no wpr-parallax-no wpr-sticky-section-no e-con e-parent\" data-id=\"5e56becc\" data-element_type=\"container\" data-settings=\"{&quot;background_background&quot;:&quot;classic&quot;}\">\n\t\t<div class=\"elementor-element elementor-element-db4de52 e-grid e-con-boxed wpr-particle-no wpr-jarallax-no wpr-parallax-no wpr-sticky-section-no e-con e-child\" data-id=\"db4de52\" data-element_type=\"container\">\n\t\t\t\t\t<div class=\"e-con-inner\">\n\t\t\t\t<div class=\"elementor-element elementor-element-2d85b445 elementor-widget elementor-widget-heading\" data-id=\"2d85b445\" data-element_type=\"widget\" data-widget_type=\"heading.default\">\n\t\t\t\t<div class=\"elementor-widget-container\">\n\t\t\t\t\t<h2 class=\"elementor-heading-title elementor-size-default\">Archives des camps : Camps FFA<\/h2>\t\t\t\t<\/div>\n\t\t\t\t<\/div>\n\t\t\t\t\t<\/div>\n\t\t\t\t<\/div>\n\t\t\t\t<\/div>\n\t\t\t\t<section class=\"elementor-section elementor-top-section elementor-element elementor-element-25bbd395 elementor-section-content-middle elementor-section-stretched elementor-section-boxed elementor-section-height-default elementor-section-height-default wpr-particle-no wpr-jarallax-no wpr-parallax-no wpr-sticky-section-no\" data-id=\"25bbd395\" data-element_type=\"section\" id=\"about\" data-settings=\"{&quot;stretch_section&quot;:&quot;section-stretched&quot;,&quot;background_background&quot;:&quot;classic&quot;}\">\n\t\t\t\t\t\t<div class=\"elementor-container elementor-column-gap-default\">\n\t\t\t\t\t<div class=\"elementor-column elementor-col-100 elementor-top-column elementor-element elementor-element-5562daf2\" data-id=\"5562daf2\" data-element_type=\"column\">\n\t\t\t<div class=\"elementor-widget-wrap elementor-element-populated\">\n\t\t\t\t\t\t<section class=\"elementor-section elementor-inner-section elementor-element elementor-element-2cb55226 elementor-section-boxed elementor-section-height-default elementor-section-height-default wpr-particle-no wpr-jarallax-no wpr-parallax-no wpr-sticky-section-no\" data-id=\"2cb55226\" data-element_type=\"section\">\n\t\t\t\t\t\t<div class=\"elementor-container elementor-column-gap-default\">\n\t\t\t\t\t<div class=\"elementor-column elementor-col-100 elementor-inner-column elementor-element elementor-element-3e048623\" data-id=\"3e048623\" data-element_type=\"column\">\n\t\t\t<div class=\"elementor-widget-wrap elementor-element-populated\">\n\t\t\t\t\t\t<div class=\"elementor-element elementor-element-3c209b4c elementor-widget elementor-widget-heading\" data-id=\"3c209b4c\" data-element_type=\"widget\" data-widget_type=\"heading.default\">\n\t\t\t\t<div class=\"elementor-widget-container\">\n\t\t\t\t\t<h2 class=\"elementor-heading-title elementor-size-default\">Poursuivre vos r\u00eaves de football en tant que carri\u00e8re professionnelle potentielle ou en tant que joueur au niveau universitaire.<\/h2>\t\t\t\t<\/div>\n\t\t\t\t<\/div>\n\t\t\t\t<div class=\"elementor-element elementor-element-3ebb0937 elementor-widget elementor-widget-heading\" data-id=\"3ebb0937\" data-element_type=\"widget\" data-widget_type=\"heading.default\">\n\t\t\t\t<div class=\"elementor-widget-container\">\n\t\t\t\t\t<h2 class=\"elementor-heading-title elementor-size-default\">Les camps de la FFA au fil des ans<\/h2>\t\t\t\t<\/div>\n\t\t\t\t<\/div>\n\t\t\t\t\t<\/div>\n\t\t<\/div>\n\t\t\t\t\t<\/div>\n\t\t<\/section>\n\t\t\t\t<section class=\"elementor-section elementor-inner-section elementor-element elementor-element-4479d7d8 elementor-section-boxed elementor-section-height-default elementor-section-height-default wpr-particle-no wpr-jarallax-no wpr-parallax-no wpr-sticky-section-no\" data-id=\"4479d7d8\" data-element_type=\"section\">\n\t\t\t\t\t\t<div class=\"elementor-container elementor-column-gap-no\">\n\t\t\t\t\t<div class=\"elementor-column elementor-col-100 elementor-inner-column elementor-element elementor-element-1e92d833\" data-id=\"1e92d833\" data-element_type=\"column\">\n\t\t\t<div class=\"elementor-widget-wrap elementor-element-populated\">\n\t\t\t\t\t\t<div class=\"elementor-element elementor-element-7f2c345d elementor-widget-divider--view-line elementor-widget elementor-widget-divider\" data-id=\"7f2c345d\" data-element_type=\"widget\" data-widget_type=\"divider.default\">\n\t\t\t\t<div class=\"elementor-widget-container\">\n\t\t\t\t\t\t\t<div class=\"elementor-divider\">\n\t\t\t<span class=\"elementor-divider-separator\">\n\t\t\t\t\t\t<\/span>\n\t\t<\/div>\n\t\t\t\t\t\t<\/div>\n\t\t\t\t<\/div>\n\t\t\t\t<div class=\"elementor-element elementor-element-552dfa06 elementor-widget elementor-widget-text-editor\" data-id=\"552dfa06\" data-element_type=\"widget\" data-widget_type=\"text-editor.default\">\n\t\t\t\t<div class=\"elementor-widget-container\">\n\t\t\t\t\t\t\t\t\t<p>La Pan-Armenian Futbol Association (PAYFA) a \u00e9t\u00e9 fond\u00e9e en Californie du Sud par des Am\u00e9ricains d&rsquo;origine arm\u00e9nienne qui souhaitaient associer leurs obligations envers leur pays d&rsquo;origine, l&rsquo;Arm\u00e9nie, \u00e0 leur passion pour le futbol, commun\u00e9ment appel\u00e9 le \u00ab\u00a0Beautiful Game\u00a0\u00bb.<\/p>\n<p>La pierre angulaire du r\u00f4le de la PAYFA est d&rsquo;encourager et d&rsquo;aider les jeunes joueurs d&rsquo;origine arm\u00e9nienne \u00e0 poursuivre leur r\u00eave de faire du futbol une carri\u00e8re professionnelle ou de jouer au football au niveau universitaire. Avec cet objectif en t\u00eate, nous utiliserons le plus grand nombre de nos ressources personnelles et communautaires pour identifier un r\u00e9seau mondial de jeunes joueurs arm\u00e9niens talentueux.<\/p>\n\t\t\t\t\t\t\t\t<\/div>\n\t\t\t\t<\/div>\n\t\t\t\t\t<\/div>\n\t\t<\/div>\n\t\t\t\t\t<\/div>\n\t\t<\/section>\n\t\t\t\t\t<\/div>\n\t\t<\/div>\n\t\t\t\t\t<\/div>\n\t\t<\/section>\n\t\t<div class=\"elementor-element elementor-element-784ff0d7 e-flex e-con-boxed wpr-particle-no wpr-jarallax-no wpr-parallax-no wpr-sticky-section-no e-con e-parent\" data-id=\"784ff0d7\" data-element_type=\"container\">\n\t\t\t\t\t<div class=\"e-con-inner\">\n\t\t<a class=\"elementor-element elementor-element-5ec2411d e-con-full e-flex wpr-particle-no wpr-jarallax-no wpr-parallax-no wpr-sticky-section-no e-con e-child\" data-id=\"5ec2411d\" data-element_type=\"container\" data-settings=\"{&quot;background_background&quot;:&quot;classic&quot;}\" href=\"https:\/\/payfa.org\/ffa-camps\/ffa-camp-2022\/\">\n\t\t\t\t<div class=\"elementor-element elementor-element-502d6d4e elementor-widget elementor-widget-heading\" data-id=\"502d6d4e\" data-element_type=\"widget\" data-widget_type=\"heading.default\">\n\t\t\t\t<div class=\"elementor-widget-container\">\n\t\t\t\t\t<h3 class=\"elementor-heading-title elementor-size-default\">Camp FFA 2022<\/h3>\t\t\t\t<\/div>\n\t\t\t\t<\/div>\n\t\t\t\t<\/a>\n\t\t<a class=\"elementor-element elementor-element-24aa29d5 e-con-full e-flex wpr-particle-no wpr-jarallax-no wpr-parallax-no wpr-sticky-section-no e-con e-child\" data-id=\"24aa29d5\" data-element_type=\"container\" data-settings=\"{&quot;background_background&quot;:&quot;classic&quot;}\" href=\"https:\/\/payfa.org\/ffa-camps\/ffa-camp-2023\/\">\n\t\t\t\t<div class=\"elementor-element elementor-element-4ce50f73 elementor-widget elementor-widget-heading\" data-id=\"4ce50f73\" data-element_type=\"widget\" data-widget_type=\"heading.default\">\n\t\t\t\t<div class=\"elementor-widget-container\">\n\t\t\t\t\t<h3 class=\"elementor-heading-title elementor-size-default\">Camp FFA 2023<\/h3>\t\t\t\t<\/div>\n\t\t\t\t<\/div>\n\t\t\t\t<\/a>\n\t\t\t\t\t<\/div>\n\t\t\t\t<\/div>\n\t\t\t\t<\/div>\n\t\t","protected":false},"excerpt":{"rendered":"<p>Archives des camps : Camps FFA Poursuivre vos r\u00eaves de football en tant que carri\u00e8re professionnelle potentielle ou en tant que joueur au niveau universitaire. Les camps de la FFA au fil des ans La Pan-Armenian Futbol Association (PAYFA) a \u00e9t\u00e9 fond\u00e9e en Californie du Sud par des Am\u00e9ricains d&rsquo;origine arm\u00e9nienne qui souhaitaient associer leurs obligations envers leur pays d&rsquo;origine, l&rsquo;Arm\u00e9nie, \u00e0 leur passion pour le futbol, commun\u00e9ment appel\u00e9 le \u00ab\u00a0Beautiful Game\u00a0\u00bb. La pierre angulaire du r\u00f4le de la PAYFA est d&rsquo;encourager et d&rsquo;aider les jeunes joueurs d&rsquo;origine arm\u00e9nienne \u00e0 poursuivre leur r\u00eave de faire du futbol une carri\u00e8re professionnelle ou de jouer au football au niveau universitaire. Avec cet objectif en t\u00eate, nous utiliserons le plus grand nombre de nos ressources personnelles et communautaires pour identifier un r\u00e9seau mondial de jeunes joueurs arm\u00e9niens talentueux. Camp FFA 2022 Camp FFA 2023<\/p>\n","protected":false},"author":1,"featured_media":3534,"parent":0,"menu_order":0,"comment_status":"closed","ping_status":"closed","template":"elementor_header_footer","meta":{"give_campaign_id":0,"inline_featured_image":false,"footnotes":""},"class_list":["post-3572","page","type-page","status-publish","has-post-thumbnail","hentry"],"campaignId":"","_links":{"self":[{"href":"https:\/\/payfa.org\/fr\/wp-json\/wp\/v2\/pages\/3572","targetHints":{"allow":["GET"]}}],"collection":[{"href":"https:\/\/payfa.org\/fr\/wp-json\/wp\/v2\/pages"}],"about":[{"href":"https:\/\/payfa.org\/fr\/wp-json\/wp\/v2\/types\/page"}],"author":[{"embeddable":true,"href":"https:\/\/payfa.org\/fr\/wp-json\/wp\/v2\/users\/1"}],"replies":[{"embeddable":true,"href":"https:\/\/payfa.org\/fr\/wp-json\/wp\/v2\/comments?post=3572"}],"version-history":[{"count":1,"href":"https:\/\/payfa.org\/fr\/wp-json\/wp\/v2\/pages\/3572\/revisions"}],"predecessor-version":[{"id":3573,"href":"https:\/\/payfa.org\/fr\/wp-json\/wp\/v2\/pages\/3572\/revisions\/3573"}],"wp:featuredmedia":[{"embeddable":true,"href":"https:\/\/payfa.org\/fr\/wp-json\/wp\/v2\/media\/3534"}],"wp:attachment":[{"href":"https:\/\/payfa.org\/fr\/wp-json\/wp\/v2\/media?parent=3572"}],"curies":[{"name":"wp","href":"https:\/\/api.w.org\/{rel}","templated":true}]}}