{"id":3710,"date":"2023-10-13T14:24:20","date_gmt":"2023-10-13T14:24:20","guid":{"rendered":"https:\/\/payfa.org\/actualites\/"},"modified":"2024-02-04T16:48:07","modified_gmt":"2024-02-04T16:48:07","slug":"actualites","status":"publish","type":"page","link":"https:\/\/payfa.org\/fr\/actualites\/","title":{"rendered":"Actualit\u00e9s"},"content":{"rendered":"\t\t<div data-elementor-type=\"wp-page\" data-elementor-id=\"3710\" class=\"elementor elementor-3710 elementor-1529\">\n\t\t\t\t<div class=\"elementor-element elementor-element-9136eb1 e-grid e-con-full wpr-particle-no wpr-jarallax-no wpr-parallax-no wpr-sticky-section-no e-con e-parent\" data-id=\"9136eb1\" data-element_type=\"container\" data-settings=\"{&quot;background_background&quot;:&quot;classic&quot;}\">\n\t\t<div class=\"elementor-element elementor-element-2342e9f e-grid e-con-boxed wpr-particle-no wpr-jarallax-no wpr-parallax-no wpr-sticky-section-no e-con e-child\" data-id=\"2342e9f\" data-element_type=\"container\">\n\t\t\t\t\t<div class=\"e-con-inner\">\n\t\t\t\t<div class=\"elementor-element elementor-element-5122b2c elementor-widget elementor-widget-heading\" data-id=\"5122b2c\" data-element_type=\"widget\" data-widget_type=\"heading.default\">\n\t\t\t\t<div class=\"elementor-widget-container\">\n\t\t\t\t\t<h2 class=\"elementor-heading-title elementor-size-default\">Derni\u00e8res nouvelles<\/h2>\t\t\t\t<\/div>\n\t\t\t\t<\/div>\n\t\t\t\t\t<\/div>\n\t\t\t\t<\/div>\n\t\t\t\t<\/div>\n\t\t\t\t<section class=\"elementor-section elementor-top-section elementor-element elementor-element-7d3cc354 elementor-section-boxed elementor-section-height-default elementor-section-height-default wpr-particle-no wpr-jarallax-no wpr-parallax-no wpr-sticky-section-no\" data-id=\"7d3cc354\" data-element_type=\"section\" data-settings=\"{&quot;background_background&quot;:&quot;classic&quot;}\">\n\t\t\t\t\t\t<div class=\"elementor-container elementor-column-gap-default\">\n\t\t\t\t\t<div class=\"elementor-column elementor-col-100 elementor-top-column elementor-element elementor-element-2113f22e\" data-id=\"2113f22e\" data-element_type=\"column\">\n\t\t\t<div class=\"elementor-widget-wrap elementor-element-populated\">\n\t\t\t\t\t\t<div class=\"elementor-element elementor-element-4f7fa64f wpr-grid-columns-3 wpr-grid-columns--tablet2 wpr-grid-columns--mobile1 wpr-grid-pagination-center wpr-item-styles-inner elementor-widget elementor-widget-wpr-grid\" data-id=\"4f7fa64f\" data-element_type=\"widget\" data-widget_type=\"wpr-grid.default\">\n\t\t\t\t<div class=\"elementor-widget-container\">\n\t\t\t\t\t<ul class=\"wpr-grid-filters elementor-clearfix wpr-grid-filters-sep-right\"><li class=\" wpr-pointer-none wpr-pointer-line-fx wpr-pointer-fx-none\"><span  data-filter=\"*\" class=\"wpr-grid-filters-item wpr-active-filter \">Tous<\/span><em class=\"wpr-grid-filters-sep\"><\/em><\/li><li class=\" wpr-pointer-none wpr-pointer-line-fx wpr-pointer-fx-none\"><span   data-ajax-filter=[\"category\",\"non-classifiee\"]  data-filter=\".category-non-classifiee\">Non classifi\u00e9(e)<\/span><em class=\"wpr-grid-filters-sep\"><\/em><\/li><\/ul><section class=\"wpr-grid elementor-clearfix\" data-settings=\"{&quot;layout&quot;:&quot;fitRows&quot;,&quot;stick_last_element_to_bottom&quot;:&quot;&quot;,&quot;columns_desktop&quot;:&quot;3&quot;,&quot;gutter_hr&quot;:15,&quot;gutter_hr_mobile&quot;:15,&quot;gutter_hr_mobile_extra&quot;:15,&quot;gutter_hr_tablet&quot;:15,&quot;gutter_hr_tablet_extra&quot;:15,&quot;gutter_hr_laptop&quot;:15,&quot;gutter_hr_widescreen&quot;:15,&quot;gutter_vr&quot;:15,&quot;gutter_vr_mobile&quot;:15,&quot;gutter_vr_mobile_extra&quot;:15,&quot;gutter_vr_tablet&quot;:15,&quot;gutter_vr_tablet_extra&quot;:15,&quot;gutter_vr_laptop&quot;:15,&quot;gutter_vr_widescreen&quot;:15,&quot;animation&quot;:&quot;fade&quot;,&quot;animation_duration&quot;:0.4,&quot;animation_delay&quot;:0.2,&quot;deeplinking&quot;:&quot;&quot;,&quot;filters_linkable&quot;:&quot;no&quot;,&quot;filters_default_filter&quot;:&quot;&quot;,&quot;filters_count&quot;:&quot;&quot;,&quot;filters_hide_empty&quot;:&quot;yes&quot;,&quot;filters_animation&quot;:&quot;default&quot;,&quot;filters_animation_duration&quot;:0.4,&quot;filters_animation_delay&quot;:0.2,&quot;pagination_type&quot;:&quot;load-more&quot;,&quot;pagination_max_pages&quot;:1,&quot;lightbox&quot;:{&quot;selector&quot;:&quot;.wpr-grid-image-wrap&quot;,&quot;iframeMaxWidth&quot;:&quot;60%&quot;,&quot;hash&quot;:false,&quot;autoplay&quot;:&quot;true&quot;,&quot;pause&quot;:5000,&quot;progressBar&quot;:&quot;true&quot;,&quot;counter&quot;:&quot;true&quot;,&quot;controls&quot;:&quot;true&quot;,&quot;getCaptionFromTitleOrAlt&quot;:&quot;true&quot;,&quot;thumbnail&quot;:&quot;&quot;,&quot;showThumbByDefault&quot;:&quot;&quot;,&quot;share&quot;:&quot;&quot;,&quot;zoom&quot;:&quot;true&quot;,&quot;fullScreen&quot;:&quot;true&quot;,&quot;download&quot;:&quot;true&quot;}}\" data-advanced-filters=\"no\"><article class=\"wpr-grid-item elementor-clearfix post-4150 post type-post status-publish format-standard has-post-thumbnail hentry category-non-classifiee\"><div class=\"wpr-grid-item-inner\"><div class=\"wpr-grid-media-wrap wpr-effect-size-medium \" data-overlay-link=\"yes\"><div class=\"wpr-grid-image-wrap\" data-src=\"https:\/\/payfa.org\/wp-content\/uploads\/elementor\/thumbs\/la-camp-2024-coverage-rfyahkqae6onaveay86o0jv1rsyw2i8utyvgys7fzs.jpg\" data-img-on-hover=\"\"  data-src-secondary=\"\"><img decoding=\"async\" data-no-lazy=\"1\" src=\"https:\/\/payfa.org\/wp-content\/uploads\/elementor\/thumbs\/la-camp-2024-coverage-rfyahkqae6onaveay86o0jv1rsyw2i8utyvgys7fzs.jpg\" alt=\"Couverture du Camp de s\u00e9lection PAYFA 2024 pour les gar\u00e7ons n\u00e9s en 2011\" class=\"wpr-anim-timing-ease-default\"><\/div><div class=\"wpr-grid-media-hover wpr-animation-wrap\"><div class=\"wpr-grid-media-hover-bg  wpr-overlay-fade-out wpr-anim-size-large wpr-anim-timing-ease-default wpr-anim-transparency\" data-url=\"https:\/\/payfa.org\/fr\/couverture-du-camp-de-selection-payfa-2024-pour-les-garcons-nes-en-2011\/\"><\/div><\/div><\/div><div class=\"wpr-grid-item-below-content elementor-clearfix\"><div class=\"wpr-grid-item-date elementor-repeater-item-9b252e2 wpr-grid-item-display-block wpr-grid-item-align-left\"><div class=\"inner-block\"><span>avril 6, 2024<\/span><\/div><\/div><h2 class=\"wpr-grid-item-title elementor-repeater-item-04b0433 wpr-grid-item-display-block wpr-grid-item-align-left wpr-pointer-none wpr-pointer-line-fx wpr-pointer-fx-fade\"><div class=\"inner-block\"><a target=\"_self\"  href=\"https:\/\/payfa.org\/fr\/couverture-du-camp-de-selection-payfa-2024-pour-les-garcons-nes-en-2011\/\">Couverture du Camp de s\u00e9lection PAYFA 2024 pour les gar\u00e7ons n\u00e9s en 2011<\/a><\/div><\/h2><div class=\"wpr-grid-item-read-more elementor-repeater-item-ccaf6c2 wpr-grid-item-display-block wpr-grid-item-align-left\"><div class=\"inner-block\"><a target=\"_self\" href=\"https:\/\/payfa.org\/fr\/couverture-du-camp-de-selection-payfa-2024-pour-les-garcons-nes-en-2011\/\" class=\"wpr-button-effect wpr-button-none\"><span class=\"wpr-grid-extra-icon-left\"><svg aria-hidden=\"true\" class=\"e-font-icon-svg e-far-arrow-alt-circle-right\" viewBox=\"0 0 512 512\" xmlns=\"http:\/\/www.w3.org\/2000\/svg\"><path d=\"M504 256C504 119 393 8 256 8S8 119 8 256s111 248 248 248 248-111 248-248zm-448 0c0-110.5 89.5-200 200-200s200 89.5 200 200-89.5 200-200 200S56 366.5 56 256zm72 20v-40c0-6.6 5.4-12 12-12h116v-67c0-10.7 12.9-16 20.5-8.5l99 99c4.7 4.7 4.7 12.3 0 17l-99 99c-7.6 7.6-20.5 2.2-20.5-8.5v-67H140c-6.6 0-12-5.4-12-12z\"><\/path><\/svg><\/span><span>Lire la suite<\/span><\/a><\/div><\/div><\/div><\/div><\/article><article class=\"wpr-grid-item elementor-clearfix post-4140 post type-post status-publish format-standard has-post-thumbnail hentry category-non-classifiee\"><div class=\"wpr-grid-item-inner\"><div class=\"wpr-grid-media-wrap wpr-effect-size-medium \" data-overlay-link=\"yes\"><div class=\"wpr-grid-image-wrap\" data-src=\"https:\/\/payfa.org\/wp-content\/uploads\/elementor\/thumbs\/la-camp-2024-1-rfyahkqae6onaveay86o0jv1rsyw2i8utyvgys7fzs.jpg\" data-img-on-hover=\"\"  data-src-secondary=\"\"><img decoding=\"async\" data-no-lazy=\"1\" src=\"https:\/\/payfa.org\/wp-content\/uploads\/elementor\/thumbs\/la-camp-2024-1-rfyahkqae6onaveay86o0jv1rsyw2i8utyvgys7fzs.jpg\" alt=\"Le LA Camp 2024 s&rsquo;est achev\u00e9 : 10 participants retenus pour le tour de s\u00e9lection\" class=\"wpr-anim-timing-ease-default\"><\/div><div class=\"wpr-grid-media-hover wpr-animation-wrap\"><div class=\"wpr-grid-media-hover-bg  wpr-overlay-fade-out wpr-anim-size-large wpr-anim-timing-ease-default wpr-anim-transparency\" data-url=\"https:\/\/payfa.org\/fr\/le-la-camp-2024-sest-acheve-10-participants-retenus-pour-le-tour-de-selection\/\"><\/div><\/div><\/div><div class=\"wpr-grid-item-below-content elementor-clearfix\"><div class=\"wpr-grid-item-date elementor-repeater-item-9b252e2 wpr-grid-item-display-block wpr-grid-item-align-left\"><div class=\"inner-block\"><span>avril 4, 2024<\/span><\/div><\/div><h2 class=\"wpr-grid-item-title elementor-repeater-item-04b0433 wpr-grid-item-display-block wpr-grid-item-align-left wpr-pointer-none wpr-pointer-line-fx wpr-pointer-fx-fade\"><div class=\"inner-block\"><a target=\"_self\"  href=\"https:\/\/payfa.org\/fr\/le-la-camp-2024-sest-acheve-10-participants-retenus-pour-le-tour-de-selection\/\">Le LA Camp 2024 s&rsquo;est achev\u00e9 : 10 participants retenus pour le tour de s\u00e9lection<\/a><\/div><\/h2><div class=\"wpr-grid-item-read-more elementor-repeater-item-ccaf6c2 wpr-grid-item-display-block wpr-grid-item-align-left\"><div class=\"inner-block\"><a target=\"_self\" href=\"https:\/\/payfa.org\/fr\/le-la-camp-2024-sest-acheve-10-participants-retenus-pour-le-tour-de-selection\/\" class=\"wpr-button-effect wpr-button-none\"><span class=\"wpr-grid-extra-icon-left\"><svg aria-hidden=\"true\" class=\"e-font-icon-svg e-far-arrow-alt-circle-right\" viewBox=\"0 0 512 512\" xmlns=\"http:\/\/www.w3.org\/2000\/svg\"><path d=\"M504 256C504 119 393 8 256 8S8 119 8 256s111 248 248 248 248-111 248-248zm-448 0c0-110.5 89.5-200 200-200s200 89.5 200 200-89.5 200-200 200S56 366.5 56 256zm72 20v-40c0-6.6 5.4-12 12-12h116v-67c0-10.7 12.9-16 20.5-8.5l99 99c4.7 4.7 4.7 12.3 0 17l-99 99c-7.6 7.6-20.5 2.2-20.5-8.5v-67H140c-6.6 0-12-5.4-12-12z\"><\/path><\/svg><\/span><span>Lire la suite<\/span><\/a><\/div><\/div><\/div><\/div><\/article><article class=\"wpr-grid-item elementor-clearfix post-4130 post type-post status-publish format-standard has-post-thumbnail hentry category-non-classifiee\"><div class=\"wpr-grid-item-inner\"><div class=\"wpr-grid-media-wrap wpr-effect-size-medium \" data-overlay-link=\"yes\"><div class=\"wpr-grid-image-wrap\" data-src=\"https:\/\/payfa.org\/wp-content\/uploads\/elementor\/thumbs\/Screen-Shot-2024-04-07-at-01.07.28-rfyahkqae6onaveay86o0jv1rsyw2i8utyvgys7fzs.png\" data-img-on-hover=\"\"  data-src-secondary=\"\"><img decoding=\"async\" data-no-lazy=\"1\" src=\"https:\/\/payfa.org\/wp-content\/uploads\/elementor\/thumbs\/Screen-Shot-2024-04-07-at-01.07.28-rfyahkqae6onaveay86o0jv1rsyw2i8utyvgys7fzs.png\" alt=\"Se pr\u00e9parer pour le camp 2024\" class=\"wpr-anim-timing-ease-default\"><\/div><div class=\"wpr-grid-media-hover wpr-animation-wrap\"><div class=\"wpr-grid-media-hover-bg  wpr-overlay-fade-out wpr-anim-size-large wpr-anim-timing-ease-default wpr-anim-transparency\" data-url=\"https:\/\/payfa.org\/fr\/se-preparer-pour-le-camp-2024\/\"><\/div><\/div><\/div><div class=\"wpr-grid-item-below-content elementor-clearfix\"><div class=\"wpr-grid-item-date elementor-repeater-item-9b252e2 wpr-grid-item-display-block wpr-grid-item-align-left\"><div class=\"inner-block\"><span>mars 1, 2024<\/span><\/div><\/div><h2 class=\"wpr-grid-item-title elementor-repeater-item-04b0433 wpr-grid-item-display-block wpr-grid-item-align-left wpr-pointer-none wpr-pointer-line-fx wpr-pointer-fx-fade\"><div class=\"inner-block\"><a target=\"_self\"  href=\"https:\/\/payfa.org\/fr\/se-preparer-pour-le-camp-2024\/\">Se pr\u00e9parer pour le camp 2024<\/a><\/div><\/h2><div class=\"wpr-grid-item-read-more elementor-repeater-item-ccaf6c2 wpr-grid-item-display-block wpr-grid-item-align-left\"><div class=\"inner-block\"><a target=\"_self\" href=\"https:\/\/payfa.org\/fr\/se-preparer-pour-le-camp-2024\/\" class=\"wpr-button-effect wpr-button-none\"><span class=\"wpr-grid-extra-icon-left\"><svg aria-hidden=\"true\" class=\"e-font-icon-svg e-far-arrow-alt-circle-right\" viewBox=\"0 0 512 512\" xmlns=\"http:\/\/www.w3.org\/2000\/svg\"><path d=\"M504 256C504 119 393 8 256 8S8 119 8 256s111 248 248 248 248-111 248-248zm-448 0c0-110.5 89.5-200 200-200s200 89.5 200 200-89.5 200-200 200S56 366.5 56 256zm72 20v-40c0-6.6 5.4-12 12-12h116v-67c0-10.7 12.9-16 20.5-8.5l99 99c4.7 4.7 4.7 12.3 0 17l-99 99c-7.6 7.6-20.5 2.2-20.5-8.5v-67H140c-6.6 0-12-5.4-12-12z\"><\/path><\/svg><\/span><span>Lire la suite<\/span><\/a><\/div><\/div><\/div><\/div><\/article><article class=\"wpr-grid-item elementor-clearfix post-3511 post type-post status-publish format-standard has-post-thumbnail hentry category-non-classifiee\"><div class=\"wpr-grid-item-inner\"><div class=\"wpr-grid-media-wrap wpr-effect-size-medium \" data-overlay-link=\"yes\"><div class=\"wpr-grid-image-wrap\" data-src=\"https:\/\/payfa.org\/wp-content\/uploads\/elementor\/thumbs\/230325AA_1312-1-rfyahlo4l0pxmhcxsqlal1mid6u9a7cl63iyg261tk.jpg\" data-img-on-hover=\"\"  data-src-secondary=\"\"><img decoding=\"async\" data-no-lazy=\"1\" src=\"https:\/\/payfa.org\/wp-content\/uploads\/elementor\/thumbs\/230325AA_1312-1-rfyahlo4l0pxmhcxsqlal1mid6u9a7cl63iyg261tk.jpg\" alt=\"2024 Camp PAYFA aux Etats-Unis\" class=\"wpr-anim-timing-ease-default\"><\/div><div class=\"wpr-grid-media-hover wpr-animation-wrap\"><div class=\"wpr-grid-media-hover-bg  wpr-overlay-fade-out wpr-anim-size-large wpr-anim-timing-ease-default wpr-anim-transparency\" data-url=\"https:\/\/payfa.org\/fr\/2024-camp-payfa-aux-etats-unis\/\"><\/div><\/div><\/div><div class=\"wpr-grid-item-below-content elementor-clearfix\"><div class=\"wpr-grid-item-date elementor-repeater-item-9b252e2 wpr-grid-item-display-block wpr-grid-item-align-left\"><div class=\"inner-block\"><span>octobre 24, 2023<\/span><\/div><\/div><h2 class=\"wpr-grid-item-title elementor-repeater-item-04b0433 wpr-grid-item-display-block wpr-grid-item-align-left wpr-pointer-none wpr-pointer-line-fx wpr-pointer-fx-fade\"><div class=\"inner-block\"><a target=\"_self\"  href=\"https:\/\/payfa.org\/fr\/2024-camp-payfa-aux-etats-unis\/\">2024 Camp PAYFA aux Etats-Unis<\/a><\/div><\/h2><div class=\"wpr-grid-item-read-more elementor-repeater-item-ccaf6c2 wpr-grid-item-display-block wpr-grid-item-align-left\"><div class=\"inner-block\"><a target=\"_self\" href=\"https:\/\/payfa.org\/fr\/2024-camp-payfa-aux-etats-unis\/\" class=\"wpr-button-effect wpr-button-none\"><span class=\"wpr-grid-extra-icon-left\"><svg aria-hidden=\"true\" class=\"e-font-icon-svg e-far-arrow-alt-circle-right\" viewBox=\"0 0 512 512\" xmlns=\"http:\/\/www.w3.org\/2000\/svg\"><path d=\"M504 256C504 119 393 8 256 8S8 119 8 256s111 248 248 248 248-111 248-248zm-448 0c0-110.5 89.5-200 200-200s200 89.5 200 200-89.5 200-200 200S56 366.5 56 256zm72 20v-40c0-6.6 5.4-12 12-12h116v-67c0-10.7 12.9-16 20.5-8.5l99 99c4.7 4.7 4.7 12.3 0 17l-99 99c-7.6 7.6-20.5 2.2-20.5-8.5v-67H140c-6.6 0-12-5.4-12-12z\"><\/path><\/svg><\/span><span>Lire la suite<\/span><\/a><\/div><\/div><\/div><\/div><\/article><article class=\"wpr-grid-item elementor-clearfix post-3514 post type-post status-publish format-standard has-post-thumbnail hentry category-non-classifiee\"><div class=\"wpr-grid-item-inner\"><div class=\"wpr-grid-media-wrap wpr-effect-size-medium \" data-overlay-link=\"yes\"><div class=\"wpr-grid-image-wrap\" data-src=\"https:\/\/payfa.org\/wp-content\/uploads\/elementor\/thumbs\/386198749_17933832926749178_7435879230128186015_n-rfyahnjsyosi9pa7hrejq15fjykzplk1uctxem39h4.jpg\" data-img-on-hover=\"\"  data-src-secondary=\"\"><img decoding=\"async\" data-no-lazy=\"1\" src=\"https:\/\/payfa.org\/wp-content\/uploads\/elementor\/thumbs\/386198749_17933832926749178_7435879230128186015_n-rfyahnjsyosi9pa7hrejq15fjykzplk1uctxem39h4.jpg\" alt=\"Gary Grigoryan dans l&rsquo;UEFA U-17\" class=\"wpr-anim-timing-ease-default\"><\/div><div class=\"wpr-grid-media-hover wpr-animation-wrap\"><div class=\"wpr-grid-media-hover-bg  wpr-overlay-fade-out wpr-anim-size-large wpr-anim-timing-ease-default wpr-anim-transparency\" data-url=\"https:\/\/payfa.org\/fr\/gary-grigoryan-dans-luefa-u-17\/\"><\/div><\/div><\/div><div class=\"wpr-grid-item-below-content elementor-clearfix\"><div class=\"wpr-grid-item-date elementor-repeater-item-9b252e2 wpr-grid-item-display-block wpr-grid-item-align-left\"><div class=\"inner-block\"><span>octobre 17, 2023<\/span><\/div><\/div><h2 class=\"wpr-grid-item-title elementor-repeater-item-04b0433 wpr-grid-item-display-block wpr-grid-item-align-left wpr-pointer-none wpr-pointer-line-fx wpr-pointer-fx-fade\"><div class=\"inner-block\"><a target=\"_self\"  href=\"https:\/\/payfa.org\/fr\/gary-grigoryan-dans-luefa-u-17\/\">Gary Grigoryan dans l&rsquo;UEFA U-17<\/a><\/div><\/h2><div class=\"wpr-grid-item-read-more elementor-repeater-item-ccaf6c2 wpr-grid-item-display-block wpr-grid-item-align-left\"><div class=\"inner-block\"><a target=\"_self\" href=\"https:\/\/payfa.org\/fr\/gary-grigoryan-dans-luefa-u-17\/\" class=\"wpr-button-effect wpr-button-none\"><span class=\"wpr-grid-extra-icon-left\"><svg aria-hidden=\"true\" class=\"e-font-icon-svg e-far-arrow-alt-circle-right\" viewBox=\"0 0 512 512\" xmlns=\"http:\/\/www.w3.org\/2000\/svg\"><path d=\"M504 256C504 119 393 8 256 8S8 119 8 256s111 248 248 248 248-111 248-248zm-448 0c0-110.5 89.5-200 200-200s200 89.5 200 200-89.5 200-200 200S56 366.5 56 256zm72 20v-40c0-6.6 5.4-12 12-12h116v-67c0-10.7 12.9-16 20.5-8.5l99 99c4.7 4.7 4.7 12.3 0 17l-99 99c-7.6 7.6-20.5 2.2-20.5-8.5v-67H140c-6.6 0-12-5.4-12-12z\"><\/path><\/svg><\/span><span>Lire la suite<\/span><\/a><\/div><\/div><\/div><\/div><\/article><article class=\"wpr-grid-item elementor-clearfix post-3517 post type-post status-publish format-standard has-post-thumbnail hentry category-non-classifiee\"><div class=\"wpr-grid-item-inner\"><div class=\"wpr-grid-media-wrap wpr-effect-size-medium \" data-overlay-link=\"yes\"><div class=\"wpr-grid-image-wrap\" data-src=\"https:\/\/payfa.org\/wp-content\/uploads\/elementor\/thumbs\/u-14-selection-rfyahmlyrur7y3bkn8zx5jdyykpmhwgbi86fxc4nnc.jpg\" data-img-on-hover=\"\"  data-src-secondary=\"\"><img decoding=\"async\" data-no-lazy=\"1\" src=\"https:\/\/payfa.org\/wp-content\/uploads\/elementor\/thumbs\/u-14-selection-rfyahmlyrur7y3bkn8zx5jdyykpmhwgbi86fxc4nnc.jpg\" alt=\"La s\u00e9lection pour les moins de 14 ans est termin\u00e9e !\" class=\"wpr-anim-timing-ease-default\"><\/div><div class=\"wpr-grid-media-hover wpr-animation-wrap\"><div class=\"wpr-grid-media-hover-bg  wpr-overlay-fade-out wpr-anim-size-large wpr-anim-timing-ease-default wpr-anim-transparency\" data-url=\"https:\/\/payfa.org\/fr\/la-selection-pour-les-moins-de-14-ans-est-terminee\/\"><\/div><\/div><\/div><div class=\"wpr-grid-item-below-content elementor-clearfix\"><div class=\"wpr-grid-item-date elementor-repeater-item-9b252e2 wpr-grid-item-display-block wpr-grid-item-align-left\"><div class=\"inner-block\"><span>septembre 24, 2023<\/span><\/div><\/div><h2 class=\"wpr-grid-item-title elementor-repeater-item-04b0433 wpr-grid-item-display-block wpr-grid-item-align-left wpr-pointer-none wpr-pointer-line-fx wpr-pointer-fx-fade\"><div class=\"inner-block\"><a target=\"_self\"  href=\"https:\/\/payfa.org\/fr\/la-selection-pour-les-moins-de-14-ans-est-terminee\/\">La s\u00e9lection pour les moins de 14 ans est termin\u00e9e !<\/a><\/div><\/h2><div class=\"wpr-grid-item-read-more elementor-repeater-item-ccaf6c2 wpr-grid-item-display-block wpr-grid-item-align-left\"><div class=\"inner-block\"><a target=\"_self\" href=\"https:\/\/payfa.org\/fr\/la-selection-pour-les-moins-de-14-ans-est-terminee\/\" class=\"wpr-button-effect wpr-button-none\"><span class=\"wpr-grid-extra-icon-left\"><svg aria-hidden=\"true\" class=\"e-font-icon-svg e-far-arrow-alt-circle-right\" viewBox=\"0 0 512 512\" xmlns=\"http:\/\/www.w3.org\/2000\/svg\"><path d=\"M504 256C504 119 393 8 256 8S8 119 8 256s111 248 248 248 248-111 248-248zm-448 0c0-110.5 89.5-200 200-200s200 89.5 200 200-89.5 200-200 200S56 366.5 56 256zm72 20v-40c0-6.6 5.4-12 12-12h116v-67c0-10.7 12.9-16 20.5-8.5l99 99c4.7 4.7 4.7 12.3 0 17l-99 99c-7.6 7.6-20.5 2.2-20.5-8.5v-67H140c-6.6 0-12-5.4-12-12z\"><\/path><\/svg><\/span><span>Lire la suite<\/span><\/a><\/div><\/div><\/div><\/div><\/article><\/section>\t\t\t\t<\/div>\n\t\t\t\t<\/div>\n\t\t\t\t\t<\/div>\n\t\t<\/div>\n\t\t\t\t\t<\/div>\n\t\t<\/section>\n\t\t\t\t<\/div>\n\t\t","protected":false},"excerpt":{"rendered":"<p>Derni\u00e8res nouvelles Tous News October 24, 2023 2024 PAYFA Camp in the USA Lire la suite October 17, 2023 Gary Grigoryan in UEFA U-17 Lire la suite September 24, 2023 Selection for U-14 done! Lire la suite<\/p>\n","protected":false},"author":1,"featured_media":3534,"parent":0,"menu_order":0,"comment_status":"closed","ping_status":"closed","template":"elementor_header_footer","meta":{"give_campaign_id":0,"inline_featured_image":false,"footnotes":""},"class_list":["post-3710","page","type-page","status-publish","has-post-thumbnail","hentry"],"campaignId":"","_links":{"self":[{"href":"https:\/\/payfa.org\/fr\/wp-json\/wp\/v2\/pages\/3710","targetHints":{"allow":["GET"]}}],"collection":[{"href":"https:\/\/payfa.org\/fr\/wp-json\/wp\/v2\/pages"}],"about":[{"href":"https:\/\/payfa.org\/fr\/wp-json\/wp\/v2\/types\/page"}],"author":[{"embeddable":true,"href":"https:\/\/payfa.org\/fr\/wp-json\/wp\/v2\/users\/1"}],"replies":[{"embeddable":true,"href":"https:\/\/payfa.org\/fr\/wp-json\/wp\/v2\/comments?post=3710"}],"version-history":[{"count":1,"href":"https:\/\/payfa.org\/fr\/wp-json\/wp\/v2\/pages\/3710\/revisions"}],"predecessor-version":[{"id":3711,"href":"https:\/\/payfa.org\/fr\/wp-json\/wp\/v2\/pages\/3710\/revisions\/3711"}],"wp:featuredmedia":[{"embeddable":true,"href":"https:\/\/payfa.org\/fr\/wp-json\/wp\/v2\/media\/3534"}],"wp:attachment":[{"href":"https:\/\/payfa.org\/fr\/wp-json\/wp\/v2\/media?parent=3710"}],"curies":[{"name":"wp","href":"https:\/\/api.w.org\/{rel}","templated":true}]}}