{"id":3726,"date":"2023-09-19T13:29:13","date_gmt":"2023-09-19T13:29:13","guid":{"rendered":"https:\/\/payfa.org\/notre-histoire\/"},"modified":"2024-02-04T16:51:34","modified_gmt":"2024-02-04T16:51:34","slug":"notre-histoire","status":"publish","type":"page","link":"https:\/\/payfa.org\/fr\/notre-histoire\/","title":{"rendered":"Notre histoire"},"content":{"rendered":"\t\t<div data-elementor-type=\"wp-page\" data-elementor-id=\"3726\" class=\"elementor elementor-3726 elementor-293\">\n\t\t\t\t<div class=\"elementor-element elementor-element-9136eb1 e-grid e-con-full wpr-particle-no wpr-jarallax-no wpr-parallax-no wpr-sticky-section-no e-con e-parent\" data-id=\"9136eb1\" data-element_type=\"container\" data-settings=\"{&quot;background_background&quot;:&quot;classic&quot;}\">\n\t\t<div class=\"elementor-element elementor-element-2342e9f e-grid e-con-boxed wpr-particle-no wpr-jarallax-no wpr-parallax-no wpr-sticky-section-no e-con e-child\" data-id=\"2342e9f\" data-element_type=\"container\">\n\t\t\t\t\t<div class=\"e-con-inner\">\n\t\t\t\t<div class=\"elementor-element elementor-element-5122b2c elementor-widget elementor-widget-heading\" data-id=\"5122b2c\" data-element_type=\"widget\" data-widget_type=\"heading.default\">\n\t\t\t\t<div class=\"elementor-widget-container\">\n\t\t\t\t\t<h2 class=\"elementor-heading-title elementor-size-default\">A propos de nous : Notre histoire<\/h2>\t\t\t\t<\/div>\n\t\t\t\t<\/div>\n\t\t\t\t\t<\/div>\n\t\t\t\t<\/div>\n\t\t\t\t<\/div>\n\t\t\t\t<section class=\"elementor-section elementor-top-section elementor-element elementor-element-37c5f790 elementor-section-stretched elementor-section-full_width elementor-reverse-mobile elementor-section-height-default elementor-section-height-default wpr-particle-no wpr-jarallax-no wpr-parallax-no wpr-sticky-section-no\" data-id=\"37c5f790\" data-element_type=\"section\" data-settings=\"{&quot;stretch_section&quot;:&quot;section-stretched&quot;,&quot;background_background&quot;:&quot;classic&quot;}\">\n\t\t\t\t\t\t<div class=\"elementor-container elementor-column-gap-narrow\">\n\t\t\t\t\t<div class=\"elementor-column elementor-col-50 elementor-top-column elementor-element elementor-element-43b042f\" data-id=\"43b042f\" data-element_type=\"column\">\n\t\t\t<div class=\"elementor-widget-wrap elementor-element-populated\">\n\t\t\t\t\t\t<section class=\"elementor-section elementor-inner-section elementor-element elementor-element-2fcef7b elementor-section-boxed elementor-section-height-default elementor-section-height-default wpr-particle-no wpr-jarallax-no wpr-parallax-no wpr-sticky-section-no\" data-id=\"2fcef7b\" data-element_type=\"section\">\n\t\t\t\t\t\t<div class=\"elementor-container elementor-column-gap-default\">\n\t\t\t\t\t<div class=\"elementor-column elementor-col-100 elementor-inner-column elementor-element elementor-element-12b7919a\" data-id=\"12b7919a\" data-element_type=\"column\">\n\t\t\t<div class=\"elementor-widget-wrap elementor-element-populated\">\n\t\t\t\t\t\t<div class=\"elementor-element elementor-element-6a1606e elementor-widget elementor-widget-heading\" data-id=\"6a1606e\" data-element_type=\"widget\" data-widget_type=\"heading.default\">\n\t\t\t\t<div class=\"elementor-widget-container\">\n\t\t\t\t\t<h2 class=\"elementor-heading-title elementor-size-default\">Comment tout a commenc\u00e9<\/h2>\t\t\t\t<\/div>\n\t\t\t\t<\/div>\n\t\t\t\t<div class=\"elementor-element elementor-element-7ae582dd elementor-widget elementor-widget-heading\" data-id=\"7ae582dd\" data-element_type=\"widget\" data-widget_type=\"heading.default\">\n\t\t\t\t<div class=\"elementor-widget-container\">\n\t\t\t\t\t<h2 class=\"elementor-heading-title elementor-size-default\">La F\u00e9d\u00e9ration panarm\u00e9nienne de football (PAYFA) a \u00e9t\u00e9 cr\u00e9\u00e9e.<\/h2>\t\t\t\t<\/div>\n\t\t\t\t<\/div>\n\t\t\t\t<div class=\"elementor-element elementor-element-4a668386 elementor-widget-divider--view-line elementor-widget elementor-widget-divider\" data-id=\"4a668386\" data-element_type=\"widget\" data-widget_type=\"divider.default\">\n\t\t\t\t<div class=\"elementor-widget-container\">\n\t\t\t\t\t\t\t<div class=\"elementor-divider\">\n\t\t\t<span class=\"elementor-divider-separator\">\n\t\t\t\t\t\t<\/span>\n\t\t<\/div>\n\t\t\t\t\t\t<\/div>\n\t\t\t\t<\/div>\n\t\t\t\t<div class=\"elementor-element elementor-element-336a35d7 elementor-widget elementor-widget-text-editor\" data-id=\"336a35d7\" data-element_type=\"widget\" data-widget_type=\"text-editor.default\">\n\t\t\t\t<div class=\"elementor-widget-container\">\n\t\t\t\t\t\t\t\t\t<p>La Pan-Armenian Football Association (PAYFA) a \u00e9t\u00e9 fond\u00e9e en Californie du Sud par des Am\u00e9ricains d&rsquo;origine arm\u00e9nienne qui souhaitaient allier leurs obligations envers leur pays d&rsquo;origine, l&rsquo;Arm\u00e9nie, \u00e0 leur passion pour le football, commun\u00e9ment appel\u00e9 le \u00ab\u00a0Beautiful Game\u00a0\u00bb.<\/p>\n\t\t\t\t\t\t\t\t<\/div>\n\t\t\t\t<\/div>\n\t\t\t\t<div class=\"elementor-element elementor-element-d7c85bd elementor-widget elementor-widget-text-editor\" data-id=\"d7c85bd\" data-element_type=\"widget\" data-widget_type=\"text-editor.default\">\n\t\t\t\t<div class=\"elementor-widget-container\">\n\t\t\t\t\t\t\t\t\t<p>La pierre angulaire du r\u00f4le de la PAYFA est d&rsquo;encourager et d&rsquo;aider les jeunes joueurs d&rsquo;origine arm\u00e9nienne \u00e0 poursuivre leur r\u00eave de faire du futbol une carri\u00e8re professionnelle ou de jouer au football au niveau universitaire. Avec cet objectif en t\u00eate, nous utiliserons le plus grand nombre de nos ressources personnelles et communautaires pour identifier un r\u00e9seau mondial de jeunes joueurs arm\u00e9niens talentueux.<\/p>\n\t\t\t\t\t\t\t\t<\/div>\n\t\t\t\t<\/div>\n\t\t\t\t\t<\/div>\n\t\t<\/div>\n\t\t\t\t\t<\/div>\n\t\t<\/section>\n\t\t\t\t\t<\/div>\n\t\t<\/div>\n\t\t\t\t<div class=\"elementor-column elementor-col-50 elementor-top-column elementor-element elementor-element-168d5a7e\" data-id=\"168d5a7e\" data-element_type=\"column\" data-settings=\"{&quot;background_background&quot;:&quot;classic&quot;}\">\n\t\t\t<div class=\"elementor-widget-wrap elementor-element-populated\">\n\t\t\t\t\t\t<div class=\"elementor-element elementor-element-53627be9 elementor-widget elementor-widget-spacer\" data-id=\"53627be9\" data-element_type=\"widget\" data-widget_type=\"spacer.default\">\n\t\t\t\t<div class=\"elementor-widget-container\">\n\t\t\t\t\t\t\t<div class=\"elementor-spacer\">\n\t\t\t<div class=\"elementor-spacer-inner\"><\/div>\n\t\t<\/div>\n\t\t\t\t\t\t<\/div>\n\t\t\t\t<\/div>\n\t\t\t\t\t<\/div>\n\t\t<\/div>\n\t\t\t\t\t<\/div>\n\t\t<\/section>\n\t\t\t\t<section class=\"elementor-section elementor-top-section elementor-element elementor-element-58ded0c elementor-section-stretched elementor-section-full_width elementor-section-content-middle elementor-section-height-default elementor-section-height-default wpr-particle-no wpr-jarallax-no wpr-parallax-no wpr-sticky-section-no\" data-id=\"58ded0c\" data-element_type=\"section\" data-settings=\"{&quot;stretch_section&quot;:&quot;section-stretched&quot;,&quot;background_background&quot;:&quot;classic&quot;}\">\n\t\t\t\t\t\t<div class=\"elementor-container elementor-column-gap-wider\">\n\t\t\t\t\t<div class=\"elementor-column elementor-col-50 elementor-top-column elementor-element elementor-element-4130351\" data-id=\"4130351\" data-element_type=\"column\" data-settings=\"{&quot;background_background&quot;:&quot;classic&quot;}\">\n\t\t\t<div class=\"elementor-widget-wrap elementor-element-populated\">\n\t\t\t\t\t\t<div class=\"elementor-element elementor-element-7ea50ef elementor-widget elementor-widget-spacer\" data-id=\"7ea50ef\" data-element_type=\"widget\" data-widget_type=\"spacer.default\">\n\t\t\t\t<div class=\"elementor-widget-container\">\n\t\t\t\t\t\t\t<div class=\"elementor-spacer\">\n\t\t\t<div class=\"elementor-spacer-inner\"><\/div>\n\t\t<\/div>\n\t\t\t\t\t\t<\/div>\n\t\t\t\t<\/div>\n\t\t\t\t\t<\/div>\n\t\t<\/div>\n\t\t\t\t<div class=\"elementor-column elementor-col-50 elementor-top-column elementor-element elementor-element-df5ffed\" data-id=\"df5ffed\" data-element_type=\"column\">\n\t\t\t<div class=\"elementor-widget-wrap elementor-element-populated\">\n\t\t\t\t\t\t<section class=\"elementor-section elementor-inner-section elementor-element elementor-element-c3e9ae3 elementor-section-boxed elementor-section-height-default elementor-section-height-default wpr-particle-no wpr-jarallax-no wpr-parallax-no wpr-sticky-section-no\" data-id=\"c3e9ae3\" data-element_type=\"section\">\n\t\t\t\t\t\t<div class=\"elementor-container elementor-column-gap-default\">\n\t\t\t\t\t<div class=\"elementor-column elementor-col-100 elementor-inner-column elementor-element elementor-element-bbb710f\" data-id=\"bbb710f\" data-element_type=\"column\">\n\t\t\t<div class=\"elementor-widget-wrap elementor-element-populated\">\n\t\t\t\t\t\t<div class=\"elementor-element elementor-element-394db28 elementor-widget elementor-widget-heading\" data-id=\"394db28\" data-element_type=\"widget\" data-widget_type=\"heading.default\">\n\t\t\t\t<div class=\"elementor-widget-container\">\n\t\t\t\t\t<h2 class=\"elementor-heading-title elementor-size-default\">Pourquoi tout a commenc\u00e9<\/h2>\t\t\t\t<\/div>\n\t\t\t\t<\/div>\n\t\t\t\t<div class=\"elementor-element elementor-element-3968337 elementor-widget elementor-widget-heading\" data-id=\"3968337\" data-element_type=\"widget\" data-widget_type=\"heading.default\">\n\t\t\t\t<div class=\"elementor-widget-container\">\n\t\t\t\t\t<h2 class=\"elementor-heading-title elementor-size-default\">Notre mission<\/h2>\t\t\t\t<\/div>\n\t\t\t\t<\/div>\n\t\t\t\t<div class=\"elementor-element elementor-element-eab01dd elementor-widget-divider--view-line elementor-widget elementor-widget-divider\" data-id=\"eab01dd\" data-element_type=\"widget\" data-widget_type=\"divider.default\">\n\t\t\t\t<div class=\"elementor-widget-container\">\n\t\t\t\t\t\t\t<div class=\"elementor-divider\">\n\t\t\t<span class=\"elementor-divider-separator\">\n\t\t\t\t\t\t<\/span>\n\t\t<\/div>\n\t\t\t\t\t\t<\/div>\n\t\t\t\t<\/div>\n\t\t\t\t<div class=\"elementor-element elementor-element-059615a elementor-widget elementor-widget-text-editor\" data-id=\"059615a\" data-element_type=\"widget\" data-widget_type=\"text-editor.default\">\n\t\t\t\t<div class=\"elementor-widget-container\">\n\t\t\t\t\t\t\t\t\t<p>L&rsquo;un des \u00e9l\u00e9ments cl\u00e9s de notre mission est d&rsquo;aider \u00e0 identifier les jeunes joueurs d&rsquo;\u00e9lite arm\u00e9niens dans la diaspora et de les pr\u00e9senter \u00e0 la F\u00e9d\u00e9ration de football d&rsquo;Arm\u00e9nie (FFA). Cette opportunit\u00e9 unique pourrait inviter certains de ces joueurs de haut niveau \u00e0 jouer au football international pour les \u00e9quipes nationales arm\u00e9niennes de jeunes. Nous avons eu la chance de former un partenariat officiel avec la FFA pour aider \u00e0 d\u00e9couvrir, \u00e9valuer et faire progresser ces joueurs du monde entier dans le r\u00e9seau de la FFA.<\/p>\n<p>Nous pensons que la possibilit\u00e9 d&rsquo;identifier et de d\u00e9velopper des joueurs arm\u00e9niens bas\u00e9s aux \u00c9tats-Unis pour la FFA sera non seulement une formidable opportunit\u00e9 pour les jeunes joueurs, mais profitera \u00e9galement \u00e0 la FFA et aux acad\u00e9mies de football locales qui sont impliqu\u00e9es dans l&rsquo;entra\u00eenement et le d\u00e9veloppement de ces joueurs.<\/p>\n\t\t\t\t\t\t\t\t<\/div>\n\t\t\t\t<\/div>\n\t\t\t\t\t<\/div>\n\t\t<\/div>\n\t\t\t\t\t<\/div>\n\t\t<\/section>\n\t\t\t\t\t<\/div>\n\t\t<\/div>\n\t\t\t\t\t<\/div>\n\t\t<\/section>\n\t\t\t\t<section class=\"elementor-section elementor-top-section elementor-element elementor-element-292e1c7 elementor-section-stretched elementor-section-full_width elementor-reverse-mobile elementor-section-height-default elementor-section-height-default wpr-particle-no wpr-jarallax-no wpr-parallax-no wpr-sticky-section-no\" data-id=\"292e1c7\" data-element_type=\"section\" data-settings=\"{&quot;stretch_section&quot;:&quot;section-stretched&quot;,&quot;background_background&quot;:&quot;classic&quot;}\">\n\t\t\t\t\t\t<div class=\"elementor-container elementor-column-gap-narrow\">\n\t\t\t\t\t<div class=\"elementor-column elementor-col-50 elementor-top-column elementor-element elementor-element-c5e12e7\" data-id=\"c5e12e7\" data-element_type=\"column\">\n\t\t\t<div class=\"elementor-widget-wrap elementor-element-populated\">\n\t\t\t\t\t\t<section class=\"elementor-section elementor-inner-section elementor-element elementor-element-eb9694a elementor-section-boxed elementor-section-height-default elementor-section-height-default wpr-particle-no wpr-jarallax-no wpr-parallax-no wpr-sticky-section-no\" data-id=\"eb9694a\" data-element_type=\"section\">\n\t\t\t\t\t\t<div class=\"elementor-container elementor-column-gap-default\">\n\t\t\t\t\t<div class=\"elementor-column elementor-col-100 elementor-inner-column elementor-element elementor-element-0fa5813\" data-id=\"0fa5813\" data-element_type=\"column\">\n\t\t\t<div class=\"elementor-widget-wrap elementor-element-populated\">\n\t\t\t\t\t\t<div class=\"elementor-element elementor-element-c62d4c4 elementor-widget elementor-widget-heading\" data-id=\"c62d4c4\" data-element_type=\"widget\" data-widget_type=\"heading.default\">\n\t\t\t\t<div class=\"elementor-widget-container\">\n\t\t\t\t\t<h2 class=\"elementor-heading-title elementor-size-default\">Les opportunit\u00e9s que nous offrons<\/h2>\t\t\t\t<\/div>\n\t\t\t\t<\/div>\n\t\t\t\t<div class=\"elementor-element elementor-element-a97a52c elementor-widget elementor-widget-heading\" data-id=\"a97a52c\" data-element_type=\"widget\" data-widget_type=\"heading.default\">\n\t\t\t\t<div class=\"elementor-widget-container\">\n\t\t\t\t\t<h2 class=\"elementor-heading-title elementor-size-default\">Que re\u00e7oivent les joueurs ?<\/h2>\t\t\t\t<\/div>\n\t\t\t\t<\/div>\n\t\t\t\t<div class=\"elementor-element elementor-element-038a72d elementor-widget-divider--view-line elementor-widget elementor-widget-divider\" data-id=\"038a72d\" data-element_type=\"widget\" data-widget_type=\"divider.default\">\n\t\t\t\t<div class=\"elementor-widget-container\">\n\t\t\t\t\t\t\t<div class=\"elementor-divider\">\n\t\t\t<span class=\"elementor-divider-separator\">\n\t\t\t\t\t\t<\/span>\n\t\t<\/div>\n\t\t\t\t\t\t<\/div>\n\t\t\t\t<\/div>\n\t\t\t\t<div class=\"elementor-element elementor-element-6cda838 elementor-widget elementor-widget-text-editor\" data-id=\"6cda838\" data-element_type=\"widget\" data-widget_type=\"text-editor.default\">\n\t\t\t\t<div class=\"elementor-widget-container\">\n\t\t\t\t\t\t\t\t\tLes avantages pour les joueurs s\u00e9lectionn\u00e9s sont nombreux :\n<br><br>\n<ul>\n<li>le d\u00e9veloppement d&rsquo;un joueur capable de rivaliser avec les meilleurs joueurs de son groupe d&rsquo;\u00e2ge, <\/li>\n<li>l&rsquo;occasion d&rsquo;ajouter les voyages internationaux et la comp\u00e9tition au plus haut niveau,<\/li>\n<li>une exposition aux meilleurs clubs de football du monde et aux recruteurs professionnels,<\/li>\n<li>l&rsquo;occasion de repr\u00e9senter l&rsquo;Arm\u00e9nie,<\/li>\n<li>et enfin, mais non des moindres, une exposition aux meilleures recrues universitaires.<\/li>\n<\/ul>\n<br>\n\nEn fin de compte, vu le succ\u00e8s de ce programme, nous aimerions reproduire ce mod\u00e8le pour le recrutement de joueurs arm\u00e9niens dans d&rsquo;autres pays. PAYFA est une organisation \u00e0 but non lucratif (501(3)c) et tous les dons permettant de mener \u00e0 bien notre mission sont encourag\u00e9s et appr\u00e9ci\u00e9s.\t\t\t\t\t\t\t\t<\/div>\n\t\t\t\t<\/div>\n\t\t\t\t\t<\/div>\n\t\t<\/div>\n\t\t\t\t\t<\/div>\n\t\t<\/section>\n\t\t\t\t\t<\/div>\n\t\t<\/div>\n\t\t\t\t<div class=\"elementor-column elementor-col-50 elementor-top-column elementor-element elementor-element-c1f04ed\" data-id=\"c1f04ed\" data-element_type=\"column\" data-settings=\"{&quot;background_background&quot;:&quot;classic&quot;}\">\n\t\t\t<div class=\"elementor-widget-wrap elementor-element-populated\">\n\t\t\t\t\t\t<div class=\"elementor-element elementor-element-3acb17a elementor-widget elementor-widget-spacer\" data-id=\"3acb17a\" data-element_type=\"widget\" data-widget_type=\"spacer.default\">\n\t\t\t\t<div class=\"elementor-widget-container\">\n\t\t\t\t\t\t\t<div class=\"elementor-spacer\">\n\t\t\t<div class=\"elementor-spacer-inner\"><\/div>\n\t\t<\/div>\n\t\t\t\t\t\t<\/div>\n\t\t\t\t<\/div>\n\t\t\t\t\t<\/div>\n\t\t<\/div>\n\t\t\t\t\t<\/div>\n\t\t<\/section>\n\t\t\t\t<\/div>\n\t\t","protected":false},"excerpt":{"rendered":"<p>A propos de nous : Notre histoire Comment tout a commenc\u00e9 La F\u00e9d\u00e9ration panarm\u00e9nienne de football (PAYFA) a \u00e9t\u00e9 cr\u00e9\u00e9e. La Pan-Armenian Football Association (PAYFA) a \u00e9t\u00e9 fond\u00e9e en Californie du Sud par des Am\u00e9ricains d&rsquo;origine arm\u00e9nienne qui souhaitaient allier leurs obligations envers leur pays d&rsquo;origine, l&rsquo;Arm\u00e9nie, \u00e0 leur passion pour le football, commun\u00e9ment appel\u00e9 le \u00ab\u00a0Beautiful Game\u00a0\u00bb. La pierre angulaire du r\u00f4le de la PAYFA est d&rsquo;encourager et d&rsquo;aider les jeunes joueurs d&rsquo;origine arm\u00e9nienne \u00e0 poursuivre leur r\u00eave de faire du futbol une carri\u00e8re professionnelle ou de jouer au football au niveau universitaire. Avec cet objectif en t\u00eate, nous utiliserons le plus grand nombre de nos ressources personnelles et communautaires pour identifier un r\u00e9seau mondial de jeunes joueurs arm\u00e9niens talentueux. Pourquoi tout a commenc\u00e9 Notre mission L&rsquo;un des \u00e9l\u00e9ments cl\u00e9s de notre mission est d&rsquo;aider \u00e0 identifier les jeunes joueurs d&rsquo;\u00e9lite arm\u00e9niens dans la diaspora et de les pr\u00e9senter \u00e0 la F\u00e9d\u00e9ration de football d&rsquo;Arm\u00e9nie (FFA). Cette opportunit\u00e9 unique pourrait inviter certains de ces joueurs de haut niveau \u00e0 jouer au football international pour les \u00e9quipes nationales arm\u00e9niennes de jeunes. Nous avons eu la chance de former un partenariat officiel avec la FFA pour aider \u00e0 d\u00e9couvrir, \u00e9valuer et faire progresser ces joueurs du monde entier dans le r\u00e9seau de la FFA. Nous pensons que la possibilit\u00e9 d&rsquo;identifier et de d\u00e9velopper des joueurs arm\u00e9niens bas\u00e9s aux \u00c9tats-Unis pour la FFA sera non seulement une formidable opportunit\u00e9 pour les jeunes joueurs, mais profitera \u00e9galement \u00e0 la FFA et aux acad\u00e9mies de football locales qui sont impliqu\u00e9es dans l&rsquo;entra\u00eenement et le d\u00e9veloppement de ces joueurs. Les opportunit\u00e9s que nous offrons Que re\u00e7oivent les joueurs ? Les avantages pour les joueurs s\u00e9lectionn\u00e9s sont nombreux : le d\u00e9veloppement d&rsquo;un joueur capable de rivaliser avec les meilleurs joueurs de son groupe d&rsquo;\u00e2ge, l&rsquo;occasion d&rsquo;ajouter les voyages internationaux et la comp\u00e9tition au plus haut niveau, une exposition aux meilleurs clubs de football du monde et aux recruteurs professionnels, l&rsquo;occasion de repr\u00e9senter l&rsquo;Arm\u00e9nie, et enfin, mais non des moindres, une exposition aux meilleures recrues universitaires. En fin de compte, vu le succ\u00e8s de ce programme, nous aimerions reproduire ce mod\u00e8le pour le recrutement de joueurs arm\u00e9niens dans d&rsquo;autres pays. PAYFA est une organisation \u00e0 but non lucratif (501(3)c) et tous les dons permettant de mener \u00e0 bien notre mission sont encourag\u00e9s et appr\u00e9ci\u00e9s.<\/p>\n","protected":false},"author":1,"featured_media":3534,"parent":0,"menu_order":0,"comment_status":"closed","ping_status":"closed","template":"elementor_header_footer","meta":{"give_campaign_id":0,"inline_featured_image":false,"footnotes":""},"class_list":["post-3726","page","type-page","status-publish","has-post-thumbnail","hentry"],"campaignId":"","_links":{"self":[{"href":"https:\/\/payfa.org\/fr\/wp-json\/wp\/v2\/pages\/3726","targetHints":{"allow":["GET"]}}],"collection":[{"href":"https:\/\/payfa.org\/fr\/wp-json\/wp\/v2\/pages"}],"about":[{"href":"https:\/\/payfa.org\/fr\/wp-json\/wp\/v2\/types\/page"}],"author":[{"embeddable":true,"href":"https:\/\/payfa.org\/fr\/wp-json\/wp\/v2\/users\/1"}],"replies":[{"embeddable":true,"href":"https:\/\/payfa.org\/fr\/wp-json\/wp\/v2\/comments?post=3726"}],"version-history":[{"count":1,"href":"https:\/\/payfa.org\/fr\/wp-json\/wp\/v2\/pages\/3726\/revisions"}],"predecessor-version":[{"id":3730,"href":"https:\/\/payfa.org\/fr\/wp-json\/wp\/v2\/pages\/3726\/revisions\/3730"}],"wp:featuredmedia":[{"embeddable":true,"href":"https:\/\/payfa.org\/fr\/wp-json\/wp\/v2\/media\/3534"}],"wp:attachment":[{"href":"https:\/\/payfa.org\/fr\/wp-json\/wp\/v2\/media?parent=3726"}],"curies":[{"name":"wp","href":"https:\/\/api.w.org\/{rel}","templated":true}]}}