{"id":3838,"date":"2023-09-23T22:10:38","date_gmt":"2023-09-23T22:10:38","guid":{"rendered":"https:\/\/payfa.org\/ce-que-nous-faisons\/"},"modified":"2024-02-04T17:45:30","modified_gmt":"2024-02-04T17:45:30","slug":"ce-que-nous-faisons","status":"publish","type":"page","link":"https:\/\/payfa.org\/fr\/ce-que-nous-faisons\/","title":{"rendered":"Ce que nous faisons"},"content":{"rendered":"\t\t<div data-elementor-type=\"wp-page\" data-elementor-id=\"3838\" class=\"elementor elementor-3838 elementor-451\">\n\t\t\t\t<div class=\"elementor-element elementor-element-380147e4 e-grid e-con-full wpr-particle-no wpr-jarallax-no wpr-parallax-no wpr-sticky-section-no e-con e-parent\" data-id=\"380147e4\" data-element_type=\"container\" data-settings=\"{&quot;background_background&quot;:&quot;classic&quot;}\">\n\t\t<div class=\"elementor-element elementor-element-6502e794 e-grid e-con-boxed wpr-particle-no wpr-jarallax-no wpr-parallax-no wpr-sticky-section-no e-con e-child\" data-id=\"6502e794\" data-element_type=\"container\">\n\t\t\t\t\t<div class=\"e-con-inner\">\n\t\t\t\t<div class=\"elementor-element elementor-element-3f4f6078 elementor-widget elementor-widget-heading\" data-id=\"3f4f6078\" data-element_type=\"widget\" data-widget_type=\"heading.default\">\n\t\t\t\t<div class=\"elementor-widget-container\">\n\t\t\t\t\t<h2 class=\"elementor-heading-title elementor-size-default\">A propos de nous : Ce que nous faisons<\/h2>\t\t\t\t<\/div>\n\t\t\t\t<\/div>\n\t\t\t\t\t<\/div>\n\t\t\t\t<\/div>\n\t\t\t\t<\/div>\n\t\t\t\t<section class=\"elementor-section elementor-top-section elementor-element elementor-element-25bbd395 elementor-section-content-middle elementor-section-stretched elementor-section-height-min-height elementor-section-boxed elementor-section-height-default elementor-section-items-middle wpr-particle-no wpr-jarallax-no wpr-parallax-no wpr-sticky-section-no\" data-id=\"25bbd395\" data-element_type=\"section\" id=\"about\" data-settings=\"{&quot;stretch_section&quot;:&quot;section-stretched&quot;,&quot;background_background&quot;:&quot;classic&quot;}\">\n\t\t\t\t\t\t<div class=\"elementor-container elementor-column-gap-default\">\n\t\t\t\t\t<div class=\"elementor-column elementor-col-100 elementor-top-column elementor-element elementor-element-5562daf2\" data-id=\"5562daf2\" data-element_type=\"column\">\n\t\t\t<div class=\"elementor-widget-wrap elementor-element-populated\">\n\t\t\t\t\t\t<section class=\"elementor-section elementor-inner-section elementor-element elementor-element-2cb55226 elementor-section-boxed elementor-section-height-default elementor-section-height-default wpr-particle-no wpr-jarallax-no wpr-parallax-no wpr-sticky-section-no\" data-id=\"2cb55226\" data-element_type=\"section\">\n\t\t\t\t\t\t<div class=\"elementor-container elementor-column-gap-default\">\n\t\t\t\t\t<div class=\"elementor-column elementor-col-100 elementor-inner-column elementor-element elementor-element-3e048623\" data-id=\"3e048623\" data-element_type=\"column\">\n\t\t\t<div class=\"elementor-widget-wrap elementor-element-populated\">\n\t\t\t\t\t\t<div class=\"elementor-element elementor-element-3c209b4c elementor-widget elementor-widget-heading\" data-id=\"3c209b4c\" data-element_type=\"widget\" data-widget_type=\"heading.default\">\n\t\t\t\t<div class=\"elementor-widget-container\">\n\t\t\t\t\t<h2 class=\"elementor-heading-title elementor-size-default\">Poursuivre vos r\u00eaves de football en tant que carri\u00e8re professionnelle potentielle ou en tant que joueur au niveau universitaire.<\/h2>\t\t\t\t<\/div>\n\t\t\t\t<\/div>\n\t\t\t\t<div class=\"elementor-element elementor-element-3ebb0937 elementor-widget elementor-widget-heading\" data-id=\"3ebb0937\" data-element_type=\"widget\" data-widget_type=\"heading.default\">\n\t\t\t\t<div class=\"elementor-widget-container\">\n\t\t\t\t\t<h2 class=\"elementor-heading-title elementor-size-default\">Ce que nous faisons<\/h2>\t\t\t\t<\/div>\n\t\t\t\t<\/div>\n\t\t\t\t\t<\/div>\n\t\t<\/div>\n\t\t\t\t\t<\/div>\n\t\t<\/section>\n\t\t\t\t<section class=\"elementor-section elementor-inner-section elementor-element elementor-element-4479d7d8 elementor-section-boxed elementor-section-height-default elementor-section-height-default wpr-particle-no wpr-jarallax-no wpr-parallax-no wpr-sticky-section-no\" data-id=\"4479d7d8\" data-element_type=\"section\">\n\t\t\t\t\t\t<div class=\"elementor-container elementor-column-gap-no\">\n\t\t\t\t\t<div class=\"elementor-column elementor-col-100 elementor-inner-column elementor-element elementor-element-1e92d833\" data-id=\"1e92d833\" data-element_type=\"column\">\n\t\t\t<div class=\"elementor-widget-wrap elementor-element-populated\">\n\t\t\t\t\t\t<div class=\"elementor-element elementor-element-7f2c345d elementor-widget-divider--view-line elementor-widget elementor-widget-divider\" data-id=\"7f2c345d\" data-element_type=\"widget\" data-widget_type=\"divider.default\">\n\t\t\t\t<div class=\"elementor-widget-container\">\n\t\t\t\t\t\t\t<div class=\"elementor-divider\">\n\t\t\t<span class=\"elementor-divider-separator\">\n\t\t\t\t\t\t<\/span>\n\t\t<\/div>\n\t\t\t\t\t\t<\/div>\n\t\t\t\t<\/div>\n\t\t\t\t<div class=\"elementor-element elementor-element-552dfa06 elementor-widget elementor-widget-text-editor\" data-id=\"552dfa06\" data-element_type=\"widget\" data-widget_type=\"text-editor.default\">\n\t\t\t\t<div class=\"elementor-widget-container\">\n\t\t\t\t\t\t\t\t\t<p>La Pan-Armenian Youth Futbol Association (PAYFA) a pour mission d&rsquo;identifier les jeunes joueurs de football talentueux d&rsquo;origine arm\u00e9nienne dans la diaspora et de faciliter leur int\u00e9gration dans le vaste r\u00e9seau de la F\u00e9d\u00e9ration de football d&rsquo;Arm\u00e9nie. Cette initiative permettra de rassembler la jeunesse arm\u00e9nienne au sein d&rsquo;une communaut\u00e9 qui partage une passion pour le sport du futbol et de promouvoir des amiti\u00e9s \u00e0 vie. Notre organisation vise \u00e0 fournir ce soutien global, ces ressources et ce mentorat aux jeunes Arm\u00e9niens afin qu&rsquo;ils atteignent leurs objectifs personnels, tant sur le terrain qu&rsquo;en dehors.<\/p>\n<p>La F\u00e9d\u00e9ration arm\u00e9nienne de football (FFA) s&rsquo;est officiellement associ\u00e9e \u00e0 notre organisation, la Pan Armenian Youth Futbol Association (PAYFA), pour lancer le processus de recrutement au nom de la FFA. Voir l'\u00a0\u00bbAnnonce de partenariat et d&rsquo;autorisation\u00a0\u00bb ci-jointe.<\/p>\n\t\t\t\t\t\t\t\t<\/div>\n\t\t\t\t<\/div>\n\t\t\t\t\t<\/div>\n\t\t<\/div>\n\t\t\t\t\t<\/div>\n\t\t<\/section>\n\t\t\t\t\t<\/div>\n\t\t<\/div>\n\t\t\t\t\t<\/div>\n\t\t<\/section>\n\t\t\t\t<section class=\"elementor-section elementor-top-section elementor-element elementor-element-5c7222ba elementor-section-stretched elementor-section-content-middle elementor-reverse-mobile elementor-section-boxed elementor-section-height-default elementor-section-height-default wpr-particle-no wpr-jarallax-no wpr-parallax-no wpr-sticky-section-no\" data-id=\"5c7222ba\" data-element_type=\"section\" id=\"nominate\" data-settings=\"{&quot;stretch_section&quot;:&quot;section-stretched&quot;,&quot;background_background&quot;:&quot;classic&quot;,&quot;shape_divider_top&quot;:&quot;tilt&quot;}\">\n\t\t\t\t\t<div class=\"elementor-shape elementor-shape-top\" aria-hidden=\"true\" data-negative=\"false\">\n\t\t\t<svg xmlns=\"http:\/\/www.w3.org\/2000\/svg\" viewBox=\"0 0 1000 100\" preserveAspectRatio=\"none\">\n\t<path class=\"elementor-shape-fill\" d=\"M0,6V0h1000v100L0,6z\"\/>\n<\/svg>\t\t<\/div>\n\t\t\t\t\t<div class=\"elementor-container elementor-column-gap-wider\">\n\t\t\t\t\t<div class=\"elementor-column elementor-col-100 elementor-top-column elementor-element elementor-element-63d1a5be\" data-id=\"63d1a5be\" data-element_type=\"column\">\n\t\t\t<div class=\"elementor-widget-wrap elementor-element-populated\">\n\t\t\t\t\t\t<div class=\"elementor-element elementor-element-4206c1f5 elementor-widget elementor-widget-spacer\" data-id=\"4206c1f5\" data-element_type=\"widget\" data-widget_type=\"spacer.default\">\n\t\t\t\t<div class=\"elementor-widget-container\">\n\t\t\t\t\t\t\t<div class=\"elementor-spacer\">\n\t\t\t<div class=\"elementor-spacer-inner\"><\/div>\n\t\t<\/div>\n\t\t\t\t\t\t<\/div>\n\t\t\t\t<\/div>\n\t\t\t\t<section class=\"elementor-section elementor-inner-section elementor-element elementor-element-3434fb7e elementor-section-content-middle elementor-section-boxed elementor-section-height-default elementor-section-height-default wpr-particle-no wpr-jarallax-no wpr-parallax-no wpr-sticky-section-no\" data-id=\"3434fb7e\" data-element_type=\"section\" data-settings=\"{&quot;background_background&quot;:&quot;classic&quot;}\">\n\t\t\t\t\t\t<div class=\"elementor-container elementor-column-gap-wider\">\n\t\t\t\t\t<div class=\"elementor-column elementor-col-100 elementor-inner-column elementor-element elementor-element-6333b6c1\" data-id=\"6333b6c1\" data-element_type=\"column\" data-settings=\"{&quot;background_background&quot;:&quot;classic&quot;}\">\n\t\t\t<div class=\"elementor-widget-wrap elementor-element-populated\">\n\t\t\t\t\t\t<div class=\"elementor-element elementor-element-58467d0 elementor-widget elementor-widget-image\" data-id=\"58467d0\" data-element_type=\"widget\" data-widget_type=\"image.default\">\n\t\t\t\t<div class=\"elementor-widget-container\">\n\t\t\t\t\t\t\t\t\t\t\t\t\t\t\t<img fetchpriority=\"high\" decoding=\"async\" width=\"1448\" height=\"2048\" src=\"https:\/\/payfa.org\/wp-content\/uploads\/2023\/09\/Announcement-of-Partnership-and-Authorization-1-1-1448x2048-1.png\" class=\"attachment-full size-full wp-image-3839\" alt=\"\" srcset=\"https:\/\/payfa.org\/wp-content\/uploads\/2023\/09\/Announcement-of-Partnership-and-Authorization-1-1-1448x2048-1.png 1448w, https:\/\/payfa.org\/wp-content\/uploads\/2023\/09\/Announcement-of-Partnership-and-Authorization-1-1-1448x2048-1-212x300.png 212w, https:\/\/payfa.org\/wp-content\/uploads\/2023\/09\/Announcement-of-Partnership-and-Authorization-1-1-1448x2048-1-724x1024.png 724w, https:\/\/payfa.org\/wp-content\/uploads\/2023\/09\/Announcement-of-Partnership-and-Authorization-1-1-1448x2048-1-768x1086.png 768w, https:\/\/payfa.org\/wp-content\/uploads\/2023\/09\/Announcement-of-Partnership-and-Authorization-1-1-1448x2048-1-1086x1536.png 1086w\" sizes=\"(max-width: 1448px) 100vw, 1448px\" \/>\t\t\t\t\t\t\t\t\t\t\t\t\t\t\t<\/div>\n\t\t\t\t<\/div>\n\t\t\t\t\t<\/div>\n\t\t<\/div>\n\t\t\t\t\t<\/div>\n\t\t<\/section>\n\t\t\t\t<div class=\"elementor-element elementor-element-18995cfc elementor-widget elementor-widget-spacer\" data-id=\"18995cfc\" data-element_type=\"widget\" data-widget_type=\"spacer.default\">\n\t\t\t\t<div class=\"elementor-widget-container\">\n\t\t\t\t\t\t\t<div class=\"elementor-spacer\">\n\t\t\t<div class=\"elementor-spacer-inner\"><\/div>\n\t\t<\/div>\n\t\t\t\t\t\t<\/div>\n\t\t\t\t<\/div>\n\t\t\t\t\t<\/div>\n\t\t<\/div>\n\t\t\t\t\t<\/div>\n\t\t<\/section>\n\t\t\t\t<\/div>\n\t\t","protected":false},"excerpt":{"rendered":"<p>A propos de nous : Ce que nous faisons Poursuivre vos r\u00eaves de football en tant que carri\u00e8re professionnelle potentielle ou en tant que joueur au niveau universitaire. Ce que nous faisons La Pan-Armenian Youth Futbol Association (PAYFA) a pour mission d&rsquo;identifier les jeunes joueurs de football talentueux d&rsquo;origine arm\u00e9nienne dans la diaspora et de faciliter leur int\u00e9gration dans le vaste r\u00e9seau de la F\u00e9d\u00e9ration de football d&rsquo;Arm\u00e9nie. Cette initiative permettra de rassembler la jeunesse arm\u00e9nienne au sein d&rsquo;une communaut\u00e9 qui partage une passion pour le sport du futbol et de promouvoir des amiti\u00e9s \u00e0 vie. Notre organisation vise \u00e0 fournir ce soutien global, ces ressources et ce mentorat aux jeunes Arm\u00e9niens afin qu&rsquo;ils atteignent leurs objectifs personnels, tant sur le terrain qu&rsquo;en dehors. La F\u00e9d\u00e9ration arm\u00e9nienne de football (FFA) s&rsquo;est officiellement associ\u00e9e \u00e0 notre organisation, la Pan Armenian Youth Futbol Association (PAYFA), pour lancer le processus de recrutement au nom de la FFA. Voir l&rsquo;\u00a0\u00bbAnnonce de partenariat et d&rsquo;autorisation\u00a0\u00bb ci-jointe.<\/p>\n","protected":false},"author":1,"featured_media":3534,"parent":0,"menu_order":0,"comment_status":"closed","ping_status":"closed","template":"elementor_header_footer","meta":{"give_campaign_id":0,"inline_featured_image":false,"footnotes":""},"class_list":["post-3838","page","type-page","status-publish","has-post-thumbnail","hentry"],"campaignId":"","_links":{"self":[{"href":"https:\/\/payfa.org\/fr\/wp-json\/wp\/v2\/pages\/3838","targetHints":{"allow":["GET"]}}],"collection":[{"href":"https:\/\/payfa.org\/fr\/wp-json\/wp\/v2\/pages"}],"about":[{"href":"https:\/\/payfa.org\/fr\/wp-json\/wp\/v2\/types\/page"}],"author":[{"embeddable":true,"href":"https:\/\/payfa.org\/fr\/wp-json\/wp\/v2\/users\/1"}],"replies":[{"embeddable":true,"href":"https:\/\/payfa.org\/fr\/wp-json\/wp\/v2\/comments?post=3838"}],"version-history":[{"count":1,"href":"https:\/\/payfa.org\/fr\/wp-json\/wp\/v2\/pages\/3838\/revisions"}],"predecessor-version":[{"id":3840,"href":"https:\/\/payfa.org\/fr\/wp-json\/wp\/v2\/pages\/3838\/revisions\/3840"}],"wp:featuredmedia":[{"embeddable":true,"href":"https:\/\/payfa.org\/fr\/wp-json\/wp\/v2\/media\/3534"}],"wp:attachment":[{"href":"https:\/\/payfa.org\/fr\/wp-json\/wp\/v2\/media?parent=3838"}],"curies":[{"name":"wp","href":"https:\/\/api.w.org\/{rel}","templated":true}]}}